{"id":10889,"date":"2018-01-25T23:51:00","date_gmt":"2018-01-26T04:51:00","guid":{"rendered":"https:\/\/capturetheatlas.com\/?page_id=10889"},"modified":"2023-01-12T18:14:20","modified_gmt":"2023-01-12T23:14:20","slug":"galeria-lofoten","status":"publish","type":"page","link":"https:\/\/capturetheatlas.com\/es\/galeria-lofoten\/","title":{"rendered":"Galer\u00eda Lofoten"},"content":{"rendered":"<div id=\"jig1\" class=\"justified-image-grid jig-d77003fa508d502e74c44ad4403d9ecb jig-preset-global jig-source-wp-gallery\"><div class=\"jig-clearfix\"><\/div><noscript id=\"jig1-html\" class=\"justified-image-grid-html\" data-lazy-src=\"skiplazyload\" data-src=\"skipunveillazyload\"><ul><li><a href=\"https:\/\/imgcap.capturetheatlas.com\/wp-content\/uploads\/2021\/01\/Hamnoy-magic-sunrise-Editar.jpg\"><img decoding=\"async\" src=\"https:\/\/imgcap.capturetheatlas.com\/wp-content\/uploads\/2021\/01\/Hamnoy-magic-sunrise-Editar-1024x684.jpg\" alt=\"Hamn\u00f8y, Islas Lofoten\" width=\"823\" height=\"550\" \/><\/a><p class=\"jig-HTMLdescription\">Hamn\u00f8y, Islas Lofoten<\/p><\/li><li><a href=\"https:\/\/imgcap.capturetheatlas.com\/wp-content\/uploads\/2021\/01\/FOM_2197-Editar-2.jpg\"><img decoding=\"async\" src=\"https:\/\/imgcap.capturetheatlas.com\/wp-content\/uploads\/2021\/01\/FOM_2197-Editar-2-1024x683.jpg\" alt=\"Flakstadpollen, Islas Lofoten\" width=\"824\" height=\"550\" \/><\/a><p class=\"jig-HTMLdescription\">Flakstadpollen, Islas Lofoten<\/p><\/li><li><a href=\"https:\/\/imgcap.capturetheatlas.com\/wp-content\/uploads\/2021\/01\/Uttakliev-madness-potholes.jpg\"><img decoding=\"async\" src=\"https:\/\/imgcap.capturetheatlas.com\/wp-content\/uploads\/2021\/01\/Uttakliev-madness-potholes-1024x684.jpg\" alt=\"Uttakleiv, Islas Lofoten\" width=\"823\" height=\"550\" \/><\/a><p class=\"jig-HTMLdescription\">Uttakleiv, Islas Lofoten<\/p><\/li><li><a href=\"https:\/\/imgcap.capturetheatlas.com\/wp-content\/uploads\/2021\/01\/Lofoten-Sund-sunset-2.jpg\"><img decoding=\"async\" src=\"https:\/\/imgcap.capturetheatlas.com\/wp-content\/uploads\/2021\/01\/Lofoten-Sund-sunset-2-1024x684.jpg\" alt=\"Sund, Islas Lofoten\" width=\"823\" height=\"550\" \/><\/a><p class=\"jig-HTMLdescription\">Sund, Islas Lofoten<\/p><\/li><li><a href=\"https:\/\/imgcap.capturetheatlas.com\/wp-content\/uploads\/2021\/01\/Natural-architecture.jpg\"><img decoding=\"async\" src=\"https:\/\/imgcap.capturetheatlas.com\/wp-content\/uploads\/2021\/01\/Natural-architecture-1024x684.jpg\" alt=\"Fredvang, Islas Lofoten\" width=\"823\" height=\"550\" \/><\/a><p class=\"jig-HTMLdescription\">Fredvang, Islas Lofoten<\/p><\/li><li><a href=\"https:\/\/imgcap.capturetheatlas.com\/wp-content\/uploads\/2021\/01\/Lofoten-winterwonderland-snow-FG.jpg\"><img decoding=\"async\" src=\"https:\/\/imgcap.capturetheatlas.com\/wp-content\/uploads\/2021\/01\/Lofoten-winterwonderland-snow-FG-1024x683.jpg\" alt=\"Ballstad, Islas Lofoten\" width=\"824\" height=\"550\" \/><\/a><p class=\"jig-HTMLdescription\">Ballstad, Islas Lofoten<\/p><\/li><li><a href=\"https:\/\/imgcap.capturetheatlas.com\/wp-content\/uploads\/2021\/01\/FOM_3470-Editar-Editar.jpg\"><img decoding=\"async\" src=\"https:\/\/imgcap.capturetheatlas.com\/wp-content\/uploads\/2021\/01\/FOM_3470-Editar-Editar-1024x684.jpg\" alt=\"Kasfjord, Islas Lofoten\" width=\"823\" height=\"550\" \/><\/a><p class=\"jig-HTMLdescription\">Kasfjord, Islas Lofoten<\/p><\/li><li><a href=\"https:\/\/imgcap.capturetheatlas.com\/wp-content\/uploads\/2021\/01\/Skagsanden-Patterns-horizontal.jpg\"><img decoding=\"async\" src=\"https:\/\/imgcap.capturetheatlas.com\/wp-content\/uploads\/2021\/01\/Skagsanden-Patterns-horizontal-1024x684.jpg\" alt=\"Skagsanden, Islas Lofoten\" width=\"823\" height=\"550\" \/><\/a><p class=\"jig-HTMLdescription\">Skagsanden, Islas Lofoten<\/p><\/li><li><a href=\"https:\/\/imgcap.capturetheatlas.com\/wp-content\/uploads\/2021\/01\/Planet-Lofoten.jpg\"><img decoding=\"async\" src=\"https:\/\/imgcap.capturetheatlas.com\/wp-content\/uploads\/2021\/01\/Planet-Lofoten-1024x684.jpg\" alt=\"Uttakleiv, Islas Lofoten\" width=\"823\" height=\"550\" \/><\/a><p class=\"jig-HTMLdescription\">Uttakleiv, Islas Lofoten<\/p><\/li><li><a href=\"https:\/\/imgcap.capturetheatlas.com\/wp-content\/uploads\/2021\/01\/Unstad-sunset.jpg\"><img decoding=\"async\" src=\"https:\/\/imgcap.capturetheatlas.com\/wp-content\/uploads\/2021\/01\/Unstad-sunset-1024x684.jpg\" alt=\"Unstad, Islas Lofoten\" width=\"823\" height=\"550\" \/><\/a><p class=\"jig-HTMLdescription\">Unstad, Islas Lofoten<\/p><\/li><li><a href=\"https:\/\/imgcap.capturetheatlas.com\/wp-content\/uploads\/2021\/01\/Early-Lofoten-Sunset-light.jpg\"><img decoding=\"async\" src=\"https:\/\/imgcap.capturetheatlas.com\/wp-content\/uploads\/2021\/01\/Early-Lofoten-Sunset-light-1024x689.jpg\" alt=\"Reine, Islas Lofoten\" width=\"817\" height=\"550\" \/><\/a><p class=\"jig-HTMLdescription\">Reine, Islas Lofoten<\/p><\/li><li><a href=\"https:\/\/imgcap.capturetheatlas.com\/wp-content\/uploads\/2021\/01\/Lofoten-Imminenti-Tempestas.jpg\"><img decoding=\"async\" src=\"https:\/\/imgcap.capturetheatlas.com\/wp-content\/uploads\/2021\/01\/Lofoten-Imminenti-Tempestas-1024x684.jpg\" alt=\"Vareid, Islas Lofoten\" width=\"823\" height=\"550\" \/><\/a><p class=\"jig-HTMLdescription\">Vareid, Islas Lofoten<\/p><\/li><li><a href=\"https:\/\/imgcap.capturetheatlas.com\/wp-content\/uploads\/2021\/01\/Holy-nordic-lights.jpg\"><img decoding=\"async\" src=\"https:\/\/imgcap.capturetheatlas.com\/wp-content\/uploads\/2021\/01\/Holy-nordic-lights-1024x684.jpg\" alt=\"Flakstad Church, Islas Lofoten\" width=\"823\" height=\"550\" \/><\/a><p class=\"jig-HTMLdescription\">Flakstad Church, Islas Lofoten<\/p><\/li><li><a href=\"https:\/\/imgcap.capturetheatlas.com\/wp-content\/uploads\/2021\/01\/Bloody-fishbowl.jpg\"><img decoding=\"async\" src=\"https:\/\/imgcap.capturetheatlas.com\/wp-content\/uploads\/2021\/01\/Bloody-fishbowl-929x1024.jpg\" alt=\"Storsandnes, Islas Lofoten\" width=\"498\" height=\"550\" \/><\/a><p class=\"jig-HTMLdescription\">Storsandnes, Islas Lofoten<\/p><\/li><li><a href=\"https:\/\/imgcap.capturetheatlas.com\/wp-content\/uploads\/2021\/01\/Gods-of-Reine.jpg\"><img decoding=\"async\" src=\"https:\/\/imgcap.capturetheatlas.com\/wp-content\/uploads\/2021\/01\/Gods-of-Reine-1024x684.jpg\" alt=\"Reinefjorden, Islas Lofoten\" width=\"823\" height=\"550\" \/><\/a><p class=\"jig-HTMLdescription\">Reinefjorden, Islas Lofoten<\/p><\/li><li><a href=\"https:\/\/imgcap.capturetheatlas.com\/wp-content\/uploads\/2021\/01\/DSC05274.jpg\"><img decoding=\"async\" src=\"https:\/\/imgcap.capturetheatlas.com\/wp-content\/uploads\/2021\/01\/DSC05274-1024x683.jpg\" alt=\"Sakris\u00f8y, Islas Lofoten\" width=\"824\" height=\"550\" \/><\/a><p class=\"jig-HTMLdescription\">Sakris\u00f8y, Islas Lofoten<\/p><\/li><\/ul><\/noscript><\/div>\n\n","protected":false},"excerpt":{"rendered":"","protected":false},"author":23,"featured_media":0,"parent":0,"menu_order":0,"comment_status":"closed","ping_status":"closed","template":"page-template\/galeria.php","meta":{"_acf_changed":false,"footnotes":""},"class_list":["post-10889","page","type-page","status-publish","hentry"],"acf":[],"yoast_head":"<!-- This site is optimized with the Yoast SEO Premium plugin v20.0 (Yoast SEO v26.4) - https:\/\/yoast.com\/wordpress\/plugins\/seo\/ -->\n<title>Galer\u00eda de las Islas Lofoten - Mejores im\u00e1genes de Dan Zafra<\/title>\n<meta name=\"description\" content=\"Selecci\u00f3n personal de las mejores fotograf\u00edas de los paisajes de las Islas de Lofoten y de la aurora boreal de Noruega por Dan Zafra.\" \/>\n<meta name=\"robots\" content=\"index, follow, max-snippet:-1, max-image-preview:large, max-video-preview:-1\" \/>\n<link rel=\"canonical\" href=\"https:\/\/capturetheatlas.com\/es\/galeria-lofoten\/\" \/>\n<meta property=\"og:locale\" content=\"es_ES\" \/>\n<meta property=\"og:type\" content=\"article\" \/>\n<meta property=\"og:title\" content=\"Galer\u00eda Lofoten\" \/>\n<meta property=\"og:description\" content=\"Selecci\u00f3n personal de las mejores fotograf\u00edas de los paisajes de las Islas de Lofoten y de la aurora boreal de Noruega por Dan Zafra.\" \/>\n<meta property=\"og:url\" content=\"https:\/\/capturetheatlas.com\/es\/galeria-lofoten\/\" \/>\n<meta property=\"og:site_name\" content=\"Capture the Atlas\" \/>\n<meta property=\"article:publisher\" content=\"https:\/\/www.facebook.com\/capturetheatlas\/\" \/>\n<meta property=\"article:modified_time\" content=\"2023-01-12T23:14:20+00:00\" \/>\n<meta property=\"og:image\" content=\"https:\/\/capturetheatlas.com\/wp-content\/uploads\/2021\/01\/Hamnoy-magic-sunrise-Editar-150x150.jpg\" \/>\n<script type=\"application\/ld+json\" class=\"yoast-schema-graph\">{\"@context\":\"https:\/\/schema.org\",\"@graph\":[{\"@type\":\"WebPage\",\"@id\":\"https:\/\/capturetheatlas.com\/es\/galeria-lofoten\/\",\"url\":\"https:\/\/capturetheatlas.com\/es\/galeria-lofoten\/\",\"name\":\"Galer\u00eda de las Islas Lofoten - Mejores im\u00e1genes de Dan Zafra\",\"isPartOf\":{\"@id\":\"https:\/\/capturetheatlas.com\/es\/#website\"},\"datePublished\":\"2018-01-26T04:51:00+00:00\",\"dateModified\":\"2023-01-12T23:14:20+00:00\",\"description\":\"Selecci\u00f3n personal de las mejores fotograf\u00edas de los paisajes de las Islas de Lofoten y de la aurora boreal de Noruega por Dan Zafra.\",\"breadcrumb\":{\"@id\":\"https:\/\/capturetheatlas.com\/es\/galeria-lofoten\/#breadcrumb\"},\"inLanguage\":\"es\",\"potentialAction\":[{\"@type\":\"ReadAction\",\"target\":[\"https:\/\/capturetheatlas.com\/es\/galeria-lofoten\/\"]}]},{\"@type\":\"BreadcrumbList\",\"@id\":\"https:\/\/capturetheatlas.com\/es\/galeria-lofoten\/#breadcrumb\",\"itemListElement\":[{\"@type\":\"ListItem\",\"position\":1,\"name\":\"Home\",\"item\":\"https:\/\/capturetheatlas.com\/es\/\"},{\"@type\":\"ListItem\",\"position\":2,\"name\":\"Galer\u00eda Lofoten\"}]},{\"@type\":\"WebSite\",\"@id\":\"https:\/\/capturetheatlas.com\/es\/#website\",\"url\":\"https:\/\/capturetheatlas.com\/es\/\",\"name\":\"Capture the Atlas\",\"description\":\"PHOTOGRAPHY \u00b7 TRAVEL \u00b7 ADVENTURE\",\"publisher\":{\"@id\":\"https:\/\/capturetheatlas.com\/es\/#organization\"},\"potentialAction\":[{\"@type\":\"SearchAction\",\"target\":{\"@type\":\"EntryPoint\",\"urlTemplate\":\"https:\/\/capturetheatlas.com\/es\/?s={search_term_string}\"},\"query-input\":{\"@type\":\"PropertyValueSpecification\",\"valueRequired\":true,\"valueName\":\"search_term_string\"}}],\"inLanguage\":\"es\"},{\"@type\":\"Organization\",\"@id\":\"https:\/\/capturetheatlas.com\/es\/#organization\",\"name\":\"Capture the Atlas\",\"url\":\"https:\/\/capturetheatlas.com\/es\/\",\"logo\":{\"@type\":\"ImageObject\",\"inLanguage\":\"es\",\"@id\":\"https:\/\/capturetheatlas.com\/es\/#\/schema\/logo\/image\/\",\"url\":\"https:\/\/imgcap.capturetheatlas.com\/wp-content\/uploads\/2024\/03\/PNG-white-background-small.png\",\"contentUrl\":\"https:\/\/imgcap.capturetheatlas.com\/wp-content\/uploads\/2024\/03\/PNG-white-background-small.png\",\"width\":500,\"height\":500,\"caption\":\"Capture the Atlas\"},\"image\":{\"@id\":\"https:\/\/capturetheatlas.com\/es\/#\/schema\/logo\/image\/\"},\"sameAs\":[\"https:\/\/www.facebook.com\/capturetheatlas\/\",\"https:\/\/x.com\/capturetheatlas\",\"https:\/\/www.instagram.com\/capturetheatlas\/\",\"https:\/\/www.youtube.com\/channel\/UCJJlhj2psDvxXGhR3CmDeZg\",\"https:\/\/pinterest.com\/capturetheatlas\/\",\"https:\/\/www.linkedin.com\/company\/capture-the-atlas\/\"]}]}<\/script>\n<!-- \/ Yoast SEO Premium plugin. -->","yoast_head_json":{"title":"Galer\u00eda de las Islas Lofoten - Mejores im\u00e1genes de Dan Zafra","description":"Selecci\u00f3n personal de las mejores fotograf\u00edas de los paisajes de las Islas de Lofoten y de la aurora boreal de Noruega por Dan Zafra.","robots":{"index":"index","follow":"follow","max-snippet":"max-snippet:-1","max-image-preview":"max-image-preview:large","max-video-preview":"max-video-preview:-1"},"canonical":"https:\/\/capturetheatlas.com\/es\/galeria-lofoten\/","og_locale":"es_ES","og_type":"article","og_title":"Galer\u00eda Lofoten","og_description":"Selecci\u00f3n personal de las mejores fotograf\u00edas de los paisajes de las Islas de Lofoten y de la aurora boreal de Noruega por Dan Zafra.","og_url":"https:\/\/capturetheatlas.com\/es\/galeria-lofoten\/","og_site_name":"Capture the Atlas","article_publisher":"https:\/\/www.facebook.com\/capturetheatlas\/","article_modified_time":"2023-01-12T23:14:20+00:00","og_image":[{"url":"https:\/\/capturetheatlas.com\/wp-content\/uploads\/2021\/01\/Hamnoy-magic-sunrise-Editar-150x150.jpg","type":"","width":"","height":""}],"schema":{"@context":"https:\/\/schema.org","@graph":[{"@type":"WebPage","@id":"https:\/\/capturetheatlas.com\/es\/galeria-lofoten\/","url":"https:\/\/capturetheatlas.com\/es\/galeria-lofoten\/","name":"Galer\u00eda de las Islas Lofoten - Mejores im\u00e1genes de Dan Zafra","isPartOf":{"@id":"https:\/\/capturetheatlas.com\/es\/#website"},"datePublished":"2018-01-26T04:51:00+00:00","dateModified":"2023-01-12T23:14:20+00:00","description":"Selecci\u00f3n personal de las mejores fotograf\u00edas de los paisajes de las Islas de Lofoten y de la aurora boreal de Noruega por Dan Zafra.","breadcrumb":{"@id":"https:\/\/capturetheatlas.com\/es\/galeria-lofoten\/#breadcrumb"},"inLanguage":"es","potentialAction":[{"@type":"ReadAction","target":["https:\/\/capturetheatlas.com\/es\/galeria-lofoten\/"]}]},{"@type":"BreadcrumbList","@id":"https:\/\/capturetheatlas.com\/es\/galeria-lofoten\/#breadcrumb","itemListElement":[{"@type":"ListItem","position":1,"name":"Home","item":"https:\/\/capturetheatlas.com\/es\/"},{"@type":"ListItem","position":2,"name":"Galer\u00eda Lofoten"}]},{"@type":"WebSite","@id":"https:\/\/capturetheatlas.com\/es\/#website","url":"https:\/\/capturetheatlas.com\/es\/","name":"Capture the Atlas","description":"PHOTOGRAPHY \u00b7 TRAVEL \u00b7 ADVENTURE","publisher":{"@id":"https:\/\/capturetheatlas.com\/es\/#organization"},"potentialAction":[{"@type":"SearchAction","target":{"@type":"EntryPoint","urlTemplate":"https:\/\/capturetheatlas.com\/es\/?s={search_term_string}"},"query-input":{"@type":"PropertyValueSpecification","valueRequired":true,"valueName":"search_term_string"}}],"inLanguage":"es"},{"@type":"Organization","@id":"https:\/\/capturetheatlas.com\/es\/#organization","name":"Capture the Atlas","url":"https:\/\/capturetheatlas.com\/es\/","logo":{"@type":"ImageObject","inLanguage":"es","@id":"https:\/\/capturetheatlas.com\/es\/#\/schema\/logo\/image\/","url":"https:\/\/imgcap.capturetheatlas.com\/wp-content\/uploads\/2024\/03\/PNG-white-background-small.png","contentUrl":"https:\/\/imgcap.capturetheatlas.com\/wp-content\/uploads\/2024\/03\/PNG-white-background-small.png","width":500,"height":500,"caption":"Capture the Atlas"},"image":{"@id":"https:\/\/capturetheatlas.com\/es\/#\/schema\/logo\/image\/"},"sameAs":["https:\/\/www.facebook.com\/capturetheatlas\/","https:\/\/x.com\/capturetheatlas","https:\/\/www.instagram.com\/capturetheatlas\/","https:\/\/www.youtube.com\/channel\/UCJJlhj2psDvxXGhR3CmDeZg","https:\/\/pinterest.com\/capturetheatlas\/","https:\/\/www.linkedin.com\/company\/capture-the-atlas\/"]}]}},"_links":{"self":[{"href":"https:\/\/capturetheatlas.com\/es\/wp-json\/wp\/v2\/pages\/10889","targetHints":{"allow":["GET"]}}],"collection":[{"href":"https:\/\/capturetheatlas.com\/es\/wp-json\/wp\/v2\/pages"}],"about":[{"href":"https:\/\/capturetheatlas.com\/es\/wp-json\/wp\/v2\/types\/page"}],"author":[{"embeddable":true,"href":"https:\/\/capturetheatlas.com\/es\/wp-json\/wp\/v2\/users\/23"}],"replies":[{"embeddable":true,"href":"https:\/\/capturetheatlas.com\/es\/wp-json\/wp\/v2\/comments?post=10889"}],"version-history":[{"count":0,"href":"https:\/\/capturetheatlas.com\/es\/wp-json\/wp\/v2\/pages\/10889\/revisions"}],"wp:attachment":[{"href":"https:\/\/capturetheatlas.com\/es\/wp-json\/wp\/v2\/media?parent=10889"}],"curies":[{"name":"wp","href":"https:\/\/api.w.org\/{rel}","templated":true}]}}