{"id":11143,"date":"2018-02-03T07:55:17","date_gmt":"2018-02-03T12:55:17","guid":{"rendered":"https:\/\/capturetheatlas.com\/?page_id=11143"},"modified":"2023-01-12T18:34:53","modified_gmt":"2023-01-12T23:34:53","slug":"politica-de-privacidad","status":"publish","type":"page","link":"https:\/\/capturetheatlas.com\/es\/politica-de-privacidad\/","title":{"rendered":"Pol\u00edtica de Privacidad"},"content":{"rendered":"<blockquote>\n<p style=\"text-align: justify;\">Vigente: 25 de mayo de 2018<\/p>\n<\/blockquote>\n<p style=\"text-align: justify;\">Capture the Atlas (\u00abLa p\u00e1gina web\u00bb, \u00abnosotros\u00bb, \u00abCapturetheatlas.com\u00bb) se rige por la siguiente Pol\u00edtica de privacidad.<\/p>\n<p style=\"text-align: justify;\">Respetamos tu privacidad y estamos comprometidos a protegerla. El objetivo de esta Pol\u00edtica de privacidad es informarte sobre qu\u00e9 informaci\u00f3n podemos recopilar y c\u00f3mo se puede utilizar. Esta declaraci\u00f3n solo se aplica a este sitio web.<\/p>\n<h2 style=\"text-align: justify;\"><strong>\u00bfQU\u00c9 INFORMACI\u00d3N RECOPILAMOS Y C\u00d3MO SE UTILIZA?<\/strong><\/h2>\n<p style=\"text-align: justify;\"><strong>Informaci\u00f3n enviada voluntariamente al sitio web<\/strong>: Podemos recopilar informaci\u00f3n personal, como tu nombre o direcci\u00f3n de correo electr\u00f3nico. Por ejemplo, al enviar informaci\u00f3n voluntariamente al sitio web al dejar un comentario, al suscribirse a un bolet\u00edn de noticias o al enviar un formulario de contacto.<\/p>\n<p style=\"text-align: justify;\"><strong>Informaci\u00f3n que recopilamos de otros<\/strong>: Podemos recibir informaci\u00f3n tuya tambi\u00e9n a trav\u00e9s de otras fuentes. Por ejemplo, si usas un software de terceros a trav\u00e9s de nuestra web, es posible que nos transfieran informaci\u00f3n para su cumplimiento.<\/p>\n<p style=\"text-align: justify;\"><strong>Informaci\u00f3n recopilada autom\u00e1ticamente<\/strong>: Recopilamos autom\u00e1ticamente cierta informaci\u00f3n sobre ti y el dispositivo con el que accedes a nuestra web. Por ejemplo, cuando utilizas nuestra web, registramos tu direcci\u00f3n IP, tipo de sistema operativo, tipo de navegador, sitio web de referencia, p\u00e1ginas visitadas y las fechas y horas en que accediste a la web. Tambi\u00e9n podemos recopilar informaci\u00f3n sobre las acciones que realizas dentro de nuestra web, como los enlaces en los que haces click.<\/p>\n<p style=\"text-align: justify;\"><strong>Cookies<\/strong>: Podemos registrar informaci\u00f3n utilizando cookies, que son peque\u00f1os archivos de datos almacenados en tu navegador por la p\u00e1gina web. Es posible que utilicemos cookies de sesi\u00f3n, que caducan al cerrar su navegador, y cookies persistentes, que permanecen en tu navegador hasta que se eliminen, para que puedas tener una experiencia m\u00e1s personalizada en nuestra p\u00e1gina web.<\/p>\n<p style=\"text-align: justify;\">CapturetheAtlas.com no recopila informaci\u00f3n personal sobre personas, como nombres y direcciones postales o de correo electr\u00f3nico, a menos que la informaci\u00f3n se proporcione de forma consciente y habiendo aceptado los t\u00e9rminos bajo los cuales Capturetheatlas.com los utilizar\u00e1.<\/p>\n<h2 style=\"text-align: justify;\"><strong>C\u00d3MO SE PUEDE UTILIZAR TU INFORMACI\u00d3N<\/strong><\/h2>\n<p style=\"text-align: justify;\">Podemos usar la informaci\u00f3n recopilada de las siguientes maneras:<\/p>\n<ul style=\"text-align: justify;\">\n<li>Para operar y mantener esta p\u00e1gina web<\/li>\n<li>Para mejorar tu experiencia en esta p\u00e1gina web<\/li>\n<li>Para responder a tus comentarios o consultas<\/li>\n<li>Para proporcionar soporte al usuario<\/li>\n<li>Proporcionar la informaci\u00f3n, productos y servicios, as\u00ed como procesar transacciones y enviar informaci\u00f3n relacionada, incluidas confirmaciones y recibos<\/li>\n<li>Enviar avisos t\u00e9cnicos, actualizaciones, alertas de seguridad y mensajes de soporte y administrativos<\/li>\n<li>Comunicarnos contigo acerca de productos, servicios, encuestas, ofertas, promociones, recompensas y eventos ofrecidos por Capturetheatlas.com y otros, y proporcionar noticias e informaci\u00f3n que creemos ser\u00e1n de inter\u00e9s<\/li>\n<li>Para proteger, investigar y evitar actividades ilegales o no <a name=\"cookies\"><\/a>autorizadas<\/li>\n<\/ul>\n<h2 style=\"text-align: justify;\"><strong>Cookies<\/strong><\/h2>\n<p style=\"text-align: justify;\">Nuestra p\u00e1gina web utiliza cookies para almacenar las preferencias de los visitantes, registrar informaci\u00f3n espec\u00edfica del usuario sobre las p\u00e1ginas a las que acceden o visitan los usuarios, asegurarse de que no se env\u00eden repetidamente los mismos anuncios publicitarios, personalizar el contenido del sitio web seg\u00fan el tipo de navegador de los visitantes u otra informaci\u00f3n que el visitante env\u00eda. Las cookies tambi\u00e9n pueden ser utilizadas por servicios de terceros, como Google Analytics, como se describe en este documento.<\/p>\n<p style=\"text-align: justify;\">Los usuarios pueden, en cualquier momento, evitar el uso de cookies por parte de la p\u00e1gina web, mediante la configuraci\u00f3n correspondiente del navegador de Internet y, por lo tanto, pueden denegar permanentemente la configuraci\u00f3n de cookies. Adem\u00e1s, las cookies ya configuradas pueden eliminarse en cualquier momento a trav\u00e9s de un navegador de Internet u otros programas de software. Esto es posible en todos los buscadores de Internet comunes. Sin embargo, si desactivas la configuraci\u00f3n de cookies en tu navegador de Internet, puede que algunas funciones de nuestra web no sean completamente utilizables.<\/p>\n<h2 style=\"text-align: justify;\"><strong>Uso de cookies por parte de terceros<\/strong><\/h2>\n<p style=\"text-align: justify;\">Algunos contenidos o aplicaciones dentro de nuestra web, incluidos anuncios, son atendidos por terceros, incluidos anunciantes, redes publicitarias y servidores, proveedores de contenido y proveedores de aplicaciones. Estos terceros pueden utilizar cookies solos o junto con faros\/balizas web u otras tecnolog\u00edas de seguimiento para recopilar tu informaci\u00f3n al utilizar nuestra web. La informaci\u00f3n que recopilan puede estar asociada a tu informaci\u00f3n personal o pueden recopilar informaci\u00f3n, incluida informaci\u00f3n personal, sobre tus actividades en l\u00ednea a lo largo del tiempo y en diferentes sitios web y otros servicios en l\u00ednea. Pueden usar esta informaci\u00f3n para proporcionarte publicidad basada en ciertos intereses u otro contenido espec\u00edfico.<\/p>\n<h2 style=\"text-align: justify;\"><strong>USO de informaci\u00f3n personal POR TERCEROS<\/strong><\/h2>\n<p style=\"text-align: justify;\">Podemos compartir tu informaci\u00f3n con terceros cuando nos autorizas expl\u00edcitamente a compartir tu informaci\u00f3n.<\/p>\n<p style=\"text-align: justify;\">Adem\u00e1s, la p\u00e1gina web puede utilizar proveedores de servicios de terceros que prestan servicios en diversos aspectos de la p\u00e1gina web. El uso de tu informaci\u00f3n personal por parte de cada proveedor de servicios est\u00e1 dictado por sus respectivas pol\u00edticas de privacidad. Actualmente, utilizamos los siguientes proveedores de servicios de terceros:<\/p>\n<p style=\"text-align: justify;\"><strong>Google Analytics<\/strong>: Este servicio analiza el uso de nuestra web y proporciona informaci\u00f3n, como sitios web de referencia y acciones del usuario durante la navegaci\u00f3n en nuestra web. Google Analytics puede guardar tu direcci\u00f3n IP, pero Google Analytics no guarda ninguna otra informaci\u00f3n personal.<\/p>\n<p style=\"text-align: justify;\"><strong>Mailchimp<\/strong>: Este servicio se utiliza para la entrega de actualizaciones por correo electr\u00f3nico y boletines informativos. Almacenamos tu nombre y direcci\u00f3n de correo electr\u00f3nico a los efectos de la entrega de dichas comunicaciones.<\/p>\n<p style=\"text-align: justify;\">No controlamos las tecnolog\u00edas de an\u00e1lisis de estos proveedores externos. Si tienes alguna pregunta sobre un anuncio u otro contenido dirigido, debes contactar al proveedor responsable directamente.<\/p>\n<h2 style=\"text-align: justify;\"><strong>PUBLICIDAD<\/strong><\/h2>\n<p style=\"text-align: justify;\"><strong>Anuncios:<\/strong> Durante la navegaci\u00f3n en nuestra web, es posible que encuentres anuncios publicitarios de otras compa\u00f1\u00edas, los cuales podr\u00edan utilizar Cookies. Con estos proveedores de anuncios no compartimos ning\u00fan tipo de informaci\u00f3n de identificaci\u00f3n personal.<\/p>\n<p style=\"text-align: justify;\"><strong>Anuncios de retargeting:<\/strong> Nuestra web podr\u00eda realizar anuncios de retargeting con compa\u00f1\u00edas externas, como Google, Facebook o Instagram, para ofrecer servicios. Estas empresas usan cookies para publicar anuncios basados \u200b\u200ben las visitas anteriores de alguien a la p\u00e1gina web.<\/p>\n<h3 style=\"text-align: justify;\">Publicidad program\u00e1tica Mediavine<\/h3>\n<p style=\"text-align: justify;\">Para obtener informaci\u00f3n sobre la recopilaci\u00f3n de datos por parte de los socios publicitarios de Mediavine, incluido c\u00f3mo excluirse de la recopilaci\u00f3n de datos, haga clic <a href=\"https:\/\/www.mediavine.com\/ad-partners\/\" target=\"_blank\" rel=\"noopener nofollow\">aqu\u00ed.<\/a><\/p>\n<h2 style=\"text-align: justify;\"><strong>Sitios web externos<\/strong><\/h2>\n<p style=\"text-align: justify;\">Capturetheatlas.com contiene enlaces a otros sitios web. Ten en cuenta que no somos responsables de las pr\u00e1cticas de privacidad de estos otros sitios. Avisamos a nuestros usuarios de que sean conscientes de que cuando abandonan nuestra web lean las declaraciones de privacidad de cada p\u00e1gina web que puedan recopilar informaci\u00f3n de identificaci\u00f3n personal.<\/p>\n<p style=\"text-align: justify;\">Esta declaraci\u00f3n de privacidad se aplica \u00fanicamente a la informaci\u00f3n recopilada por Capturetheatlas.com. Si tienes alguna pregunta o comentario sobre nuestra pol\u00edtica de privacidad, puedes contactarnos en el siguiente mail: info@capturetheatlas.com<\/p>\n<h2 style=\"text-align: justify;\"><strong>Participaci\u00f3n en el programa de afiliados<\/strong><\/h2>\n<p style=\"text-align: justify;\">El sitio web puede participar en campa\u00f1as de marketing de afiliaci\u00f3n, que se realiza incorporando enlaces de seguimiento en nuestra web. Si accedes a un enlace para una asociaci\u00f3n de afiliado, se colocar\u00e1 una cookie en tu navegador para rastrear cualquier venta a los efectos de posibles comisiones.<\/p>\n<p style=\"text-align: justify;\">Entre otras, Capturetheatlas.com participa en el Programa de afiliaci\u00f3n \u201cAmazon Associates LLC Associates\u201d, un programa de publicidad afiliado dise\u00f1ado para proporcionar a los sitios un medio para ganar comisiones publicitarias mediante publicidad y enlaces a Amazon.com.<\/p>\n<p style=\"text-align: justify;\">Como parte de este programa de afiliaci\u00f3n de Amazon, publicaremos enlaces personalizados, proporcionados por Amazon, para hacer un seguimiento de las posibles futuras ventas. Este programa utiliza cookies para realizar un seguimiento de las visitas con el fin de asignar comisiones sobre estas ventas.<\/p>\n<h2 style=\"text-align: justify;\"><strong>Informaci\u00f3n sobre transacciones<\/strong><\/h2>\n<p style=\"text-align: justify;\">Si realizas alguna compra relacionada con productos o servicios en nuestra p\u00e1gina web, recopilaremos cierta informaci\u00f3n, incluidos nombre, direcci\u00f3n, direcci\u00f3n de correo electr\u00f3nico e informaci\u00f3n sobre el producto o servicio que est\u00e1s adquiriendo. Los pagos pueden ser procesados \u200b\u200bpor procesadores de pago de terceros (por ejemplo, PayPal), por lo tanto, consulta los t\u00e9rminos y la pol\u00edtica de privacidad aplicables de estos terceros para obtener m\u00e1s informaci\u00f3n sobre c\u00f3mo se procesa y almacena la informaci\u00f3n de pago.<\/p>\n<h2 style=\"text-align: justify;\"><strong>INFORMACI\u00d3N PERSONAL CONFIDENCIAL<\/strong><\/h2>\n<p style=\"text-align: justify;\">En ning\u00fan momento debes enviar informaci\u00f3n personal confidencial a la p\u00e1gina web. Esto incluye tu n\u00famero de seguro social, informaci\u00f3n sobre la raza o el origen \u00e9tnico, opiniones pol\u00edticas, creencias religiosas, informaci\u00f3n de salud, antecedentes penales o afiliaciones sindicales. Si nos env\u00edas dicha informaci\u00f3n, estar\u00e1 sujeta a esta Pol\u00edtica de privacidad.<\/p>\n<h2 style=\"text-align: justify;\"><strong>Boletines informativos<\/strong><\/h2>\n<p style=\"text-align: justify;\">En Capturetheatlas.com, es posible suscribirse a nuestro bolet\u00edn de noticias, que puede ser utilizado con fines publicitarios. Todos los boletines enviados pueden contener faros web\/web bugs. El faro web vendr\u00e1 adjunto en los correos electr\u00f3nicos y permitir\u00e1 un an\u00e1lisis sobre las campa\u00f1as de marketing online. Gracias a estos faros web, podemos ver cu\u00e1ndo abre un correo electr\u00f3nico y qu\u00e9 enlaces dentro del correo electr\u00f3nico se utilizan. Adem\u00e1s, esto permite que nuestra p\u00e1gina web adapte el contenido de los boletines futuros a los intereses del usuario. Esta informaci\u00f3n no se transmitir\u00e1 a terceros.<\/p>\n<h2 style=\"text-align: justify;\"><strong>Derechos acorde al Reglamento General de la Protecci\u00f3n de Datos (RGDP) de los visitantes<\/strong><\/h2>\n<p style=\"text-align: justify;\">Si utilizas nuestra p\u00e1gina web dentro de la Uni\u00f3n Europea, tienes derecho a cierta informaci\u00f3n as\u00ed como a ciertos derechos en virtud del Reglamento General de Protecci\u00f3n de Datos. Esos derechos incluyen:<\/p>\n<p style=\"text-align: justify;\">Guardaremos la informaci\u00f3n que nos proporcionas hasta que:<\/p>\n<p style=\"text-align: justify;\">1- Nos pidas que eliminemos la informaci\u00f3n<\/p>\n<p style=\"text-align: justify;\">2- Tomemos la decisi\u00f3n de dejar de utilizar a nuestros proveedores de datos actuales.<\/p>\n<p style=\"text-align: justify;\">3- Consideremos que el valor de retener tus datos es menor que el coste de retenerlo.<\/p>\n<p style=\"text-align: justify;\">Tienes derecho a solicitar el acceso a los datos que almacenamos, as\u00ed como el derecho a rectificar o borrar tus datos personales.<\/p>\n<p style=\"text-align: justify;\">Tienes el derecho a buscar restricciones en el procesamiento de tus datos.<\/p>\n<p style=\"text-align: justify;\">Tienes tambi\u00e9n el derecho a objetar el procesamiento de tus datos y el derecho a la portabilidad de tus datos.<\/p>\n<p style=\"text-align: justify;\">En la medida en que hayas otorgado consentimiento para que nuestra p\u00e1gina web procese tus datos personales, tienes derecho a retirar ese consentimiento en cualquier momento, sin afectar a la legalidad de haber guardado tus datos personales en base al consentimiento que diste antes de retirarlo.<\/p>\n<p style=\"text-align: justify;\">Tiene derecho a presentar una queja ante una autoridad supervisora \u200b\u200bque tenga jurisdicci\u00f3n sobre cuestiones relacionadas con el Reglamento general de protecci\u00f3n de datos.<\/p>\n<p style=\"text-align: justify;\">Requerimos solo la informaci\u00f3n estrictamente necesaria para realizar cualquier t\u00e9rmino contractual. No exigiremos que prestes tu consentimiento para cualquier proceso innecesario como condici\u00f3n para celebrar un contrato con nosotros.<\/p>\n<p style=\"text-align: justify;\">Si deseas que eliminemos tu informaci\u00f3n, env\u00edanos un correo electr\u00f3nico a <a href=\"mailto:Capturetheatlas@gmail.com\">info@capturetheatlas.com<\/a> con una solicitud y lo haremos tan pronto como podamos.<\/p>\n<h2 style=\"text-align: justify;\"><strong>NUESTRA POLITICA DE PRIVACIDAD CON MENORES <\/strong><\/h2>\n<p style=\"text-align: justify;\">Nuestra p\u00e1gina web no recopila deliberadamente ninguna informaci\u00f3n de identificaci\u00f3n personal sobre menores de 16 a\u00f1os. Si un padre o tutor considera que nuestra p\u00e1gina web tiene informaci\u00f3n personal identificable de un ni\u00f1o menor de 16 a\u00f1os en la base de datos, puede contactarnos en <a href=\"mailto:Capturetheatlas@gmail.com\">info@capturetheatlas.com<\/a> y haremos todo lo posible para eliminar de inmediato dicha informaci\u00f3n de nuestros registros.<\/p>\n<h2 style=\"text-align: justify;\"><strong>INFORMACI\u00d3N DEL CONTACTO<\/strong><\/h2>\n<p style=\"text-align: justify;\">En cualquier momento, puedes contactarnos si tienes alguna pregunta o comentario relacionado con esta Pol\u00edtica de privacidad:<\/p>\n<p>Capture The Atlas<br \/>\n3500 W Commissioner Street<br \/>\nFiladelfia, PA 19132<br \/>\nPensilvania<br \/>\nDirecci\u00f3n de correo electr\u00f3nico: <a href=\"mailto:Capturetheatlas@gmail.com\">info@capturethatlas.com<\/a><\/p>\n","protected":false},"excerpt":{"rendered":"<p>Vigente: 25 de mayo de 2018 Capture the Atlas (\u00abLa p\u00e1gina web\u00bb, \u00abnosotros\u00bb, \u00abCapturetheatlas.com\u00bb) se rige por la siguiente Pol\u00edtica de privacidad. Respetamos tu privacidad y estamos comprometidos a protegerla. El objetivo de esta Pol\u00edtica de privacidad es informarte sobre qu\u00e9 informaci\u00f3n podemos recopilar y c\u00f3mo se puede utilizar. Esta declaraci\u00f3n solo se aplica a [&hellip;]<\/p>\n","protected":false},"author":23,"featured_media":0,"parent":0,"menu_order":0,"comment_status":"closed","ping_status":"closed","template":"page-template\/genericas.php","meta":{"_acf_changed":false,"footnotes":""},"class_list":["post-11143","page","type-page","status-publish","hentry"],"acf":[],"yoast_head":"<!-- This site is optimized with the Yoast SEO Premium plugin v20.0 (Yoast SEO v26.4) - https:\/\/yoast.com\/wordpress\/plugins\/seo\/ -->\n<title>Pol\u00edtica de Privacidad - Capture the Atlas<\/title>\n<meta name=\"robots\" content=\"noindex, follow\" \/>\n<meta property=\"og:locale\" content=\"es_ES\" \/>\n<meta property=\"og:type\" content=\"article\" \/>\n<meta property=\"og:title\" content=\"Pol\u00edtica de Privacidad\" \/>\n<meta property=\"og:description\" content=\"Vigente: 25 de mayo de 2018 Capture the Atlas (\u00abLa p\u00e1gina web\u00bb, \u00abnosotros\u00bb, \u00abCapturetheatlas.com\u00bb) se rige por la siguiente Pol\u00edtica de privacidad. Respetamos tu privacidad y estamos comprometidos a protegerla. El objetivo de esta Pol\u00edtica de privacidad es informarte sobre qu\u00e9 informaci\u00f3n podemos recopilar y c\u00f3mo se puede utilizar. Esta declaraci\u00f3n solo se aplica a [&hellip;]\" \/>\n<meta property=\"og:url\" content=\"https:\/\/capturetheatlas.com\/es\/politica-de-privacidad\/\" \/>\n<meta property=\"og:site_name\" content=\"Capture the Atlas\" \/>\n<meta property=\"article:publisher\" content=\"https:\/\/www.facebook.com\/capturetheatlas\/\" \/>\n<meta property=\"article:modified_time\" content=\"2023-01-12T23:34:53+00:00\" \/>\n<meta name=\"twitter:label1\" content=\"Tiempo de lectura\" \/>\n\t<meta name=\"twitter:data1\" content=\"8 minutos\" \/>\n<script type=\"application\/ld+json\" class=\"yoast-schema-graph\">{\"@context\":\"https:\/\/schema.org\",\"@graph\":[{\"@type\":\"WebPage\",\"@id\":\"https:\/\/capturetheatlas.com\/es\/politica-de-privacidad\/\",\"url\":\"https:\/\/capturetheatlas.com\/es\/politica-de-privacidad\/\",\"name\":\"Pol\u00edtica de Privacidad - Capture the Atlas\",\"isPartOf\":{\"@id\":\"https:\/\/capturetheatlas.com\/es\/#website\"},\"datePublished\":\"2018-02-03T12:55:17+00:00\",\"dateModified\":\"2023-01-12T23:34:53+00:00\",\"breadcrumb\":{\"@id\":\"https:\/\/capturetheatlas.com\/es\/politica-de-privacidad\/#breadcrumb\"},\"inLanguage\":\"es\",\"potentialAction\":[{\"@type\":\"ReadAction\",\"target\":[\"https:\/\/capturetheatlas.com\/es\/politica-de-privacidad\/\"]}]},{\"@type\":\"BreadcrumbList\",\"@id\":\"https:\/\/capturetheatlas.com\/es\/politica-de-privacidad\/#breadcrumb\",\"itemListElement\":[{\"@type\":\"ListItem\",\"position\":1,\"name\":\"Home\",\"item\":\"https:\/\/capturetheatlas.com\/es\/\"},{\"@type\":\"ListItem\",\"position\":2,\"name\":\"Pol\u00edtica de Privacidad\"}]},{\"@type\":\"WebSite\",\"@id\":\"https:\/\/capturetheatlas.com\/es\/#website\",\"url\":\"https:\/\/capturetheatlas.com\/es\/\",\"name\":\"Capture the Atlas\",\"description\":\"PHOTOGRAPHY \u00b7 TRAVEL \u00b7 ADVENTURE\",\"publisher\":{\"@id\":\"https:\/\/capturetheatlas.com\/es\/#organization\"},\"potentialAction\":[{\"@type\":\"SearchAction\",\"target\":{\"@type\":\"EntryPoint\",\"urlTemplate\":\"https:\/\/capturetheatlas.com\/es\/?s={search_term_string}\"},\"query-input\":{\"@type\":\"PropertyValueSpecification\",\"valueRequired\":true,\"valueName\":\"search_term_string\"}}],\"inLanguage\":\"es\"},{\"@type\":\"Organization\",\"@id\":\"https:\/\/capturetheatlas.com\/es\/#organization\",\"name\":\"Capture the Atlas\",\"url\":\"https:\/\/capturetheatlas.com\/es\/\",\"logo\":{\"@type\":\"ImageObject\",\"inLanguage\":\"es\",\"@id\":\"https:\/\/capturetheatlas.com\/es\/#\/schema\/logo\/image\/\",\"url\":\"https:\/\/imgcap.capturetheatlas.com\/wp-content\/uploads\/2024\/03\/PNG-white-background-small.png\",\"contentUrl\":\"https:\/\/imgcap.capturetheatlas.com\/wp-content\/uploads\/2024\/03\/PNG-white-background-small.png\",\"width\":500,\"height\":500,\"caption\":\"Capture the Atlas\"},\"image\":{\"@id\":\"https:\/\/capturetheatlas.com\/es\/#\/schema\/logo\/image\/\"},\"sameAs\":[\"https:\/\/www.facebook.com\/capturetheatlas\/\",\"https:\/\/x.com\/capturetheatlas\",\"https:\/\/www.instagram.com\/capturetheatlas\/\",\"https:\/\/www.youtube.com\/channel\/UCJJlhj2psDvxXGhR3CmDeZg\",\"https:\/\/pinterest.com\/capturetheatlas\/\",\"https:\/\/www.linkedin.com\/company\/capture-the-atlas\/\"]}]}<\/script>\n<!-- \/ Yoast SEO Premium plugin. -->","yoast_head_json":{"title":"Pol\u00edtica de Privacidad - Capture the Atlas","robots":{"index":"noindex","follow":"follow"},"og_locale":"es_ES","og_type":"article","og_title":"Pol\u00edtica de Privacidad","og_description":"Vigente: 25 de mayo de 2018 Capture the Atlas (\u00abLa p\u00e1gina web\u00bb, \u00abnosotros\u00bb, \u00abCapturetheatlas.com\u00bb) se rige por la siguiente Pol\u00edtica de privacidad. Respetamos tu privacidad y estamos comprometidos a protegerla. El objetivo de esta Pol\u00edtica de privacidad es informarte sobre qu\u00e9 informaci\u00f3n podemos recopilar y c\u00f3mo se puede utilizar. Esta declaraci\u00f3n solo se aplica a [&hellip;]","og_url":"https:\/\/capturetheatlas.com\/es\/politica-de-privacidad\/","og_site_name":"Capture the Atlas","article_publisher":"https:\/\/www.facebook.com\/capturetheatlas\/","article_modified_time":"2023-01-12T23:34:53+00:00","twitter_misc":{"Tiempo de lectura":"8 minutos"},"schema":{"@context":"https:\/\/schema.org","@graph":[{"@type":"WebPage","@id":"https:\/\/capturetheatlas.com\/es\/politica-de-privacidad\/","url":"https:\/\/capturetheatlas.com\/es\/politica-de-privacidad\/","name":"Pol\u00edtica de Privacidad - Capture the Atlas","isPartOf":{"@id":"https:\/\/capturetheatlas.com\/es\/#website"},"datePublished":"2018-02-03T12:55:17+00:00","dateModified":"2023-01-12T23:34:53+00:00","breadcrumb":{"@id":"https:\/\/capturetheatlas.com\/es\/politica-de-privacidad\/#breadcrumb"},"inLanguage":"es","potentialAction":[{"@type":"ReadAction","target":["https:\/\/capturetheatlas.com\/es\/politica-de-privacidad\/"]}]},{"@type":"BreadcrumbList","@id":"https:\/\/capturetheatlas.com\/es\/politica-de-privacidad\/#breadcrumb","itemListElement":[{"@type":"ListItem","position":1,"name":"Home","item":"https:\/\/capturetheatlas.com\/es\/"},{"@type":"ListItem","position":2,"name":"Pol\u00edtica de Privacidad"}]},{"@type":"WebSite","@id":"https:\/\/capturetheatlas.com\/es\/#website","url":"https:\/\/capturetheatlas.com\/es\/","name":"Capture the Atlas","description":"PHOTOGRAPHY \u00b7 TRAVEL \u00b7 ADVENTURE","publisher":{"@id":"https:\/\/capturetheatlas.com\/es\/#organization"},"potentialAction":[{"@type":"SearchAction","target":{"@type":"EntryPoint","urlTemplate":"https:\/\/capturetheatlas.com\/es\/?s={search_term_string}"},"query-input":{"@type":"PropertyValueSpecification","valueRequired":true,"valueName":"search_term_string"}}],"inLanguage":"es"},{"@type":"Organization","@id":"https:\/\/capturetheatlas.com\/es\/#organization","name":"Capture the Atlas","url":"https:\/\/capturetheatlas.com\/es\/","logo":{"@type":"ImageObject","inLanguage":"es","@id":"https:\/\/capturetheatlas.com\/es\/#\/schema\/logo\/image\/","url":"https:\/\/imgcap.capturetheatlas.com\/wp-content\/uploads\/2024\/03\/PNG-white-background-small.png","contentUrl":"https:\/\/imgcap.capturetheatlas.com\/wp-content\/uploads\/2024\/03\/PNG-white-background-small.png","width":500,"height":500,"caption":"Capture the Atlas"},"image":{"@id":"https:\/\/capturetheatlas.com\/es\/#\/schema\/logo\/image\/"},"sameAs":["https:\/\/www.facebook.com\/capturetheatlas\/","https:\/\/x.com\/capturetheatlas","https:\/\/www.instagram.com\/capturetheatlas\/","https:\/\/www.youtube.com\/channel\/UCJJlhj2psDvxXGhR3CmDeZg","https:\/\/pinterest.com\/capturetheatlas\/","https:\/\/www.linkedin.com\/company\/capture-the-atlas\/"]}]}},"_links":{"self":[{"href":"https:\/\/capturetheatlas.com\/es\/wp-json\/wp\/v2\/pages\/11143","targetHints":{"allow":["GET"]}}],"collection":[{"href":"https:\/\/capturetheatlas.com\/es\/wp-json\/wp\/v2\/pages"}],"about":[{"href":"https:\/\/capturetheatlas.com\/es\/wp-json\/wp\/v2\/types\/page"}],"author":[{"embeddable":true,"href":"https:\/\/capturetheatlas.com\/es\/wp-json\/wp\/v2\/users\/23"}],"replies":[{"embeddable":true,"href":"https:\/\/capturetheatlas.com\/es\/wp-json\/wp\/v2\/comments?post=11143"}],"version-history":[{"count":0,"href":"https:\/\/capturetheatlas.com\/es\/wp-json\/wp\/v2\/pages\/11143\/revisions"}],"wp:attachment":[{"href":"https:\/\/capturetheatlas.com\/es\/wp-json\/wp\/v2\/media?parent=11143"}],"curies":[{"name":"wp","href":"https:\/\/api.w.org\/{rel}","templated":true}]}}