{"id":12149,"date":"2018-03-03T02:12:55","date_gmt":"2018-03-03T07:12:55","guid":{"rendered":"https:\/\/capturetheatlas.com\/?page_id=12149"},"modified":"2022-02-25T13:32:43","modified_gmt":"2022-02-25T18:32:43","slug":"galeria-canada","status":"publish","type":"page","link":"https:\/\/capturetheatlas.com\/es\/galeria-canada\/","title":{"rendered":"Galer\u00eda Canad\u00e1"},"content":{"rendered":"<div id=\"jig1\" class=\"justified-image-grid jig-442a2b50337d86aa178f62d783d73880 jig-preset-global jig-source-wp-gallery\"><div class=\"jig-clearfix\"><\/div><noscript id=\"jig1-html\" class=\"justified-image-grid-html\" data-lazy-src=\"skiplazyload\" data-src=\"skipunveillazyload\"><ul><li><a href=\"https:\/\/imgcap.capturetheatlas.com\/wp-content\/uploads\/2021\/01\/Peytozoom.jpg\"><img decoding=\"async\" src=\"https:\/\/imgcap.capturetheatlas.com\/wp-content\/uploads\/2021\/01\/Peytozoom-1024x669.jpg\" alt=\"Peyto Lake, Canada\" width=\"841\" height=\"550\" \/><\/a><p class=\"jig-HTMLdescription\">Peyto Lake, Canada<\/p><\/li><li><a href=\"https:\/\/imgcap.capturetheatlas.com\/wp-content\/uploads\/2021\/01\/Two-jack-VL-sin-firma.jpg\"><img decoding=\"async\" src=\"https:\/\/imgcap.capturetheatlas.com\/wp-content\/uploads\/2021\/01\/Two-jack-VL-sin-firma-1024x684.jpg\" alt=\"Two Jack Lake, Canada\" width=\"823\" height=\"550\" \/><\/a><p class=\"jig-HTMLdescription\">Two Jack Lake, Canada<\/p><\/li><li><a href=\"https:\/\/imgcap.capturetheatlas.com\/wp-content\/uploads\/2021\/01\/Maligne-lake.jpg\"><img decoding=\"async\" src=\"https:\/\/imgcap.capturetheatlas.com\/wp-content\/uploads\/2021\/01\/Maligne-lake-1024x684.jpg\" alt=\"Maligne Lake, Canada\" width=\"823\" height=\"550\" \/><\/a><p class=\"jig-HTMLdescription\">Maligne Lake, Canada<\/p><\/li><li><a href=\"https:\/\/imgcap.capturetheatlas.com\/wp-content\/uploads\/2021\/01\/Northern-lights-palette2.jpg\"><img decoding=\"async\" src=\"https:\/\/imgcap.capturetheatlas.com\/wp-content\/uploads\/2021\/01\/Northern-lights-palette2-1024x670.jpg\" alt=\"Emerald Lake, Canada\" width=\"840\" height=\"550\" \/><\/a><p class=\"jig-HTMLdescription\">Emerald Lake, Canada<\/p><\/li><li><a href=\"https:\/\/imgcap.capturetheatlas.com\/wp-content\/uploads\/2021\/01\/Ten-melting-peaks.jpg\"><img decoding=\"async\" src=\"https:\/\/imgcap.capturetheatlas.com\/wp-content\/uploads\/2021\/01\/Ten-melting-peaks-1024x684.jpg\" alt=\"Moraine Lake, Canada\" width=\"823\" height=\"550\" \/><\/a><p class=\"jig-HTMLdescription\">Moraine Lake, Canada<\/p><\/li><li><a href=\"https:\/\/imgcap.capturetheatlas.com\/wp-content\/uploads\/2021\/01\/FOM_4616-HDR-Editar.jpg\"><img decoding=\"async\" src=\"https:\/\/imgcap.capturetheatlas.com\/wp-content\/uploads\/2021\/01\/FOM_4616-HDR-Editar-1024x684.jpg\" alt=\"Sunwapta Falls, Canada\" width=\"823\" height=\"550\" \/><\/a><p class=\"jig-HTMLdescription\">Sunwapta Falls, Canada<\/p><\/li><li><a href=\"https:\/\/imgcap.capturetheatlas.com\/wp-content\/uploads\/2021\/01\/The-wolf-and-the-moon.jpg\"><img decoding=\"async\" src=\"https:\/\/imgcap.capturetheatlas.com\/wp-content\/uploads\/2021\/01\/The-wolf-and-the-moon-1024x684.jpg\" alt=\"Peyto Lake, Canada\" width=\"823\" height=\"550\" \/><\/a><p class=\"jig-HTMLdescription\">Peyto Lake, Canada<\/p><\/li><li><a href=\"https:\/\/imgcap.capturetheatlas.com\/wp-content\/uploads\/2021\/01\/EmeraldPanohorizontalepic.jpg\"><img decoding=\"async\" src=\"https:\/\/imgcap.capturetheatlas.com\/wp-content\/uploads\/2021\/01\/EmeraldPanohorizontalepic-1024x824.jpg\" alt=\"Emerald Lake, Canada\" width=\"683\" height=\"550\" \/><\/a><p class=\"jig-HTMLdescription\">Emerald Lake, Canada<\/p><\/li><li><a href=\"https:\/\/imgcap.capturetheatlas.com\/wp-content\/uploads\/2021\/01\/Bow-milky-way.jpg\"><img decoding=\"async\" src=\"https:\/\/imgcap.capturetheatlas.com\/wp-content\/uploads\/2021\/01\/Bow-milky-way-1024x512.jpg\" alt=\"Bow Lake, Canada\" width=\"1100\" height=\"550\" \/><\/a><p class=\"jig-HTMLdescription\">Bow Lake, Canada<\/p><\/li><li><a href=\"https:\/\/imgcap.capturetheatlas.com\/wp-content\/uploads\/2021\/01\/Portada-Calendario.jpg\"><img decoding=\"async\" src=\"https:\/\/imgcap.capturetheatlas.com\/wp-content\/uploads\/2021\/01\/Portada-Calendario-1024x684.jpg\" alt=\"Emerald Lake, Canada\" width=\"823\" height=\"550\" \/><\/a><p class=\"jig-HTMLdescription\">Emerald Lake, Canada<\/p><\/li><li><a href=\"https:\/\/imgcap.capturetheatlas.com\/wp-content\/uploads\/2021\/01\/Ode-to-the-night-sky.jpg\"><img decoding=\"async\" src=\"https:\/\/imgcap.capturetheatlas.com\/wp-content\/uploads\/2021\/01\/Ode-to-the-night-sky-683x1024.jpg\" alt=\"Sunwapta Falls, Canada\" width=\"366\" height=\"550\" \/><\/a><p class=\"jig-HTMLdescription\">Sunwapta Falls, Canada<\/p><\/li><li><a href=\"https:\/\/imgcap.capturetheatlas.com\/wp-content\/uploads\/2021\/01\/Medicine-lake-corregido.jpg\"><img decoding=\"async\" src=\"https:\/\/imgcap.capturetheatlas.com\/wp-content\/uploads\/2021\/01\/Medicine-lake-corregido-1024x683.jpg\" alt=\"Medicine Lake, Canada\" width=\"824\" height=\"550\" \/><\/a><p class=\"jig-HTMLdescription\">Medicine Lake, Canada<\/p><\/li><li><a href=\"https:\/\/imgcap.capturetheatlas.com\/wp-content\/uploads\/2021\/01\/FOM_4516-HDR-Editar.jpg\"><img decoding=\"async\" src=\"https:\/\/imgcap.capturetheatlas.com\/wp-content\/uploads\/2021\/01\/FOM_4516-HDR-Editar-1024x684.jpg\" alt=\"Mistaya Canyon, Canada\" width=\"823\" height=\"550\" \/><\/a><p class=\"jig-HTMLdescription\">Mistaya Canyon, Canada<\/p><\/li><li><a href=\"https:\/\/imgcap.capturetheatlas.com\/wp-content\/uploads\/2021\/01\/FOM_2489-HDR-Editar-Editar-Editar.jpg\"><img decoding=\"async\" src=\"https:\/\/imgcap.capturetheatlas.com\/wp-content\/uploads\/2021\/01\/FOM_2489-HDR-Editar-Editar-Editar-1024x684.jpg\" alt=\"Moraine Lake, Canada\" width=\"823\" height=\"550\" \/><\/a><p class=\"jig-HTMLdescription\">Moraine Lake, Canada<\/p><\/li><li><a href=\"https:\/\/imgcap.capturetheatlas.com\/wp-content\/uploads\/2021\/01\/FOM_3495-HDR-Editar.jpg\"><img decoding=\"async\" src=\"https:\/\/imgcap.capturetheatlas.com\/wp-content\/uploads\/2021\/01\/FOM_3495-HDR-Editar-1024x684.jpg\" alt=\"Natural Bridge, Canada\" width=\"823\" height=\"550\" \/><\/a><p class=\"jig-HTMLdescription\">Natural Bridge, Canada<\/p><\/li><li><a href=\"https:\/\/imgcap.capturetheatlas.com\/wp-content\/uploads\/2021\/01\/Nata-y-chocolate.jpg\"><img decoding=\"async\" src=\"https:\/\/imgcap.capturetheatlas.com\/wp-content\/uploads\/2021\/01\/Nata-y-chocolate-1024x684.jpg\" alt=\"Bow Lake, Canada\" width=\"823\" height=\"550\" \/><\/a><p class=\"jig-HTMLdescription\">Bow Lake, Canada<\/p><\/li><li><a href=\"https:\/\/imgcap.capturetheatlas.com\/wp-content\/uploads\/2021\/01\/Emerald-Aurora-vertical.jpg\"><img decoding=\"async\" src=\"https:\/\/imgcap.capturetheatlas.com\/wp-content\/uploads\/2021\/01\/Emerald-Aurora-vertical-683x1024.jpg\" alt=\"Emerald Lake, Canada\" width=\"366\" height=\"550\" \/><\/a><p class=\"jig-HTMLdescription\">Emerald Lake, Canada<\/p><\/li><li><a href=\"https:\/\/imgcap.capturetheatlas.com\/wp-content\/uploads\/2021\/01\/Emerald-hidden-Treasure.jpg\"><img decoding=\"async\" src=\"https:\/\/imgcap.capturetheatlas.com\/wp-content\/uploads\/2021\/01\/Emerald-hidden-Treasure-1024x684.jpg\" alt=\"Emerald Lake, Canada\" width=\"823\" height=\"550\" \/><\/a><p class=\"jig-HTMLdescription\">Emerald Lake, Canada<\/p><\/li><li><a href=\"https:\/\/imgcap.capturetheatlas.com\/wp-content\/uploads\/2021\/01\/Pyramid-ok.jpg\"><img decoding=\"async\" src=\"https:\/\/imgcap.capturetheatlas.com\/wp-content\/uploads\/2021\/01\/Pyramid-ok-1024x678.jpg\" alt=\"Pyramid Lake, Canada\" width=\"830\" height=\"550\" \/><\/a><p class=\"jig-HTMLdescription\">Pyramid Lake, Canada<\/p><\/li><li><a href=\"https:\/\/imgcap.capturetheatlas.com\/wp-content\/uploads\/2021\/01\/Emerald-diamond.jpg\"><img decoding=\"async\" src=\"https:\/\/imgcap.capturetheatlas.com\/wp-content\/uploads\/2021\/01\/Emerald-diamond-1024x686.jpg\" alt=\"Emerald Lake, Canada\" width=\"820\" height=\"550\" \/><\/a><p class=\"jig-HTMLdescription\">Emerald Lake, Canada<\/p><\/li><li><a href=\"https:\/\/imgcap.capturetheatlas.com\/wp-content\/uploads\/2021\/01\/Pyramid-way.jpg\"><img decoding=\"async\" src=\"https:\/\/imgcap.capturetheatlas.com\/wp-content\/uploads\/2021\/01\/Pyramid-way-1024x684.jpg\" alt=\"Pyramid Lake, Canada\" width=\"823\" height=\"550\" \/><\/a><p class=\"jig-HTMLdescription\">Pyramid Lake, Canada<\/p><\/li><li><a href=\"https:\/\/imgcap.capturetheatlas.com\/wp-content\/uploads\/2021\/01\/The-enchanted-house.jpg\"><img decoding=\"async\" src=\"https:\/\/imgcap.capturetheatlas.com\/wp-content\/uploads\/2021\/01\/The-enchanted-house-1024x684.jpg\" alt=\"Emerald Lake, Canada\" width=\"823\" height=\"550\" \/><\/a><p class=\"jig-HTMLdescription\">Emerald Lake, Canada<\/p><\/li><li><a href=\"https:\/\/imgcap.capturetheatlas.com\/wp-content\/uploads\/2021\/01\/A-new-awaken.jpg\"><img decoding=\"async\" src=\"https:\/\/imgcap.capturetheatlas.com\/wp-content\/uploads\/2021\/01\/A-new-awaken-1024x684.jpg\" alt=\"Banff National Park, Canada\" width=\"823\" height=\"550\" \/><\/a><p class=\"jig-HTMLdescription\">Banff National Park, Canada<\/p><\/li><\/ul><\/noscript><\/div>\n\n","protected":false},"excerpt":{"rendered":"","protected":false},"author":23,"featured_media":0,"parent":0,"menu_order":0,"comment_status":"closed","ping_status":"closed","template":"page-template\/galeria.php","meta":{"_acf_changed":false,"footnotes":""},"class_list":["post-12149","page","type-page","status-publish","hentry"],"acf":[],"yoast_head":"<!-- This site is optimized with the Yoast SEO Premium plugin v20.0 (Yoast SEO v26.4) - https:\/\/yoast.com\/wordpress\/plugins\/seo\/ -->\n<title>Galer\u00eda de Canad\u00e1 - Mejores fotograf\u00edas de las Monta\u00f1as Rocosas<\/title>\n<meta name=\"description\" content=\"Selecci\u00f3n personal de las mejores im\u00e1genes de los Parques Nacionales de Canad\u00e1: Banff, Jasper y Yoho (Monta\u00f1as Rocosas de Canad\u00e1) por Dan Zafra.\" \/>\n<meta name=\"robots\" content=\"index, follow, max-snippet:-1, max-image-preview:large, max-video-preview:-1\" \/>\n<link rel=\"canonical\" href=\"https:\/\/capturetheatlas.com\/es\/galeria-canada\/\" \/>\n<meta property=\"og:locale\" content=\"es_ES\" \/>\n<meta property=\"og:type\" content=\"article\" \/>\n<meta property=\"og:title\" content=\"Galer\u00eda Canad\u00e1\" \/>\n<meta property=\"og:description\" content=\"Selecci\u00f3n personal de las mejores im\u00e1genes de los Parques Nacionales de Canad\u00e1: Banff, Jasper y Yoho (Monta\u00f1as Rocosas de Canad\u00e1) por Dan Zafra.\" \/>\n<meta property=\"og:url\" content=\"https:\/\/capturetheatlas.com\/es\/galeria-canada\/\" \/>\n<meta property=\"og:site_name\" content=\"Capture the Atlas\" \/>\n<meta property=\"article:publisher\" content=\"https:\/\/www.facebook.com\/capturetheatlas\/\" \/>\n<meta property=\"article:modified_time\" content=\"2022-02-25T18:32:43+00:00\" \/>\n<meta property=\"og:image\" content=\"https:\/\/capturetheatlas.com\/wp-content\/uploads\/2021\/01\/Peytozoom-150x150.jpg\" \/>\n<script type=\"application\/ld+json\" class=\"yoast-schema-graph\">{\"@context\":\"https:\/\/schema.org\",\"@graph\":[{\"@type\":\"WebPage\",\"@id\":\"https:\/\/capturetheatlas.com\/es\/galeria-canada\/\",\"url\":\"https:\/\/capturetheatlas.com\/es\/galeria-canada\/\",\"name\":\"Galer\u00eda de Canad\u00e1 - Mejores fotograf\u00edas de las Monta\u00f1as Rocosas\",\"isPartOf\":{\"@id\":\"https:\/\/capturetheatlas.com\/es\/#website\"},\"datePublished\":\"2018-03-03T07:12:55+00:00\",\"dateModified\":\"2022-02-25T18:32:43+00:00\",\"description\":\"Selecci\u00f3n personal de las mejores im\u00e1genes de los Parques Nacionales de Canad\u00e1: Banff, Jasper y Yoho (Monta\u00f1as Rocosas de Canad\u00e1) por Dan Zafra.\",\"breadcrumb\":{\"@id\":\"https:\/\/capturetheatlas.com\/es\/galeria-canada\/#breadcrumb\"},\"inLanguage\":\"es\",\"potentialAction\":[{\"@type\":\"ReadAction\",\"target\":[\"https:\/\/capturetheatlas.com\/es\/galeria-canada\/\"]}]},{\"@type\":\"BreadcrumbList\",\"@id\":\"https:\/\/capturetheatlas.com\/es\/galeria-canada\/#breadcrumb\",\"itemListElement\":[{\"@type\":\"ListItem\",\"position\":1,\"name\":\"Home\",\"item\":\"https:\/\/capturetheatlas.com\/es\/\"},{\"@type\":\"ListItem\",\"position\":2,\"name\":\"Galer\u00eda Canad\u00e1\"}]},{\"@type\":\"WebSite\",\"@id\":\"https:\/\/capturetheatlas.com\/es\/#website\",\"url\":\"https:\/\/capturetheatlas.com\/es\/\",\"name\":\"Capture the Atlas\",\"description\":\"PHOTOGRAPHY \u00b7 TRAVEL \u00b7 ADVENTURE\",\"publisher\":{\"@id\":\"https:\/\/capturetheatlas.com\/es\/#organization\"},\"potentialAction\":[{\"@type\":\"SearchAction\",\"target\":{\"@type\":\"EntryPoint\",\"urlTemplate\":\"https:\/\/capturetheatlas.com\/es\/?s={search_term_string}\"},\"query-input\":{\"@type\":\"PropertyValueSpecification\",\"valueRequired\":true,\"valueName\":\"search_term_string\"}}],\"inLanguage\":\"es\"},{\"@type\":\"Organization\",\"@id\":\"https:\/\/capturetheatlas.com\/es\/#organization\",\"name\":\"Capture the Atlas\",\"url\":\"https:\/\/capturetheatlas.com\/es\/\",\"logo\":{\"@type\":\"ImageObject\",\"inLanguage\":\"es\",\"@id\":\"https:\/\/capturetheatlas.com\/es\/#\/schema\/logo\/image\/\",\"url\":\"https:\/\/imgcap.capturetheatlas.com\/wp-content\/uploads\/2024\/03\/PNG-white-background-small.png\",\"contentUrl\":\"https:\/\/imgcap.capturetheatlas.com\/wp-content\/uploads\/2024\/03\/PNG-white-background-small.png\",\"width\":500,\"height\":500,\"caption\":\"Capture the Atlas\"},\"image\":{\"@id\":\"https:\/\/capturetheatlas.com\/es\/#\/schema\/logo\/image\/\"},\"sameAs\":[\"https:\/\/www.facebook.com\/capturetheatlas\/\",\"https:\/\/x.com\/capturetheatlas\",\"https:\/\/www.instagram.com\/capturetheatlas\/\",\"https:\/\/www.youtube.com\/channel\/UCJJlhj2psDvxXGhR3CmDeZg\",\"https:\/\/pinterest.com\/capturetheatlas\/\",\"https:\/\/www.linkedin.com\/company\/capture-the-atlas\/\"]}]}<\/script>\n<!-- \/ Yoast SEO Premium plugin. -->","yoast_head_json":{"title":"Galer\u00eda de Canad\u00e1 - Mejores fotograf\u00edas de las Monta\u00f1as Rocosas","description":"Selecci\u00f3n personal de las mejores im\u00e1genes de los Parques Nacionales de Canad\u00e1: Banff, Jasper y Yoho (Monta\u00f1as Rocosas de Canad\u00e1) por Dan Zafra.","robots":{"index":"index","follow":"follow","max-snippet":"max-snippet:-1","max-image-preview":"max-image-preview:large","max-video-preview":"max-video-preview:-1"},"canonical":"https:\/\/capturetheatlas.com\/es\/galeria-canada\/","og_locale":"es_ES","og_type":"article","og_title":"Galer\u00eda Canad\u00e1","og_description":"Selecci\u00f3n personal de las mejores im\u00e1genes de los Parques Nacionales de Canad\u00e1: Banff, Jasper y Yoho (Monta\u00f1as Rocosas de Canad\u00e1) por Dan Zafra.","og_url":"https:\/\/capturetheatlas.com\/es\/galeria-canada\/","og_site_name":"Capture the Atlas","article_publisher":"https:\/\/www.facebook.com\/capturetheatlas\/","article_modified_time":"2022-02-25T18:32:43+00:00","og_image":[{"url":"https:\/\/capturetheatlas.com\/wp-content\/uploads\/2021\/01\/Peytozoom-150x150.jpg","type":"","width":"","height":""}],"schema":{"@context":"https:\/\/schema.org","@graph":[{"@type":"WebPage","@id":"https:\/\/capturetheatlas.com\/es\/galeria-canada\/","url":"https:\/\/capturetheatlas.com\/es\/galeria-canada\/","name":"Galer\u00eda de Canad\u00e1 - Mejores fotograf\u00edas de las Monta\u00f1as Rocosas","isPartOf":{"@id":"https:\/\/capturetheatlas.com\/es\/#website"},"datePublished":"2018-03-03T07:12:55+00:00","dateModified":"2022-02-25T18:32:43+00:00","description":"Selecci\u00f3n personal de las mejores im\u00e1genes de los Parques Nacionales de Canad\u00e1: Banff, Jasper y Yoho (Monta\u00f1as Rocosas de Canad\u00e1) por Dan Zafra.","breadcrumb":{"@id":"https:\/\/capturetheatlas.com\/es\/galeria-canada\/#breadcrumb"},"inLanguage":"es","potentialAction":[{"@type":"ReadAction","target":["https:\/\/capturetheatlas.com\/es\/galeria-canada\/"]}]},{"@type":"BreadcrumbList","@id":"https:\/\/capturetheatlas.com\/es\/galeria-canada\/#breadcrumb","itemListElement":[{"@type":"ListItem","position":1,"name":"Home","item":"https:\/\/capturetheatlas.com\/es\/"},{"@type":"ListItem","position":2,"name":"Galer\u00eda Canad\u00e1"}]},{"@type":"WebSite","@id":"https:\/\/capturetheatlas.com\/es\/#website","url":"https:\/\/capturetheatlas.com\/es\/","name":"Capture the Atlas","description":"PHOTOGRAPHY \u00b7 TRAVEL \u00b7 ADVENTURE","publisher":{"@id":"https:\/\/capturetheatlas.com\/es\/#organization"},"potentialAction":[{"@type":"SearchAction","target":{"@type":"EntryPoint","urlTemplate":"https:\/\/capturetheatlas.com\/es\/?s={search_term_string}"},"query-input":{"@type":"PropertyValueSpecification","valueRequired":true,"valueName":"search_term_string"}}],"inLanguage":"es"},{"@type":"Organization","@id":"https:\/\/capturetheatlas.com\/es\/#organization","name":"Capture the Atlas","url":"https:\/\/capturetheatlas.com\/es\/","logo":{"@type":"ImageObject","inLanguage":"es","@id":"https:\/\/capturetheatlas.com\/es\/#\/schema\/logo\/image\/","url":"https:\/\/imgcap.capturetheatlas.com\/wp-content\/uploads\/2024\/03\/PNG-white-background-small.png","contentUrl":"https:\/\/imgcap.capturetheatlas.com\/wp-content\/uploads\/2024\/03\/PNG-white-background-small.png","width":500,"height":500,"caption":"Capture the Atlas"},"image":{"@id":"https:\/\/capturetheatlas.com\/es\/#\/schema\/logo\/image\/"},"sameAs":["https:\/\/www.facebook.com\/capturetheatlas\/","https:\/\/x.com\/capturetheatlas","https:\/\/www.instagram.com\/capturetheatlas\/","https:\/\/www.youtube.com\/channel\/UCJJlhj2psDvxXGhR3CmDeZg","https:\/\/pinterest.com\/capturetheatlas\/","https:\/\/www.linkedin.com\/company\/capture-the-atlas\/"]}]}},"_links":{"self":[{"href":"https:\/\/capturetheatlas.com\/es\/wp-json\/wp\/v2\/pages\/12149","targetHints":{"allow":["GET"]}}],"collection":[{"href":"https:\/\/capturetheatlas.com\/es\/wp-json\/wp\/v2\/pages"}],"about":[{"href":"https:\/\/capturetheatlas.com\/es\/wp-json\/wp\/v2\/types\/page"}],"author":[{"embeddable":true,"href":"https:\/\/capturetheatlas.com\/es\/wp-json\/wp\/v2\/users\/23"}],"replies":[{"embeddable":true,"href":"https:\/\/capturetheatlas.com\/es\/wp-json\/wp\/v2\/comments?post=12149"}],"version-history":[{"count":0,"href":"https:\/\/capturetheatlas.com\/es\/wp-json\/wp\/v2\/pages\/12149\/revisions"}],"wp:attachment":[{"href":"https:\/\/capturetheatlas.com\/es\/wp-json\/wp\/v2\/media?parent=12149"}],"curies":[{"name":"wp","href":"https:\/\/api.w.org\/{rel}","templated":true}]}}