{"id":13388,"date":"2018-05-15T15:51:04","date_gmt":"2018-05-15T20:51:04","guid":{"rendered":"https:\/\/capturetheatlas.com\/?page_id=13388"},"modified":"2023-01-12T18:13:52","modified_gmt":"2023-01-12T23:13:52","slug":"galeria-estados-unidos","status":"publish","type":"page","link":"https:\/\/capturetheatlas.com\/es\/galeria-estados-unidos\/","title":{"rendered":"Galer\u00eda Estados Unidos"},"content":{"rendered":"<div id=\"jig1\" class=\"justified-image-grid jig-e8cf7269d27985114049cd24b5774006 jig-preset-global jig-source-wp-gallery\"><div class=\"jig-clearfix\"><\/div><noscript id=\"jig1-html\" class=\"justified-image-grid-html\" data-lazy-src=\"skiplazyload\" data-src=\"skipunveillazyload\"><ul><li><a href=\"https:\/\/imgcap.capturetheatlas.com\/wp-content\/uploads\/2021\/01\/Monument-Valley-Cactus.jpg\"><img decoding=\"async\" src=\"https:\/\/imgcap.capturetheatlas.com\/wp-content\/uploads\/2021\/01\/Monument-Valley-Cactus-1024x684.jpg\" alt=\"Monument Valley, Estados Unidos\" width=\"823\" height=\"550\" \/><\/a><p class=\"jig-HTMLdescription\">Monument Valley, Estados Unidos<\/p><\/li><li><a href=\"https:\/\/imgcap.capturetheatlas.com\/wp-content\/uploads\/2021\/01\/Utah-WhitePocket-MWMars.jpg\"><img decoding=\"async\" src=\"https:\/\/imgcap.capturetheatlas.com\/wp-content\/uploads\/2021\/01\/Utah-WhitePocket-MWMars-1024x683.jpg\" alt=\"Utah-Arizona, Estados Unidos\" width=\"824\" height=\"550\" \/><\/a><p class=\"jig-HTMLdescription\">Utah-Arizona, Estados Unidos<\/p><\/li><li><a href=\"https:\/\/imgcap.capturetheatlas.com\/wp-content\/uploads\/2021\/01\/Antelope-Halos-1-acabada.jpg\"><img decoding=\"async\" src=\"https:\/\/imgcap.capturetheatlas.com\/wp-content\/uploads\/2021\/01\/Antelope-Halos-1-acabada-1024x683.jpg\" alt=\"Antelope Canyon, Estados Unidos\" width=\"824\" height=\"550\" \/><\/a><p class=\"jig-HTMLdescription\">Antelope Canyon, Estados Unidos<\/p><\/li><li><a href=\"https:\/\/imgcap.capturetheatlas.com\/wp-content\/uploads\/2021\/01\/Utah-reflectionCanyon-Presunrise.jpg\"><img decoding=\"async\" src=\"https:\/\/imgcap.capturetheatlas.com\/wp-content\/uploads\/2021\/01\/Utah-reflectionCanyon-Presunrise-1024x683.jpg\" alt=\"Utah, Estados Unidos\" width=\"824\" height=\"550\" \/><\/a><p class=\"jig-HTMLdescription\">Utah, Estados Unidos<\/p><\/li><li><a href=\"https:\/\/imgcap.capturetheatlas.com\/wp-content\/uploads\/2022\/06\/Mount-Shasta-Sunset-California.jpg\"><img decoding=\"async\" src=\"https:\/\/imgcap.capturetheatlas.com\/wp-content\/uploads\/2022\/06\/Mount-Shasta-Sunset-California-1024x683.jpg\" alt=\"\" width=\"824\" height=\"550\" \/><\/a><\/li><li><a href=\"https:\/\/imgcap.capturetheatlas.com\/wp-content\/uploads\/2021\/01\/Antelope-Canyon-cascada-2.jpg\"><img decoding=\"async\" src=\"https:\/\/imgcap.capturetheatlas.com\/wp-content\/uploads\/2021\/01\/Antelope-Canyon-cascada-2-684x1024.jpg\" alt=\"Antelope Canyon, Estados Unidos\" width=\"367\" height=\"550\" \/><\/a><p class=\"jig-HTMLdescription\">Antelope Canyon, Estados Unidos<\/p><\/li><li><a href=\"https:\/\/imgcap.capturetheatlas.com\/wp-content\/uploads\/2021\/01\/Utah-whitePocket-Orion1Ha.jpg\"><img decoding=\"async\" src=\"https:\/\/imgcap.capturetheatlas.com\/wp-content\/uploads\/2021\/01\/Utah-whitePocket-Orion1Ha-1024x683.jpg\" alt=\"Utah-Arizona, Estados Unidos\" width=\"824\" height=\"550\" \/><\/a><p class=\"jig-HTMLdescription\">Utah-Arizona, Estados Unidos<\/p><\/li><li><a href=\"https:\/\/imgcap.capturetheatlas.com\/wp-content\/uploads\/2021\/01\/Horseshoe-gold-bend.jpg\"><img decoding=\"async\" src=\"https:\/\/imgcap.capturetheatlas.com\/wp-content\/uploads\/2021\/01\/Horseshoe-gold-bend-1024x684.jpg\" alt=\"Horseshoe Bend, Estados Unidos\" width=\"823\" height=\"550\" \/><\/a><p class=\"jig-HTMLdescription\">Horseshoe Bend, Estados Unidos<\/p><\/li><li><a href=\"https:\/\/imgcap.capturetheatlas.com\/wp-content\/uploads\/2021\/01\/Tunnel-view-50-mm_.jpg\"><img decoding=\"async\" src=\"https:\/\/imgcap.capturetheatlas.com\/wp-content\/uploads\/2021\/01\/Tunnel-view-50-mm_-1024x683.jpg\" alt=\"Yosemite National Park, Estados Unidos\" width=\"824\" height=\"550\" \/><\/a><p class=\"jig-HTMLdescription\">Yosemite National Park, Estados Unidos<\/p><\/li><li><a href=\"https:\/\/imgcap.capturetheatlas.com\/wp-content\/uploads\/2021\/01\/Utah-CoyoteGulch-Pano-1V4.jpg\"><img decoding=\"async\" src=\"https:\/\/imgcap.capturetheatlas.com\/wp-content\/uploads\/2021\/01\/Utah-CoyoteGulch-Pano-1V4-1024x576.jpg\" alt=\"Utah, Estados Unidos\" width=\"977\" height=\"550\" \/><\/a><p class=\"jig-HTMLdescription\">Utah, Estados Unidos<\/p><\/li><li><a href=\"https:\/\/imgcap.capturetheatlas.com\/wp-content\/uploads\/2021\/01\/Utah-Coronaarchfirstselfie.jpg\"><img decoding=\"async\" src=\"https:\/\/imgcap.capturetheatlas.com\/wp-content\/uploads\/2021\/01\/Utah-Coronaarchfirstselfie-683x1024.jpg\" alt=\"\" width=\"366\" height=\"550\" \/><\/a><\/li><li><a href=\"https:\/\/imgcap.capturetheatlas.com\/wp-content\/uploads\/2021\/01\/Monument-Valley-arbol.jpg\"><img decoding=\"async\" src=\"https:\/\/imgcap.capturetheatlas.com\/wp-content\/uploads\/2021\/01\/Monument-Valley-arbol-1024x684.jpg\" alt=\"Monument Valley, Estados Unidos\" width=\"823\" height=\"550\" \/><\/a><p class=\"jig-HTMLdescription\">Monument Valley, Estados Unidos<\/p><\/li><li><a href=\"https:\/\/imgcap.capturetheatlas.com\/wp-content\/uploads\/2021\/01\/Utah-Zebra-crossline.jpg\"><img decoding=\"async\" src=\"https:\/\/imgcap.capturetheatlas.com\/wp-content\/uploads\/2021\/01\/Utah-Zebra-crossline-683x1024.jpg\" alt=\"Utah, Estados Unidos\" width=\"366\" height=\"550\" \/><\/a><p class=\"jig-HTMLdescription\">Utah, Estados Unidos<\/p><\/li><li><a href=\"https:\/\/imgcap.capturetheatlas.com\/wp-content\/uploads\/2021\/01\/Utah-Delicate-Arch-Selfie-Final.jpg\"><img decoding=\"async\" src=\"https:\/\/imgcap.capturetheatlas.com\/wp-content\/uploads\/2021\/01\/Utah-Delicate-Arch-Selfie-Final-1024x683.jpg\" alt=\"\" width=\"824\" height=\"550\" \/><\/a><\/li><li><a href=\"https:\/\/imgcap.capturetheatlas.com\/wp-content\/uploads\/2021\/01\/Utah-ZebraCanyon1.jpg\"><img decoding=\"async\" src=\"https:\/\/imgcap.capturetheatlas.com\/wp-content\/uploads\/2021\/01\/Utah-ZebraCanyon1-685x1024.jpg\" alt=\"Utah, Estados Unidos\" width=\"367\" height=\"550\" \/><\/a><p class=\"jig-HTMLdescription\">Utah, Estados Unidos<\/p><\/li><li><a href=\"https:\/\/imgcap.capturetheatlas.com\/wp-content\/uploads\/2021\/01\/Mojave-Moonrise.jpg\"><img decoding=\"async\" src=\"https:\/\/imgcap.capturetheatlas.com\/wp-content\/uploads\/2021\/01\/Mojave-Moonrise-1024x731.jpg\" alt=\"Mojave National Preserve, Estados Unidos\" width=\"770\" height=\"550\" \/><\/a><p class=\"jig-HTMLdescription\">Mojave National Preserve, Estados Unidos<\/p><\/li><li><a href=\"https:\/\/imgcap.capturetheatlas.com\/wp-content\/uploads\/2021\/01\/Utah-Kanarra-falls1.jpg\"><img decoding=\"async\" src=\"https:\/\/imgcap.capturetheatlas.com\/wp-content\/uploads\/2021\/01\/Utah-Kanarra-falls1-683x1024.jpg\" alt=\"Utah, Estados Unidos\" width=\"366\" height=\"550\" \/><\/a><p class=\"jig-HTMLdescription\">Utah, Estados Unidos<\/p><\/li><li><a href=\"https:\/\/imgcap.capturetheatlas.com\/wp-content\/uploads\/2021\/01\/Utah-Whitedomes-Panovertical1.jpg\"><img decoding=\"async\" src=\"https:\/\/imgcap.capturetheatlas.com\/wp-content\/uploads\/2021\/01\/Utah-Whitedomes-Panovertical1-1024x925.jpg\" alt=\"Utah, Estados Unidos\" width=\"608\" height=\"550\" \/><\/a><p class=\"jig-HTMLdescription\">Utah, Estados Unidos<\/p><\/li><li><a href=\"https:\/\/imgcap.capturetheatlas.com\/wp-content\/uploads\/2021\/01\/Ephimeral.jpg\"><img decoding=\"async\" src=\"https:\/\/imgcap.capturetheatlas.com\/wp-content\/uploads\/2021\/01\/Ephimeral-1024x684.jpg\" alt=\"Yosemite National Park, Estados Unidos\" width=\"823\" height=\"550\" \/><\/a><p class=\"jig-HTMLdescription\">Yosemite National Park, Estados Unidos<\/p><\/li><li><a href=\"https:\/\/imgcap.capturetheatlas.com\/wp-content\/uploads\/2021\/01\/Grand-Canyon.-Sunset-2-V2.jpg\"><img decoding=\"async\" src=\"https:\/\/imgcap.capturetheatlas.com\/wp-content\/uploads\/2021\/01\/Grand-Canyon.-Sunset-2-V2-1024x684.jpg\" alt=\"Grand Canyon National Park, Estados Unidos\" width=\"823\" height=\"550\" \/><\/a><p class=\"jig-HTMLdescription\">Grand Canyon National Park, Estados Unidos<\/p><\/li><li><a href=\"https:\/\/imgcap.capturetheatlas.com\/wp-content\/uploads\/2021\/01\/Antelope-Tunnel-cielo-1.jpg\"><img decoding=\"async\" src=\"https:\/\/imgcap.capturetheatlas.com\/wp-content\/uploads\/2021\/01\/Antelope-Tunnel-cielo-1-1024x684.jpg\" alt=\"Antelope Canyon, Estados Unidos\" width=\"823\" height=\"550\" \/><\/a><p class=\"jig-HTMLdescription\">Antelope Canyon, Estados Unidos<\/p><\/li><li><a href=\"https:\/\/imgcap.capturetheatlas.com\/wp-content\/uploads\/2021\/02\/Utah-arches-windows-Pano.jpg\"><img decoding=\"async\" src=\"https:\/\/imgcap.capturetheatlas.com\/wp-content\/uploads\/2021\/02\/Utah-arches-windows-Pano-1024x683.jpg\" alt=\"\" width=\"824\" height=\"550\" \/><\/a><\/li><li><a href=\"https:\/\/imgcap.capturetheatlas.com\/wp-content\/uploads\/2021\/01\/My-tunnel-view-V2.jpg\"><img decoding=\"async\" src=\"https:\/\/imgcap.capturetheatlas.com\/wp-content\/uploads\/2021\/01\/My-tunnel-view-V2-1024x684.jpg\" alt=\"Yosemite National Park, Estados Unidos\" width=\"823\" height=\"550\" \/><\/a><p class=\"jig-HTMLdescription\">Yosemite National Park, Estados Unidos<\/p><\/li><li><a href=\"https:\/\/imgcap.capturetheatlas.com\/wp-content\/uploads\/2021\/01\/Antelope-lower-3-cielos.jpg\"><img decoding=\"async\" src=\"https:\/\/imgcap.capturetheatlas.com\/wp-content\/uploads\/2021\/01\/Antelope-lower-3-cielos-1024x684.jpg\" alt=\"Antelope Canyon, Estados Unidos\" width=\"823\" height=\"550\" \/><\/a><p class=\"jig-HTMLdescription\">Antelope Canyon, Estados Unidos<\/p><\/li><li><a href=\"https:\/\/imgcap.capturetheatlas.com\/wp-content\/uploads\/2021\/01\/Mojave-compo-sunrise.jpg\"><img decoding=\"async\" src=\"https:\/\/imgcap.capturetheatlas.com\/wp-content\/uploads\/2021\/01\/Mojave-compo-sunrise-1024x683.jpg\" alt=\"Mojave National Preserve, Estados Unidos\" width=\"824\" height=\"550\" \/><\/a><p class=\"jig-HTMLdescription\">Mojave National Preserve, Estados Unidos<\/p><\/li><li><a href=\"https:\/\/imgcap.capturetheatlas.com\/wp-content\/uploads\/2021\/01\/Gran-Canyon-flying-eagle.jpg\"><img decoding=\"async\" src=\"https:\/\/imgcap.capturetheatlas.com\/wp-content\/uploads\/2021\/01\/Gran-Canyon-flying-eagle-1024x684.jpg\" alt=\"Grand Canyon National Park, Estados Unidos\" width=\"823\" height=\"550\" \/><\/a><p class=\"jig-HTMLdescription\">Grand Canyon National Park, Estados Unidos<\/p><\/li><li><a href=\"https:\/\/imgcap.capturetheatlas.com\/wp-content\/uploads\/2021\/01\/FOM_6733-Editar.jpg\"><img decoding=\"async\" src=\"https:\/\/imgcap.capturetheatlas.com\/wp-content\/uploads\/2021\/01\/FOM_6733-Editar-1024x685.jpg\" alt=\"Monument Valley, Estados Unidos\" width=\"822\" height=\"550\" \/><\/a><p class=\"jig-HTMLdescription\">Monument Valley, Estados Unidos<\/p><\/li><li><a href=\"https:\/\/imgcap.capturetheatlas.com\/wp-content\/uploads\/2021\/01\/Bryce-Pre-sunrise.jpg\"><img decoding=\"async\" src=\"https:\/\/imgcap.capturetheatlas.com\/wp-content\/uploads\/2021\/01\/Bryce-Pre-sunrise-1024x684.jpg\" alt=\"Bryce National Park, Estados Unidos\" width=\"823\" height=\"550\" \/><\/a><p class=\"jig-HTMLdescription\">Bryce National Park, Estados Unidos<\/p><\/li><li><a href=\"https:\/\/imgcap.capturetheatlas.com\/wp-content\/uploads\/2021\/01\/Bryce.jpg\"><img decoding=\"async\" src=\"https:\/\/imgcap.capturetheatlas.com\/wp-content\/uploads\/2021\/01\/Bryce-1024x684.jpg\" alt=\"Bryce National Park, Estados Unidos\" width=\"823\" height=\"550\" \/><\/a><p class=\"jig-HTMLdescription\">Bryce National Park, Estados Unidos<\/p><\/li><li><a href=\"https:\/\/imgcap.capturetheatlas.com\/wp-content\/uploads\/2021\/01\/Antelope-Canyon-espiral.jpg\"><img decoding=\"async\" src=\"https:\/\/imgcap.capturetheatlas.com\/wp-content\/uploads\/2021\/01\/Antelope-Canyon-espiral-684x1024.jpg\" alt=\"Antelope Canyon, Estados Unidos\" width=\"367\" height=\"550\" \/><\/a><p class=\"jig-HTMLdescription\">Antelope Canyon, Estados Unidos<\/p><\/li><li><a href=\"https:\/\/imgcap.capturetheatlas.com\/wp-content\/uploads\/2021\/02\/Utah-Mesa-arch-1st-Final.jpg\"><img decoding=\"async\" src=\"https:\/\/imgcap.capturetheatlas.com\/wp-content\/uploads\/2021\/02\/Utah-Mesa-arch-1st-Final-1024x683.jpg\" alt=\"Utah, USA\" width=\"824\" height=\"550\" \/><\/a><p class=\"jig-HTMLdescription\">Utah, USA<\/p><\/li><li><a href=\"https:\/\/imgcap.capturetheatlas.com\/wp-content\/uploads\/2021\/02\/Utah-Whitepocket-Moon-vertical.jpg\"><img decoding=\"async\" src=\"https:\/\/imgcap.capturetheatlas.com\/wp-content\/uploads\/2021\/02\/Utah-Whitepocket-Moon-vertical-683x1024.jpg\" alt=\"Utah-Arizona, USA\" width=\"366\" height=\"550\" \/><\/a><p class=\"jig-HTMLdescription\">Utah-Arizona, USA<\/p><\/li><li><a href=\"https:\/\/imgcap.capturetheatlas.com\/wp-content\/uploads\/2021\/01\/Valley-View-day.jpg\"><img decoding=\"async\" src=\"https:\/\/imgcap.capturetheatlas.com\/wp-content\/uploads\/2021\/01\/Valley-View-day-1024x684.jpg\" alt=\"Yosemite National Park, Estados Unidos\" width=\"823\" height=\"550\" \/><\/a><p class=\"jig-HTMLdescription\">Yosemite National Park, Estados Unidos<\/p><\/li><li><a href=\"https:\/\/imgcap.capturetheatlas.com\/wp-content\/uploads\/2021\/02\/Utah-Deadhorse-sunrise.jpg\"><img decoding=\"async\" src=\"https:\/\/imgcap.capturetheatlas.com\/wp-content\/uploads\/2021\/02\/Utah-Deadhorse-sunrise-1024x683.jpg\" alt=\"Utah, USA\" width=\"824\" height=\"550\" \/><\/a><p class=\"jig-HTMLdescription\">Utah, USA<\/p><\/li><li><a href=\"https:\/\/imgcap.capturetheatlas.com\/wp-content\/uploads\/2021\/02\/Utah-badlands-2.jpg\"><img decoding=\"async\" src=\"https:\/\/imgcap.capturetheatlas.com\/wp-content\/uploads\/2021\/02\/Utah-badlands-2-1024x683.jpg\" alt=\"Utah, USA\" width=\"824\" height=\"550\" \/><\/a><p class=\"jig-HTMLdescription\">Utah, USA<\/p><\/li><li><a href=\"https:\/\/imgcap.capturetheatlas.com\/wp-content\/uploads\/2021\/02\/Utah-Devilsgarden-Treasure-Panorama-copy-2.jpg\"><img decoding=\"async\" src=\"https:\/\/imgcap.capturetheatlas.com\/wp-content\/uploads\/2021\/02\/Utah-Devilsgarden-Treasure-Panorama-copy-2-1024x576.jpg\" alt=\"Utah, USA\" width=\"977\" height=\"550\" \/><\/a><p class=\"jig-HTMLdescription\">Utah, USA<\/p><\/li><\/ul><\/noscript><\/div>\n\n","protected":false},"excerpt":{"rendered":"","protected":false},"author":23,"featured_media":0,"parent":0,"menu_order":0,"comment_status":"closed","ping_status":"closed","template":"page-template\/galeria.php","meta":{"_acf_changed":false,"footnotes":""},"class_list":["post-13388","page","type-page","status-publish","hentry"],"acf":[],"yoast_head":"<!-- This site is optimized with the Yoast SEO Premium plugin v20.0 (Yoast SEO v26.4) - https:\/\/yoast.com\/wordpress\/plugins\/seo\/ -->\n<title>Galer\u00eda Estados Unidos - Fotos de Parques Nacionales de EEUU<\/title>\n<meta name=\"description\" content=\"Selecci\u00f3n personal de las mejores im\u00e1genes de los Parques Nacionales y paisajes sobrenaturales de Estados Unidos por Dan Zafra.\" \/>\n<meta name=\"robots\" content=\"index, follow, max-snippet:-1, max-image-preview:large, max-video-preview:-1\" \/>\n<link rel=\"canonical\" href=\"https:\/\/capturetheatlas.com\/es\/galeria-estados-unidos\/\" \/>\n<meta property=\"og:locale\" content=\"es_ES\" \/>\n<meta property=\"og:type\" content=\"article\" \/>\n<meta property=\"og:title\" content=\"Galer\u00eda Estados Unidos\" \/>\n<meta property=\"og:description\" content=\"Selecci\u00f3n personal de las mejores im\u00e1genes de los Parques Nacionales y paisajes sobrenaturales de Estados Unidos por Dan Zafra.\" \/>\n<meta property=\"og:url\" content=\"https:\/\/capturetheatlas.com\/es\/galeria-estados-unidos\/\" \/>\n<meta property=\"og:site_name\" content=\"Capture the Atlas\" \/>\n<meta property=\"article:publisher\" content=\"https:\/\/www.facebook.com\/capturetheatlas\/\" \/>\n<meta property=\"article:modified_time\" content=\"2023-01-12T23:13:52+00:00\" \/>\n<meta property=\"og:image\" content=\"https:\/\/capturetheatlas.com\/wp-content\/uploads\/2021\/01\/Monument-Valley-Cactus-150x150.jpg\" \/>\n<meta name=\"twitter:label1\" content=\"Tiempo de lectura\" \/>\n\t<meta name=\"twitter:data1\" content=\"1 minuto\" \/>\n<script type=\"application\/ld+json\" class=\"yoast-schema-graph\">{\"@context\":\"https:\/\/schema.org\",\"@graph\":[{\"@type\":\"WebPage\",\"@id\":\"https:\/\/capturetheatlas.com\/es\/galeria-estados-unidos\/\",\"url\":\"https:\/\/capturetheatlas.com\/es\/galeria-estados-unidos\/\",\"name\":\"Galer\u00eda Estados Unidos - Fotos de Parques Nacionales de EEUU\",\"isPartOf\":{\"@id\":\"https:\/\/capturetheatlas.com\/es\/#website\"},\"datePublished\":\"2018-05-15T20:51:04+00:00\",\"dateModified\":\"2023-01-12T23:13:52+00:00\",\"description\":\"Selecci\u00f3n personal de las mejores im\u00e1genes de los Parques Nacionales y paisajes sobrenaturales de Estados Unidos por Dan Zafra.\",\"breadcrumb\":{\"@id\":\"https:\/\/capturetheatlas.com\/es\/galeria-estados-unidos\/#breadcrumb\"},\"inLanguage\":\"es\",\"potentialAction\":[{\"@type\":\"ReadAction\",\"target\":[\"https:\/\/capturetheatlas.com\/es\/galeria-estados-unidos\/\"]}]},{\"@type\":\"BreadcrumbList\",\"@id\":\"https:\/\/capturetheatlas.com\/es\/galeria-estados-unidos\/#breadcrumb\",\"itemListElement\":[{\"@type\":\"ListItem\",\"position\":1,\"name\":\"Home\",\"item\":\"https:\/\/capturetheatlas.com\/es\/\"},{\"@type\":\"ListItem\",\"position\":2,\"name\":\"Galer\u00eda Estados Unidos\"}]},{\"@type\":\"WebSite\",\"@id\":\"https:\/\/capturetheatlas.com\/es\/#website\",\"url\":\"https:\/\/capturetheatlas.com\/es\/\",\"name\":\"Capture the Atlas\",\"description\":\"PHOTOGRAPHY \u00b7 TRAVEL \u00b7 ADVENTURE\",\"publisher\":{\"@id\":\"https:\/\/capturetheatlas.com\/es\/#organization\"},\"potentialAction\":[{\"@type\":\"SearchAction\",\"target\":{\"@type\":\"EntryPoint\",\"urlTemplate\":\"https:\/\/capturetheatlas.com\/es\/?s={search_term_string}\"},\"query-input\":{\"@type\":\"PropertyValueSpecification\",\"valueRequired\":true,\"valueName\":\"search_term_string\"}}],\"inLanguage\":\"es\"},{\"@type\":\"Organization\",\"@id\":\"https:\/\/capturetheatlas.com\/es\/#organization\",\"name\":\"Capture the Atlas\",\"url\":\"https:\/\/capturetheatlas.com\/es\/\",\"logo\":{\"@type\":\"ImageObject\",\"inLanguage\":\"es\",\"@id\":\"https:\/\/capturetheatlas.com\/es\/#\/schema\/logo\/image\/\",\"url\":\"https:\/\/imgcap.capturetheatlas.com\/wp-content\/uploads\/2024\/03\/PNG-white-background-small.png\",\"contentUrl\":\"https:\/\/imgcap.capturetheatlas.com\/wp-content\/uploads\/2024\/03\/PNG-white-background-small.png\",\"width\":500,\"height\":500,\"caption\":\"Capture the Atlas\"},\"image\":{\"@id\":\"https:\/\/capturetheatlas.com\/es\/#\/schema\/logo\/image\/\"},\"sameAs\":[\"https:\/\/www.facebook.com\/capturetheatlas\/\",\"https:\/\/x.com\/capturetheatlas\",\"https:\/\/www.instagram.com\/capturetheatlas\/\",\"https:\/\/www.youtube.com\/channel\/UCJJlhj2psDvxXGhR3CmDeZg\",\"https:\/\/pinterest.com\/capturetheatlas\/\",\"https:\/\/www.linkedin.com\/company\/capture-the-atlas\/\"]}]}<\/script>\n<!-- \/ Yoast SEO Premium plugin. -->","yoast_head_json":{"title":"Galer\u00eda Estados Unidos - Fotos de Parques Nacionales de EEUU","description":"Selecci\u00f3n personal de las mejores im\u00e1genes de los Parques Nacionales y paisajes sobrenaturales de Estados Unidos por Dan Zafra.","robots":{"index":"index","follow":"follow","max-snippet":"max-snippet:-1","max-image-preview":"max-image-preview:large","max-video-preview":"max-video-preview:-1"},"canonical":"https:\/\/capturetheatlas.com\/es\/galeria-estados-unidos\/","og_locale":"es_ES","og_type":"article","og_title":"Galer\u00eda Estados Unidos","og_description":"Selecci\u00f3n personal de las mejores im\u00e1genes de los Parques Nacionales y paisajes sobrenaturales de Estados Unidos por Dan Zafra.","og_url":"https:\/\/capturetheatlas.com\/es\/galeria-estados-unidos\/","og_site_name":"Capture the Atlas","article_publisher":"https:\/\/www.facebook.com\/capturetheatlas\/","article_modified_time":"2023-01-12T23:13:52+00:00","og_image":[{"url":"https:\/\/capturetheatlas.com\/wp-content\/uploads\/2021\/01\/Monument-Valley-Cactus-150x150.jpg","type":"","width":"","height":""}],"twitter_misc":{"Tiempo de lectura":"1 minuto"},"schema":{"@context":"https:\/\/schema.org","@graph":[{"@type":"WebPage","@id":"https:\/\/capturetheatlas.com\/es\/galeria-estados-unidos\/","url":"https:\/\/capturetheatlas.com\/es\/galeria-estados-unidos\/","name":"Galer\u00eda Estados Unidos - Fotos de Parques Nacionales de EEUU","isPartOf":{"@id":"https:\/\/capturetheatlas.com\/es\/#website"},"datePublished":"2018-05-15T20:51:04+00:00","dateModified":"2023-01-12T23:13:52+00:00","description":"Selecci\u00f3n personal de las mejores im\u00e1genes de los Parques Nacionales y paisajes sobrenaturales de Estados Unidos por Dan Zafra.","breadcrumb":{"@id":"https:\/\/capturetheatlas.com\/es\/galeria-estados-unidos\/#breadcrumb"},"inLanguage":"es","potentialAction":[{"@type":"ReadAction","target":["https:\/\/capturetheatlas.com\/es\/galeria-estados-unidos\/"]}]},{"@type":"BreadcrumbList","@id":"https:\/\/capturetheatlas.com\/es\/galeria-estados-unidos\/#breadcrumb","itemListElement":[{"@type":"ListItem","position":1,"name":"Home","item":"https:\/\/capturetheatlas.com\/es\/"},{"@type":"ListItem","position":2,"name":"Galer\u00eda Estados Unidos"}]},{"@type":"WebSite","@id":"https:\/\/capturetheatlas.com\/es\/#website","url":"https:\/\/capturetheatlas.com\/es\/","name":"Capture the Atlas","description":"PHOTOGRAPHY \u00b7 TRAVEL \u00b7 ADVENTURE","publisher":{"@id":"https:\/\/capturetheatlas.com\/es\/#organization"},"potentialAction":[{"@type":"SearchAction","target":{"@type":"EntryPoint","urlTemplate":"https:\/\/capturetheatlas.com\/es\/?s={search_term_string}"},"query-input":{"@type":"PropertyValueSpecification","valueRequired":true,"valueName":"search_term_string"}}],"inLanguage":"es"},{"@type":"Organization","@id":"https:\/\/capturetheatlas.com\/es\/#organization","name":"Capture the Atlas","url":"https:\/\/capturetheatlas.com\/es\/","logo":{"@type":"ImageObject","inLanguage":"es","@id":"https:\/\/capturetheatlas.com\/es\/#\/schema\/logo\/image\/","url":"https:\/\/imgcap.capturetheatlas.com\/wp-content\/uploads\/2024\/03\/PNG-white-background-small.png","contentUrl":"https:\/\/imgcap.capturetheatlas.com\/wp-content\/uploads\/2024\/03\/PNG-white-background-small.png","width":500,"height":500,"caption":"Capture the Atlas"},"image":{"@id":"https:\/\/capturetheatlas.com\/es\/#\/schema\/logo\/image\/"},"sameAs":["https:\/\/www.facebook.com\/capturetheatlas\/","https:\/\/x.com\/capturetheatlas","https:\/\/www.instagram.com\/capturetheatlas\/","https:\/\/www.youtube.com\/channel\/UCJJlhj2psDvxXGhR3CmDeZg","https:\/\/pinterest.com\/capturetheatlas\/","https:\/\/www.linkedin.com\/company\/capture-the-atlas\/"]}]}},"_links":{"self":[{"href":"https:\/\/capturetheatlas.com\/es\/wp-json\/wp\/v2\/pages\/13388","targetHints":{"allow":["GET"]}}],"collection":[{"href":"https:\/\/capturetheatlas.com\/es\/wp-json\/wp\/v2\/pages"}],"about":[{"href":"https:\/\/capturetheatlas.com\/es\/wp-json\/wp\/v2\/types\/page"}],"author":[{"embeddable":true,"href":"https:\/\/capturetheatlas.com\/es\/wp-json\/wp\/v2\/users\/23"}],"replies":[{"embeddable":true,"href":"https:\/\/capturetheatlas.com\/es\/wp-json\/wp\/v2\/comments?post=13388"}],"version-history":[{"count":0,"href":"https:\/\/capturetheatlas.com\/es\/wp-json\/wp\/v2\/pages\/13388\/revisions"}],"wp:attachment":[{"href":"https:\/\/capturetheatlas.com\/es\/wp-json\/wp\/v2\/media?parent=13388"}],"curies":[{"name":"wp","href":"https:\/\/api.w.org\/{rel}","templated":true}]}}