{"id":170,"date":"2016-10-04T08:45:04","date_gmt":"2016-10-04T13:45:04","guid":{"rendered":"https:\/\/capturetheatlas.com\/?page_id=170"},"modified":"2023-01-12T18:25:52","modified_gmt":"2023-01-12T23:25:52","slug":"contacto","status":"publish","type":"page","link":"https:\/\/capturetheatlas.com\/es\/contacto\/","title":{"rendered":"Contacto"},"content":{"rendered":"<p style=\"text-align: justify;\">Cont\u00e1ctanos si tienes alguna pregunta sobre:<\/p>\n<ul>\n<li style=\"text-align: justify;\"><strong>Viajes fotogr\u00e1ficos:<\/strong> Consultas generales y reservas.<\/li>\n<\/ul>\n<ul>\n<li style=\"text-align: justify;\"><strong>Medios de comunicaci\u00f3n<\/strong>: Para conseguir notas de prensa sobre nuestros concursos \u201c<a href=\"https:\/\/capturetheatlas.com\/es\/mejores-fotos-via-lactea\/\" target=\"_blank\" rel=\"noopener noreferrer\">Milky Way Photographer of the Year<\/a>\u201d, \u201c<a href=\"https:\/\/capturetheatlas.com\/es\/northern-lights-photographer-of-the-year\/\" target=\"_blank\" rel=\"noopener noreferrer\">Northern Lights Photographer of the Year<\/a>\u201d o cualquier otro contenido editorial. Tambi\u00e9n puedes contactarnos a trav\u00e9s de <a href=\"mailto:info@capturetheatlas.com\" target=\"_blank\" rel=\"noopener nofollow noreferrer\">info@capturetheatlas.com<\/a><\/li>\n<\/ul>\n<ul>\n<li style=\"text-align: justify;\"><strong>Colaboraciones:<\/strong> Para proponernos proyectos o colaboraciones. (<strong>No aceptamos guest posts<\/strong>).<\/li>\n<\/ul>\n<p style=\"text-align: justify;\">Si tienes alguna pregunta o sugerencia relacionada con cualquiera de nuestros art\u00edculos de viaje o fotograf\u00eda, <strong>deja un comentario en dicho art\u00edculo<\/strong> (los respondemos diariamente). Debido a la gran cantidad de correos electr\u00f3nicos que recibimos, <strong>no podemos dar asesoramiento general sobre viajes o fotograf\u00eda mediante correo electr\u00f3nico.<\/strong><\/p>\n<p style=\"text-align: justify;\">Tambi\u00e9n puedes ponerte en contacto con nosotros a trav\u00e9s de nuestras redes sociales en <a href=\"https:\/\/www.instagram.com\/capturetheatlas\/\" target=\"_blank\" rel=\"noopener nofollow noreferrer\">@Capturetheatlas<\/a><\/p>\n<p style=\"text-align: justify;\">\n<div class=\"wpcf7 no-js\" id=\"wpcf7-f27572-o1\" lang=\"en-US\" dir=\"ltr\" data-wpcf7-id=\"27572\">\n<div class=\"screen-reader-response\"><p role=\"status\" aria-live=\"polite\" aria-atomic=\"true\"><\/p> <ul><\/ul><\/div>\n<form action=\"\/es\/wp-json\/wp\/v2\/pages\/170#wpcf7-f27572-o1\" method=\"post\" class=\"wpcf7-form init\" aria-label=\"Contact form\" novalidate=\"novalidate\" data-status=\"init\">\n<fieldset class=\"hidden-fields-container\"><input type=\"hidden\" name=\"_wpcf7\" value=\"27572\" \/><input type=\"hidden\" name=\"_wpcf7_version\" value=\"6.1.3\" \/><input type=\"hidden\" name=\"_wpcf7_locale\" value=\"en_US\" \/><input type=\"hidden\" name=\"_wpcf7_unit_tag\" value=\"wpcf7-f27572-o1\" \/><input type=\"hidden\" name=\"_wpcf7_container_post\" value=\"0\" \/><input type=\"hidden\" name=\"_wpcf7_posted_data_hash\" value=\"\" \/>\n<\/fieldset>\n<p><label> Nombre (requerido)<br \/>\n<span class=\"wpcf7-form-control-wrap\" data-name=\"your-name\"><input size=\"40\" maxlength=\"400\" class=\"wpcf7-form-control wpcf7-text wpcf7-validates-as-required\" aria-required=\"true\" aria-invalid=\"false\" value=\"\" type=\"text\" name=\"your-name\" \/><\/span> <\/label>\n<\/p>\n<p><label> Email (requerido)<br \/>\n<span class=\"wpcf7-form-control-wrap\" data-name=\"your-email\"><input size=\"40\" maxlength=\"400\" class=\"wpcf7-form-control wpcf7-email wpcf7-validates-as-required wpcf7-text wpcf7-validates-as-email\" aria-required=\"true\" aria-invalid=\"false\" value=\"\" type=\"email\" name=\"your-email\" \/><\/span> <\/label>\n<\/p>\n<p><label> Asunto<br \/>\n<span class=\"wpcf7-form-control-wrap\" data-name=\"your-subject\"><input size=\"40\" maxlength=\"400\" class=\"wpcf7-form-control wpcf7-text\" aria-invalid=\"false\" value=\"\" type=\"text\" name=\"your-subject\" \/><\/span> <\/label>\n<\/p>\n<p><label> Mensaje<br \/>\n<span class=\"wpcf7-form-control-wrap\" data-name=\"your-message\"><textarea cols=\"40\" rows=\"10\" maxlength=\"2000\" class=\"wpcf7-form-control wpcf7-textarea\" aria-invalid=\"false\" name=\"your-message\"><\/textarea><\/span> <\/label><br \/>\n<div id=\"cf7sr-69e9390e5964c\" class=\"cf7sr-g-recaptcha\" data-theme=\"light\" data-type=\"image\" data-size=\"normal\" data-sitekey=\"6LdJr_4rAAAAAAAiIEfEyihJmp7pjfsh4rLQWeHb\"><\/div><span class=\"wpcf7-form-control-wrap cf7sr-recaptcha\" data-name=\"cf7sr-recaptcha\"><input type=\"hidden\" name=\"cf7sr-recaptcha\" value=\"\" class=\"wpcf7-form-control\"><\/span><br \/>\n<input class=\"wpcf7-form-control wpcf7-submit has-spinner\" type=\"submit\" value=\"Enviar\" \/>\n<\/p><div class=\"wpcf7-response-output\" aria-hidden=\"true\"><\/div>\n<\/form>\n<\/div>\n<\/p>\n<p style=\"text-align: justify;\">\n","protected":false},"excerpt":{"rendered":"<p>Cont\u00e1ctanos si tienes alguna pregunta sobre: Viajes fotogr\u00e1ficos: Consultas generales y reservas. Medios de comunicaci\u00f3n: Para conseguir notas de prensa sobre nuestros concursos \u201cMilky Way Photographer of the Year\u201d, \u201cNorthern Lights Photographer of the Year\u201d o cualquier otro contenido editorial. Tambi\u00e9n puedes contactarnos a trav\u00e9s de info@capturetheatlas.com Colaboraciones: Para proponernos proyectos o colaboraciones. (No aceptamos [&hellip;]<\/p>\n","protected":false},"author":1,"featured_media":0,"parent":0,"menu_order":0,"comment_status":"closed","ping_status":"closed","template":"page-template\/genericas.php","meta":{"_acf_changed":false,"footnotes":""},"class_list":["post-170","page","type-page","status-publish","hentry"],"acf":[],"yoast_head":"<!-- This site is optimized with the Yoast SEO Premium plugin v20.0 (Yoast SEO v26.4) - https:\/\/yoast.com\/wordpress\/plugins\/seo\/ -->\n<title>Informaci\u00f3n de Contacto de Capture the Atlas - \u00a1Te ayudamos!<\/title>\n<meta name=\"description\" content=\"\u00bfNecesitas m\u00e1s informaci\u00f3n sobre nuestros viajes fotogr\u00e1ficos? \u00bfQuieres proponernos un nuevo destino o una colaboraci\u00f3n? Cont\u00e1ctanos.\" \/>\n<meta name=\"robots\" content=\"index, follow, max-snippet:-1, max-image-preview:large, max-video-preview:-1\" \/>\n<link rel=\"canonical\" href=\"https:\/\/capturetheatlas.com\/es\/contacto\/\" \/>\n<meta property=\"og:locale\" content=\"es_ES\" \/>\n<meta property=\"og:type\" content=\"article\" \/>\n<meta property=\"og:title\" content=\"Contacto\" \/>\n<meta property=\"og:description\" content=\"\u00bfNecesitas m\u00e1s informaci\u00f3n sobre nuestros viajes fotogr\u00e1ficos? \u00bfQuieres proponernos un nuevo destino o una colaboraci\u00f3n? Cont\u00e1ctanos.\" \/>\n<meta property=\"og:url\" content=\"https:\/\/capturetheatlas.com\/es\/contacto\/\" \/>\n<meta property=\"og:site_name\" content=\"Capture the Atlas\" \/>\n<meta property=\"article:publisher\" content=\"https:\/\/www.facebook.com\/capturetheatlas\/\" \/>\n<meta property=\"article:modified_time\" content=\"2023-01-12T23:25:52+00:00\" \/>\n<meta name=\"twitter:label1\" content=\"Tiempo de lectura\" \/>\n\t<meta name=\"twitter:data1\" content=\"1 minuto\" \/>\n<script type=\"application\/ld+json\" class=\"yoast-schema-graph\">{\"@context\":\"https:\/\/schema.org\",\"@graph\":[{\"@type\":\"WebPage\",\"@id\":\"https:\/\/capturetheatlas.com\/es\/contacto\/\",\"url\":\"https:\/\/capturetheatlas.com\/es\/contacto\/\",\"name\":\"Informaci\u00f3n de Contacto de Capture the Atlas - \u00a1Te ayudamos!\",\"isPartOf\":{\"@id\":\"https:\/\/capturetheatlas.com\/es\/#website\"},\"datePublished\":\"2016-10-04T13:45:04+00:00\",\"dateModified\":\"2023-01-12T23:25:52+00:00\",\"description\":\"\u00bfNecesitas m\u00e1s informaci\u00f3n sobre nuestros viajes fotogr\u00e1ficos? \u00bfQuieres proponernos un nuevo destino o una colaboraci\u00f3n? Cont\u00e1ctanos.\",\"breadcrumb\":{\"@id\":\"https:\/\/capturetheatlas.com\/es\/contacto\/#breadcrumb\"},\"inLanguage\":\"es\",\"potentialAction\":[{\"@type\":\"ReadAction\",\"target\":[\"https:\/\/capturetheatlas.com\/es\/contacto\/\"]}]},{\"@type\":\"BreadcrumbList\",\"@id\":\"https:\/\/capturetheatlas.com\/es\/contacto\/#breadcrumb\",\"itemListElement\":[{\"@type\":\"ListItem\",\"position\":1,\"name\":\"Home\",\"item\":\"https:\/\/capturetheatlas.com\/es\/\"},{\"@type\":\"ListItem\",\"position\":2,\"name\":\"Contacto\"}]},{\"@type\":\"WebSite\",\"@id\":\"https:\/\/capturetheatlas.com\/es\/#website\",\"url\":\"https:\/\/capturetheatlas.com\/es\/\",\"name\":\"Capture the Atlas\",\"description\":\"PHOTOGRAPHY \u00b7 TRAVEL \u00b7 ADVENTURE\",\"publisher\":{\"@id\":\"https:\/\/capturetheatlas.com\/es\/#organization\"},\"potentialAction\":[{\"@type\":\"SearchAction\",\"target\":{\"@type\":\"EntryPoint\",\"urlTemplate\":\"https:\/\/capturetheatlas.com\/es\/?s={search_term_string}\"},\"query-input\":{\"@type\":\"PropertyValueSpecification\",\"valueRequired\":true,\"valueName\":\"search_term_string\"}}],\"inLanguage\":\"es\"},{\"@type\":\"Organization\",\"@id\":\"https:\/\/capturetheatlas.com\/es\/#organization\",\"name\":\"Capture the Atlas\",\"url\":\"https:\/\/capturetheatlas.com\/es\/\",\"logo\":{\"@type\":\"ImageObject\",\"inLanguage\":\"es\",\"@id\":\"https:\/\/capturetheatlas.com\/es\/#\/schema\/logo\/image\/\",\"url\":\"https:\/\/imgcap.capturetheatlas.com\/wp-content\/uploads\/2024\/03\/PNG-white-background-small.png\",\"contentUrl\":\"https:\/\/imgcap.capturetheatlas.com\/wp-content\/uploads\/2024\/03\/PNG-white-background-small.png\",\"width\":500,\"height\":500,\"caption\":\"Capture the Atlas\"},\"image\":{\"@id\":\"https:\/\/capturetheatlas.com\/es\/#\/schema\/logo\/image\/\"},\"sameAs\":[\"https:\/\/www.facebook.com\/capturetheatlas\/\",\"https:\/\/x.com\/capturetheatlas\",\"https:\/\/www.instagram.com\/capturetheatlas\/\",\"https:\/\/www.youtube.com\/channel\/UCJJlhj2psDvxXGhR3CmDeZg\",\"https:\/\/pinterest.com\/capturetheatlas\/\",\"https:\/\/www.linkedin.com\/company\/capture-the-atlas\/\"]}]}<\/script>\n<!-- \/ Yoast SEO Premium plugin. -->","yoast_head_json":{"title":"Informaci\u00f3n de Contacto de Capture the Atlas - \u00a1Te ayudamos!","description":"\u00bfNecesitas m\u00e1s informaci\u00f3n sobre nuestros viajes fotogr\u00e1ficos? \u00bfQuieres proponernos un nuevo destino o una colaboraci\u00f3n? Cont\u00e1ctanos.","robots":{"index":"index","follow":"follow","max-snippet":"max-snippet:-1","max-image-preview":"max-image-preview:large","max-video-preview":"max-video-preview:-1"},"canonical":"https:\/\/capturetheatlas.com\/es\/contacto\/","og_locale":"es_ES","og_type":"article","og_title":"Contacto","og_description":"\u00bfNecesitas m\u00e1s informaci\u00f3n sobre nuestros viajes fotogr\u00e1ficos? \u00bfQuieres proponernos un nuevo destino o una colaboraci\u00f3n? Cont\u00e1ctanos.","og_url":"https:\/\/capturetheatlas.com\/es\/contacto\/","og_site_name":"Capture the Atlas","article_publisher":"https:\/\/www.facebook.com\/capturetheatlas\/","article_modified_time":"2023-01-12T23:25:52+00:00","twitter_misc":{"Tiempo de lectura":"1 minuto"},"schema":{"@context":"https:\/\/schema.org","@graph":[{"@type":"WebPage","@id":"https:\/\/capturetheatlas.com\/es\/contacto\/","url":"https:\/\/capturetheatlas.com\/es\/contacto\/","name":"Informaci\u00f3n de Contacto de Capture the Atlas - \u00a1Te ayudamos!","isPartOf":{"@id":"https:\/\/capturetheatlas.com\/es\/#website"},"datePublished":"2016-10-04T13:45:04+00:00","dateModified":"2023-01-12T23:25:52+00:00","description":"\u00bfNecesitas m\u00e1s informaci\u00f3n sobre nuestros viajes fotogr\u00e1ficos? \u00bfQuieres proponernos un nuevo destino o una colaboraci\u00f3n? Cont\u00e1ctanos.","breadcrumb":{"@id":"https:\/\/capturetheatlas.com\/es\/contacto\/#breadcrumb"},"inLanguage":"es","potentialAction":[{"@type":"ReadAction","target":["https:\/\/capturetheatlas.com\/es\/contacto\/"]}]},{"@type":"BreadcrumbList","@id":"https:\/\/capturetheatlas.com\/es\/contacto\/#breadcrumb","itemListElement":[{"@type":"ListItem","position":1,"name":"Home","item":"https:\/\/capturetheatlas.com\/es\/"},{"@type":"ListItem","position":2,"name":"Contacto"}]},{"@type":"WebSite","@id":"https:\/\/capturetheatlas.com\/es\/#website","url":"https:\/\/capturetheatlas.com\/es\/","name":"Capture the Atlas","description":"PHOTOGRAPHY \u00b7 TRAVEL \u00b7 ADVENTURE","publisher":{"@id":"https:\/\/capturetheatlas.com\/es\/#organization"},"potentialAction":[{"@type":"SearchAction","target":{"@type":"EntryPoint","urlTemplate":"https:\/\/capturetheatlas.com\/es\/?s={search_term_string}"},"query-input":{"@type":"PropertyValueSpecification","valueRequired":true,"valueName":"search_term_string"}}],"inLanguage":"es"},{"@type":"Organization","@id":"https:\/\/capturetheatlas.com\/es\/#organization","name":"Capture the Atlas","url":"https:\/\/capturetheatlas.com\/es\/","logo":{"@type":"ImageObject","inLanguage":"es","@id":"https:\/\/capturetheatlas.com\/es\/#\/schema\/logo\/image\/","url":"https:\/\/imgcap.capturetheatlas.com\/wp-content\/uploads\/2024\/03\/PNG-white-background-small.png","contentUrl":"https:\/\/imgcap.capturetheatlas.com\/wp-content\/uploads\/2024\/03\/PNG-white-background-small.png","width":500,"height":500,"caption":"Capture the Atlas"},"image":{"@id":"https:\/\/capturetheatlas.com\/es\/#\/schema\/logo\/image\/"},"sameAs":["https:\/\/www.facebook.com\/capturetheatlas\/","https:\/\/x.com\/capturetheatlas","https:\/\/www.instagram.com\/capturetheatlas\/","https:\/\/www.youtube.com\/channel\/UCJJlhj2psDvxXGhR3CmDeZg","https:\/\/pinterest.com\/capturetheatlas\/","https:\/\/www.linkedin.com\/company\/capture-the-atlas\/"]}]}},"_links":{"self":[{"href":"https:\/\/capturetheatlas.com\/es\/wp-json\/wp\/v2\/pages\/170","targetHints":{"allow":["GET"]}}],"collection":[{"href":"https:\/\/capturetheatlas.com\/es\/wp-json\/wp\/v2\/pages"}],"about":[{"href":"https:\/\/capturetheatlas.com\/es\/wp-json\/wp\/v2\/types\/page"}],"author":[{"embeddable":true,"href":"https:\/\/capturetheatlas.com\/es\/wp-json\/wp\/v2\/users\/1"}],"replies":[{"embeddable":true,"href":"https:\/\/capturetheatlas.com\/es\/wp-json\/wp\/v2\/comments?post=170"}],"version-history":[{"count":0,"href":"https:\/\/capturetheatlas.com\/es\/wp-json\/wp\/v2\/pages\/170\/revisions"}],"wp:attachment":[{"href":"https:\/\/capturetheatlas.com\/es\/wp-json\/wp\/v2\/media?parent=170"}],"curies":[{"name":"wp","href":"https:\/\/api.w.org\/{rel}","templated":true}]}}