{"id":18920,"date":"2019-01-19T13:26:50","date_gmt":"2019-01-19T18:26:50","guid":{"rendered":"https:\/\/capturetheatlas.com\/?page_id=18920"},"modified":"2023-01-12T18:14:03","modified_gmt":"2023-01-12T23:14:03","slug":"galeria-islandia","status":"publish","type":"page","link":"https:\/\/capturetheatlas.com\/es\/galeria-islandia\/","title":{"rendered":"Galer\u00eda Islandia"},"content":{"rendered":"<div id=\"jig1\" class=\"justified-image-grid jig-8e95787bc6177899b922480b64f22a8d jig-preset-global jig-source-wp-gallery\"><div class=\"jig-clearfix\"><\/div><noscript id=\"jig1-html\" class=\"justified-image-grid-html\" data-lazy-src=\"skiplazyload\" data-src=\"skipunveillazyload\"><ul><li><a href=\"https:\/\/imgcap.capturetheatlas.com\/wp-content\/uploads\/2021\/01\/Iceland-Skogafoss.jpg\"><img decoding=\"async\" src=\"https:\/\/imgcap.capturetheatlas.com\/wp-content\/uploads\/2021\/01\/Iceland-Skogafoss-1024x683.jpg\" alt=\"Sk\u00f3gafoss, Islandia\" width=\"824\" height=\"550\" \/><\/a><p class=\"jig-HTMLdescription\">Sk\u00f3gafoss, Islandia<\/p><\/li><li><a href=\"https:\/\/imgcap.capturetheatlas.com\/wp-content\/uploads\/2021\/01\/Seljalandfoss-sunset-Pano.jpg\"><img decoding=\"async\" src=\"https:\/\/imgcap.capturetheatlas.com\/wp-content\/uploads\/2021\/01\/Seljalandfoss-sunset-Pano-1024x784.jpg\" alt=\"Seljalandfoss Waterfall, Islandia\" width=\"718\" height=\"550\" \/><\/a><p class=\"jig-HTMLdescription\">Seljalandfoss Waterfall, Islandia<\/p><\/li><li><a href=\"https:\/\/imgcap.capturetheatlas.com\/wp-content\/uploads\/2021\/01\/Iceland-Vik-Reynasfjara-Blue-moon.jpg\"><img decoding=\"async\" src=\"https:\/\/imgcap.capturetheatlas.com\/wp-content\/uploads\/2021\/01\/Iceland-Vik-Reynasfjara-Blue-moon-1024x684.jpg\" alt=\"Reynisfjara, Islandia\" width=\"823\" height=\"550\" \/><\/a><p class=\"jig-HTMLdescription\">Reynisfjara, Islandia<\/p><\/li><li><a href=\"https:\/\/imgcap.capturetheatlas.com\/wp-content\/uploads\/2021\/01\/Secretcanyon.jpg\"><img decoding=\"async\" src=\"https:\/\/imgcap.capturetheatlas.com\/wp-content\/uploads\/2021\/01\/Secretcanyon-1024x684.jpg\" alt=\"Vatnaj\u00f6kull, Islandia\" width=\"823\" height=\"550\" \/><\/a><p class=\"jig-HTMLdescription\">Vatnaj\u00f6kull, Islandia<\/p><\/li><li><a href=\"https:\/\/imgcap.capturetheatlas.com\/wp-content\/uploads\/2021\/01\/Glugafoss-vertical-Aurora.jpg\"><img decoding=\"async\" src=\"https:\/\/imgcap.capturetheatlas.com\/wp-content\/uploads\/2021\/01\/Glugafoss-vertical-Aurora-684x1024.jpg\" alt=\"Glugafoss, Islandia\" width=\"367\" height=\"550\" \/><\/a><p class=\"jig-HTMLdescription\">Glugafoss, Islandia<\/p><\/li><li><a href=\"https:\/\/imgcap.capturetheatlas.com\/wp-content\/uploads\/2021\/01\/Poseidons-arm.jpg\"><img decoding=\"async\" src=\"https:\/\/imgcap.capturetheatlas.com\/wp-content\/uploads\/2021\/01\/Poseidons-arm-1024x684.jpg\" alt=\"Southern Iceland, Islandia\" width=\"823\" height=\"550\" \/><\/a><p class=\"jig-HTMLdescription\">Southern Iceland, Islandia<\/p><\/li><li><a href=\"https:\/\/imgcap.capturetheatlas.com\/wp-content\/uploads\/2021\/01\/Jokulpano.jpg\"><img decoding=\"async\" src=\"https:\/\/imgcap.capturetheatlas.com\/wp-content\/uploads\/2021\/01\/Jokulpano-1024x576.jpg\" alt=\"J\u00f6kuls\u00e1rl\u00f3n, Islandia\" width=\"977\" height=\"550\" \/><\/a><p class=\"jig-HTMLdescription\">J\u00f6kuls\u00e1rl\u00f3n, Islandia<\/p><\/li><li><a href=\"https:\/\/imgcap.capturetheatlas.com\/wp-content\/uploads\/2021\/01\/Gesysir-sunrise.jpg\"><img decoding=\"async\" src=\"https:\/\/imgcap.capturetheatlas.com\/wp-content\/uploads\/2021\/01\/Gesysir-sunrise-684x1024.jpg\" alt=\"Strokkur, Islandia\" width=\"367\" height=\"550\" \/><\/a><p class=\"jig-HTMLdescription\">Strokkur, Islandia<\/p><\/li><li><a href=\"https:\/\/imgcap.capturetheatlas.com\/wp-content\/uploads\/2021\/01\/Iceland-CottonKirkjufell-Editar.jpg\"><img decoding=\"async\" src=\"https:\/\/imgcap.capturetheatlas.com\/wp-content\/uploads\/2021\/01\/Iceland-CottonKirkjufell-Editar-1024x684.jpg\" alt=\"Kirkjufell, Islandia\" width=\"823\" height=\"550\" \/><\/a><p class=\"jig-HTMLdescription\">Kirkjufell, Islandia<\/p><\/li><li><a href=\"https:\/\/imgcap.capturetheatlas.com\/wp-content\/uploads\/2021\/01\/Sigoldulfurday.jpg\"><img decoding=\"async\" src=\"https:\/\/imgcap.capturetheatlas.com\/wp-content\/uploads\/2021\/01\/Sigoldulfurday-1024x684.jpg\" alt=\"Sig\u00f6lduglj\u00fafur Canyon, Islandia\" width=\"823\" height=\"550\" \/><\/a><p class=\"jig-HTMLdescription\">Sig\u00f6lduglj\u00fafur Canyon, Islandia<\/p><\/li><li><a href=\"https:\/\/imgcap.capturetheatlas.com\/wp-content\/uploads\/2021\/01\/Stokksnes-sunny-sunrise.jpg\"><img decoding=\"async\" src=\"https:\/\/imgcap.capturetheatlas.com\/wp-content\/uploads\/2021\/01\/Stokksnes-sunny-sunrise-684x1024.jpg\" alt=\"Stokksnes, Islandia\" width=\"367\" height=\"550\" \/><\/a><p class=\"jig-HTMLdescription\">Stokksnes, Islandia<\/p><\/li><li><a href=\"https:\/\/imgcap.capturetheatlas.com\/wp-content\/uploads\/2021\/01\/RutaCascadas.jpg\"><img decoding=\"async\" src=\"https:\/\/imgcap.capturetheatlas.com\/wp-content\/uploads\/2021\/01\/RutaCascadas-1024x681.jpg\" alt=\"Fimmvorduhals Trail, Islandia\" width=\"827\" height=\"550\" \/><\/a><p class=\"jig-HTMLdescription\">Fimmvorduhals Trail, Islandia<\/p><\/li><li><a href=\"https:\/\/imgcap.capturetheatlas.com\/wp-content\/uploads\/2021\/01\/MonthlypicksFeb.jpg\"><img decoding=\"async\" src=\"https:\/\/imgcap.capturetheatlas.com\/wp-content\/uploads\/2021\/01\/MonthlypicksFeb-1024x683.jpg\" alt=\"M\u00fdrdalsj\u00f6kull, Islandia\" width=\"824\" height=\"550\" \/><\/a><p class=\"jig-HTMLdescription\">M\u00fdrdalsj\u00f6kull, Islandia<\/p><\/li><li><a href=\"https:\/\/imgcap.capturetheatlas.com\/wp-content\/uploads\/2021\/01\/Kvernufoss-twilight-single-layer.jpg\"><img decoding=\"async\" src=\"https:\/\/imgcap.capturetheatlas.com\/wp-content\/uploads\/2021\/01\/Kvernufoss-twilight-single-layer-1024x684.jpg\" alt=\"Kvernufoss, Islandia\" width=\"823\" height=\"550\" \/><\/a><p class=\"jig-HTMLdescription\">Kvernufoss, Islandia<\/p><\/li><li><a href=\"https:\/\/imgcap.capturetheatlas.com\/wp-content\/uploads\/2021\/01\/Bruarfoss-zoom.jpg\"><img decoding=\"async\" src=\"https:\/\/imgcap.capturetheatlas.com\/wp-content\/uploads\/2021\/01\/Bruarfoss-zoom-1024x684.jpg\" alt=\"Bruarfoss, Islandia\" width=\"823\" height=\"550\" \/><\/a><p class=\"jig-HTMLdescription\">Bruarfoss, Islandia<\/p><\/li><li><a href=\"https:\/\/imgcap.capturetheatlas.com\/wp-content\/uploads\/2021\/01\/Iceland-Aurora-houses-PanoSquare.jpg\"><img decoding=\"async\" src=\"https:\/\/imgcap.capturetheatlas.com\/wp-content\/uploads\/2021\/01\/Iceland-Aurora-houses-PanoSquare-1024x1024.jpg\" alt=\"Reykjanes, Islandia\" width=\"550\" height=\"550\" \/><\/a><p class=\"jig-HTMLdescription\">Reykjanes, Islandia<\/p><\/li><li><a href=\"https:\/\/imgcap.capturetheatlas.com\/wp-content\/uploads\/2021\/01\/DSC01225.jpg\"><img decoding=\"async\" src=\"https:\/\/imgcap.capturetheatlas.com\/wp-content\/uploads\/2021\/01\/DSC01225-683x1024.jpg\" alt=\"Icelandic Highlands, Islandia\" width=\"366\" height=\"550\" \/><\/a><p class=\"jig-HTMLdescription\">Icelandic Highlands, Islandia<\/p><\/li><li><a href=\"https:\/\/imgcap.capturetheatlas.com\/wp-content\/uploads\/2021\/01\/Viksunset.jpg\"><img decoding=\"async\" src=\"https:\/\/imgcap.capturetheatlas.com\/wp-content\/uploads\/2021\/01\/Viksunset-1024x683.jpg\" alt=\"Reynisfjara Beach, Islandia\" width=\"824\" height=\"550\" \/><\/a><p class=\"jig-HTMLdescription\">Reynisfjara Beach, Islandia<\/p><\/li><li><a href=\"https:\/\/imgcap.capturetheatlas.com\/wp-content\/uploads\/2021\/01\/Iceland-Svartifosscentral.jpg\"><img decoding=\"async\" src=\"https:\/\/imgcap.capturetheatlas.com\/wp-content\/uploads\/2021\/01\/Iceland-Svartifosscentral-1024x684.jpg\" alt=\"Svartifoss, Islandia\" width=\"823\" height=\"550\" \/><\/a><p class=\"jig-HTMLdescription\">Svartifoss, Islandia<\/p><\/li><li><a href=\"https:\/\/imgcap.capturetheatlas.com\/wp-content\/uploads\/2021\/01\/Iceland-Haifoss-Sunset.jpg\"><img decoding=\"async\" src=\"https:\/\/imgcap.capturetheatlas.com\/wp-content\/uploads\/2021\/01\/Iceland-Haifoss-Sunset-1024x684.jpg\" alt=\"Haifoss, Islandia\" width=\"823\" height=\"550\" \/><\/a><p class=\"jig-HTMLdescription\">Haifoss, Islandia<\/p><\/li><li><a href=\"https:\/\/imgcap.capturetheatlas.com\/wp-content\/uploads\/2021\/01\/Iceland-flows.jpg\"><img decoding=\"async\" src=\"https:\/\/imgcap.capturetheatlas.com\/wp-content\/uploads\/2021\/01\/Iceland-flows-683x1024.jpg\" alt=\"Gluggafoss, Islandia\" width=\"366\" height=\"550\" \/><\/a><p class=\"jig-HTMLdescription\">Gluggafoss, Islandia<\/p><\/li><li><a href=\"https:\/\/imgcap.capturetheatlas.com\/wp-content\/uploads\/2021\/01\/Kirkjufell-classic.jpg\"><img decoding=\"async\" src=\"https:\/\/imgcap.capturetheatlas.com\/wp-content\/uploads\/2021\/01\/Kirkjufell-classic-1024x683.jpg\" alt=\"Kirkjufell, Islandia\" width=\"824\" height=\"550\" \/><\/a><p class=\"jig-HTMLdescription\">Kirkjufell, Islandia<\/p><\/li><li><a href=\"https:\/\/imgcap.capturetheatlas.com\/wp-content\/uploads\/2021\/01\/Iceland-Aerial-landscape-1.jpg\"><img decoding=\"async\" src=\"https:\/\/imgcap.capturetheatlas.com\/wp-content\/uploads\/2021\/01\/Iceland-Aerial-landscape-1-1024x718.jpg\" alt=\"Tierras altas de Islandia\" width=\"784\" height=\"550\" \/><\/a><p class=\"jig-HTMLdescription\">Tierras altas de Islandia<\/p><\/li><li><a href=\"https:\/\/imgcap.capturetheatlas.com\/wp-content\/uploads\/2021\/01\/Diamonds-line.jpg\"><img decoding=\"async\" src=\"https:\/\/imgcap.capturetheatlas.com\/wp-content\/uploads\/2021\/01\/Diamonds-line-684x1024.jpg\" alt=\"Diamond Beach, Islandia\" width=\"367\" height=\"550\" \/><\/a><p class=\"jig-HTMLdescription\">Diamond Beach, Islandia<\/p><\/li><li><a href=\"https:\/\/imgcap.capturetheatlas.com\/wp-content\/uploads\/2021\/01\/Iceland-Northern-Lights.jpg\"><img decoding=\"async\" src=\"https:\/\/imgcap.capturetheatlas.com\/wp-content\/uploads\/2021\/01\/Iceland-Northern-Lights-684x1024.jpg\" alt=\"Hl\u00ed\u00f0arendakirkja, Islandia\" width=\"367\" height=\"550\" \/><\/a><p class=\"jig-HTMLdescription\">Hl\u00ed\u00f0arendakirkja, Islandia<\/p><\/li><li><a href=\"https:\/\/imgcap.capturetheatlas.com\/wp-content\/uploads\/2021\/01\/Iceland-Jokulsarlon-on-fire-2.jpg\"><img decoding=\"async\" src=\"https:\/\/imgcap.capturetheatlas.com\/wp-content\/uploads\/2021\/01\/Iceland-Jokulsarlon-on-fire-2-1024x684.jpg\" alt=\"J\u00f6kuls\u00e1rl\u00f3n, Islandia\" width=\"823\" height=\"550\" \/><\/a><p class=\"jig-HTMLdescription\">J\u00f6kuls\u00e1rl\u00f3n, Islandia<\/p><\/li><li><a href=\"https:\/\/imgcap.capturetheatlas.com\/wp-content\/uploads\/2021\/01\/Iceland-Cascada-lateral-Aurora.jpg\"><img decoding=\"async\" src=\"https:\/\/imgcap.capturetheatlas.com\/wp-content\/uploads\/2021\/01\/Iceland-Cascada-lateral-Aurora-1024x684.jpg\" alt=\"Gluggafoss, Islandia\" width=\"823\" height=\"550\" \/><\/a><p class=\"jig-HTMLdescription\">Gluggafoss, Islandia<\/p><\/li><li><a href=\"https:\/\/imgcap.capturetheatlas.com\/wp-content\/uploads\/2021\/01\/Godafoss.jpg\"><img decoding=\"async\" src=\"https:\/\/imgcap.capturetheatlas.com\/wp-content\/uploads\/2021\/01\/Godafoss-1024x684.jpg\" alt=\"Go\u00f0afoss, Islandia\" width=\"823\" height=\"550\" \/><\/a><p class=\"jig-HTMLdescription\">Go\u00f0afoss, Islandia<\/p><\/li><li><a href=\"https:\/\/imgcap.capturetheatlas.com\/wp-content\/uploads\/2021\/01\/Iceland-Gulfoss-Aurora-horizontalV2.jpg\"><img decoding=\"async\" src=\"https:\/\/imgcap.capturetheatlas.com\/wp-content\/uploads\/2021\/01\/Iceland-Gulfoss-Aurora-horizontalV2-1024x838.jpg\" alt=\"Gulfoss, Islandia\" width=\"672\" height=\"550\" \/><\/a><p class=\"jig-HTMLdescription\">Gulfoss, Islandia<\/p><\/li><li><a href=\"https:\/\/imgcap.capturetheatlas.com\/wp-content\/uploads\/2021\/01\/FOM_2426-Editar.jpg\"><img decoding=\"async\" src=\"https:\/\/imgcap.capturetheatlas.com\/wp-content\/uploads\/2021\/01\/FOM_2426-Editar-1024x683.jpg\" alt=\"Sk\u00f3gafoss, Islandia\" width=\"824\" height=\"550\" \/><\/a><p class=\"jig-HTMLdescription\">Sk\u00f3gafoss, Islandia<\/p><\/li><li><a href=\"https:\/\/imgcap.capturetheatlas.com\/wp-content\/uploads\/2021\/01\/Iceland-vik-Blueorgan.jpg\"><img decoding=\"async\" src=\"https:\/\/imgcap.capturetheatlas.com\/wp-content\/uploads\/2021\/01\/Iceland-vik-Blueorgan-1024x684.jpg\" alt=\"Reynisfjara, Islandia\" width=\"823\" height=\"550\" \/><\/a><p class=\"jig-HTMLdescription\">Reynisfjara, Islandia<\/p><\/li><li><a href=\"https:\/\/imgcap.capturetheatlas.com\/wp-content\/uploads\/2021\/01\/Kerid-Aurora.jpg\"><img decoding=\"async\" src=\"https:\/\/imgcap.capturetheatlas.com\/wp-content\/uploads\/2021\/01\/Kerid-Aurora-1024x819.jpg\" alt=\"Keri\u00f0, Islandia\" width=\"687\" height=\"550\" \/><\/a><p class=\"jig-HTMLdescription\">Keri\u00f0, Islandia<\/p><\/li><li><a href=\"https:\/\/imgcap.capturetheatlas.com\/wp-content\/uploads\/2021\/01\/Reykjafoss-pano.jpg\"><img decoding=\"async\" src=\"https:\/\/imgcap.capturetheatlas.com\/wp-content\/uploads\/2021\/01\/Reykjafoss-pano-1024x819.jpg\" alt=\"Reykjafoss, Islandia\" width=\"687\" height=\"550\" \/><\/a><p class=\"jig-HTMLdescription\">Reykjafoss, Islandia<\/p><\/li><li><a href=\"https:\/\/imgcap.capturetheatlas.com\/wp-content\/uploads\/2021\/01\/Aurora-Fusilli-Selfie2.jpg\"><img decoding=\"async\" src=\"https:\/\/imgcap.capturetheatlas.com\/wp-content\/uploads\/2021\/01\/Aurora-Fusilli-Selfie2-684x1024.jpg\" alt=\"Kleifarvatn, Islandia\" width=\"367\" height=\"550\" \/><\/a><p class=\"jig-HTMLdescription\">Kleifarvatn, Islandia<\/p><\/li><li><a href=\"https:\/\/imgcap.capturetheatlas.com\/wp-content\/uploads\/2021\/01\/Bruarfoss-sunset.jpg\"><img decoding=\"async\" src=\"https:\/\/imgcap.capturetheatlas.com\/wp-content\/uploads\/2021\/01\/Bruarfoss-sunset-1024x683.jpg\" alt=\"Bruarfoss, Islandia\" width=\"824\" height=\"550\" \/><\/a><p class=\"jig-HTMLdescription\">Bruarfoss, Islandia<\/p><\/li><li><a href=\"https:\/\/imgcap.capturetheatlas.com\/wp-content\/uploads\/2021\/01\/Aldeyjarfoss-fall.jpg\"><img decoding=\"async\" src=\"https:\/\/imgcap.capturetheatlas.com\/wp-content\/uploads\/2021\/01\/Aldeyjarfoss-fall-1024x684.jpg\" alt=\"Aldeyjarfoss, Islandia\" width=\"823\" height=\"550\" \/><\/a><p class=\"jig-HTMLdescription\">Aldeyjarfoss, Islandia<\/p><\/li><li><a href=\"https:\/\/imgcap.capturetheatlas.com\/wp-content\/uploads\/2021\/01\/Iceland-Whale.jpg\"><img decoding=\"async\" src=\"https:\/\/imgcap.capturetheatlas.com\/wp-content\/uploads\/2021\/01\/Iceland-Whale-1024x684.jpg\" alt=\"H\u00fasav\u00edk, Islandia\" width=\"823\" height=\"550\" \/><\/a><p class=\"jig-HTMLdescription\">H\u00fasav\u00edk, Islandia<\/p><\/li><li><a href=\"https:\/\/imgcap.capturetheatlas.com\/wp-content\/uploads\/2021\/01\/Aurora-Skogafoss-V4.jpg\"><img decoding=\"async\" src=\"https:\/\/imgcap.capturetheatlas.com\/wp-content\/uploads\/2021\/01\/Aurora-Skogafoss-V4-683x1024.jpg\" alt=\"Sk\u00f3gafoss, Islandia\" width=\"366\" height=\"550\" \/><\/a><p class=\"jig-HTMLdescription\">Sk\u00f3gafoss, Islandia<\/p><\/li><li><a href=\"https:\/\/imgcap.capturetheatlas.com\/wp-content\/uploads\/2021\/01\/DSC0323.jpg\"><img decoding=\"async\" src=\"https:\/\/imgcap.capturetheatlas.com\/wp-content\/uploads\/2021\/01\/DSC0323-1024x681.jpg\" alt=\"S\u00f3lheimasandur Plane Wreck, Islandia\" width=\"827\" height=\"550\" \/><\/a><p class=\"jig-HTMLdescription\">S\u00f3lheimasandur Plane Wreck, Islandia<\/p><\/li><\/ul><\/noscript><\/div>\n\n","protected":false},"excerpt":{"rendered":"","protected":false},"author":23,"featured_media":0,"parent":0,"menu_order":0,"comment_status":"closed","ping_status":"closed","template":"page-template\/galeria.php","meta":{"_acf_changed":false,"footnotes":""},"class_list":["post-18920","page","type-page","status-publish","hentry"],"acf":[],"yoast_head":"<!-- This site is optimized with the Yoast SEO Premium plugin v20.0 (Yoast SEO v26.4) - https:\/\/yoast.com\/wordpress\/plugins\/seo\/ -->\n<title>Galer\u00eda de Islandia - Mejores fotograf\u00edas de Islandia<\/title>\n<meta name=\"description\" content=\"Selecci\u00f3n de las mejores im\u00e1genes de Islandia por Dan Zafra, recorriendo la Ring Road y las Tierras Altas de Islandia y disfrutando de las Auroras Boreales.\" \/>\n<meta name=\"robots\" content=\"index, follow, max-snippet:-1, max-image-preview:large, max-video-preview:-1\" \/>\n<link rel=\"canonical\" href=\"https:\/\/capturetheatlas.com\/es\/galeria-islandia\/\" \/>\n<meta property=\"og:locale\" content=\"es_ES\" \/>\n<meta property=\"og:type\" content=\"article\" \/>\n<meta property=\"og:title\" content=\"Galer\u00eda Islandia\" \/>\n<meta property=\"og:description\" content=\"Selecci\u00f3n de las mejores im\u00e1genes de Islandia por Dan Zafra, recorriendo la Ring Road y las Tierras Altas de Islandia y disfrutando de las Auroras Boreales.\" \/>\n<meta property=\"og:url\" content=\"https:\/\/capturetheatlas.com\/es\/galeria-islandia\/\" \/>\n<meta property=\"og:site_name\" content=\"Capture the Atlas\" \/>\n<meta property=\"article:publisher\" content=\"https:\/\/www.facebook.com\/capturetheatlas\/\" \/>\n<meta property=\"article:modified_time\" content=\"2023-01-12T23:14:03+00:00\" \/>\n<meta property=\"og:image\" content=\"https:\/\/capturetheatlas.com\/wp-content\/uploads\/2021\/01\/Iceland-Skogafoss-150x150.jpg\" \/>\n<script type=\"application\/ld+json\" class=\"yoast-schema-graph\">{\"@context\":\"https:\/\/schema.org\",\"@graph\":[{\"@type\":\"WebPage\",\"@id\":\"https:\/\/capturetheatlas.com\/es\/galeria-islandia\/\",\"url\":\"https:\/\/capturetheatlas.com\/es\/galeria-islandia\/\",\"name\":\"Galer\u00eda de Islandia - Mejores fotograf\u00edas de Islandia\",\"isPartOf\":{\"@id\":\"https:\/\/capturetheatlas.com\/es\/#website\"},\"datePublished\":\"2019-01-19T18:26:50+00:00\",\"dateModified\":\"2023-01-12T23:14:03+00:00\",\"description\":\"Selecci\u00f3n de las mejores im\u00e1genes de Islandia por Dan Zafra, recorriendo la Ring Road y las Tierras Altas de Islandia y disfrutando de las Auroras Boreales.\",\"breadcrumb\":{\"@id\":\"https:\/\/capturetheatlas.com\/es\/galeria-islandia\/#breadcrumb\"},\"inLanguage\":\"es\",\"potentialAction\":[{\"@type\":\"ReadAction\",\"target\":[\"https:\/\/capturetheatlas.com\/es\/galeria-islandia\/\"]}]},{\"@type\":\"BreadcrumbList\",\"@id\":\"https:\/\/capturetheatlas.com\/es\/galeria-islandia\/#breadcrumb\",\"itemListElement\":[{\"@type\":\"ListItem\",\"position\":1,\"name\":\"Home\",\"item\":\"https:\/\/capturetheatlas.com\/es\/\"},{\"@type\":\"ListItem\",\"position\":2,\"name\":\"Galer\u00eda Islandia\"}]},{\"@type\":\"WebSite\",\"@id\":\"https:\/\/capturetheatlas.com\/es\/#website\",\"url\":\"https:\/\/capturetheatlas.com\/es\/\",\"name\":\"Capture the Atlas\",\"description\":\"PHOTOGRAPHY \u00b7 TRAVEL \u00b7 ADVENTURE\",\"publisher\":{\"@id\":\"https:\/\/capturetheatlas.com\/es\/#organization\"},\"potentialAction\":[{\"@type\":\"SearchAction\",\"target\":{\"@type\":\"EntryPoint\",\"urlTemplate\":\"https:\/\/capturetheatlas.com\/es\/?s={search_term_string}\"},\"query-input\":{\"@type\":\"PropertyValueSpecification\",\"valueRequired\":true,\"valueName\":\"search_term_string\"}}],\"inLanguage\":\"es\"},{\"@type\":\"Organization\",\"@id\":\"https:\/\/capturetheatlas.com\/es\/#organization\",\"name\":\"Capture the Atlas\",\"url\":\"https:\/\/capturetheatlas.com\/es\/\",\"logo\":{\"@type\":\"ImageObject\",\"inLanguage\":\"es\",\"@id\":\"https:\/\/capturetheatlas.com\/es\/#\/schema\/logo\/image\/\",\"url\":\"https:\/\/imgcap.capturetheatlas.com\/wp-content\/uploads\/2024\/03\/PNG-white-background-small.png\",\"contentUrl\":\"https:\/\/imgcap.capturetheatlas.com\/wp-content\/uploads\/2024\/03\/PNG-white-background-small.png\",\"width\":500,\"height\":500,\"caption\":\"Capture the Atlas\"},\"image\":{\"@id\":\"https:\/\/capturetheatlas.com\/es\/#\/schema\/logo\/image\/\"},\"sameAs\":[\"https:\/\/www.facebook.com\/capturetheatlas\/\",\"https:\/\/x.com\/capturetheatlas\",\"https:\/\/www.instagram.com\/capturetheatlas\/\",\"https:\/\/www.youtube.com\/channel\/UCJJlhj2psDvxXGhR3CmDeZg\",\"https:\/\/pinterest.com\/capturetheatlas\/\",\"https:\/\/www.linkedin.com\/company\/capture-the-atlas\/\"]}]}<\/script>\n<!-- \/ Yoast SEO Premium plugin. -->","yoast_head_json":{"title":"Galer\u00eda de Islandia - Mejores fotograf\u00edas de Islandia","description":"Selecci\u00f3n de las mejores im\u00e1genes de Islandia por Dan Zafra, recorriendo la Ring Road y las Tierras Altas de Islandia y disfrutando de las Auroras Boreales.","robots":{"index":"index","follow":"follow","max-snippet":"max-snippet:-1","max-image-preview":"max-image-preview:large","max-video-preview":"max-video-preview:-1"},"canonical":"https:\/\/capturetheatlas.com\/es\/galeria-islandia\/","og_locale":"es_ES","og_type":"article","og_title":"Galer\u00eda Islandia","og_description":"Selecci\u00f3n de las mejores im\u00e1genes de Islandia por Dan Zafra, recorriendo la Ring Road y las Tierras Altas de Islandia y disfrutando de las Auroras Boreales.","og_url":"https:\/\/capturetheatlas.com\/es\/galeria-islandia\/","og_site_name":"Capture the Atlas","article_publisher":"https:\/\/www.facebook.com\/capturetheatlas\/","article_modified_time":"2023-01-12T23:14:03+00:00","og_image":[{"url":"https:\/\/capturetheatlas.com\/wp-content\/uploads\/2021\/01\/Iceland-Skogafoss-150x150.jpg","type":"","width":"","height":""}],"schema":{"@context":"https:\/\/schema.org","@graph":[{"@type":"WebPage","@id":"https:\/\/capturetheatlas.com\/es\/galeria-islandia\/","url":"https:\/\/capturetheatlas.com\/es\/galeria-islandia\/","name":"Galer\u00eda de Islandia - Mejores fotograf\u00edas de Islandia","isPartOf":{"@id":"https:\/\/capturetheatlas.com\/es\/#website"},"datePublished":"2019-01-19T18:26:50+00:00","dateModified":"2023-01-12T23:14:03+00:00","description":"Selecci\u00f3n de las mejores im\u00e1genes de Islandia por Dan Zafra, recorriendo la Ring Road y las Tierras Altas de Islandia y disfrutando de las Auroras Boreales.","breadcrumb":{"@id":"https:\/\/capturetheatlas.com\/es\/galeria-islandia\/#breadcrumb"},"inLanguage":"es","potentialAction":[{"@type":"ReadAction","target":["https:\/\/capturetheatlas.com\/es\/galeria-islandia\/"]}]},{"@type":"BreadcrumbList","@id":"https:\/\/capturetheatlas.com\/es\/galeria-islandia\/#breadcrumb","itemListElement":[{"@type":"ListItem","position":1,"name":"Home","item":"https:\/\/capturetheatlas.com\/es\/"},{"@type":"ListItem","position":2,"name":"Galer\u00eda Islandia"}]},{"@type":"WebSite","@id":"https:\/\/capturetheatlas.com\/es\/#website","url":"https:\/\/capturetheatlas.com\/es\/","name":"Capture the Atlas","description":"PHOTOGRAPHY \u00b7 TRAVEL \u00b7 ADVENTURE","publisher":{"@id":"https:\/\/capturetheatlas.com\/es\/#organization"},"potentialAction":[{"@type":"SearchAction","target":{"@type":"EntryPoint","urlTemplate":"https:\/\/capturetheatlas.com\/es\/?s={search_term_string}"},"query-input":{"@type":"PropertyValueSpecification","valueRequired":true,"valueName":"search_term_string"}}],"inLanguage":"es"},{"@type":"Organization","@id":"https:\/\/capturetheatlas.com\/es\/#organization","name":"Capture the Atlas","url":"https:\/\/capturetheatlas.com\/es\/","logo":{"@type":"ImageObject","inLanguage":"es","@id":"https:\/\/capturetheatlas.com\/es\/#\/schema\/logo\/image\/","url":"https:\/\/imgcap.capturetheatlas.com\/wp-content\/uploads\/2024\/03\/PNG-white-background-small.png","contentUrl":"https:\/\/imgcap.capturetheatlas.com\/wp-content\/uploads\/2024\/03\/PNG-white-background-small.png","width":500,"height":500,"caption":"Capture the Atlas"},"image":{"@id":"https:\/\/capturetheatlas.com\/es\/#\/schema\/logo\/image\/"},"sameAs":["https:\/\/www.facebook.com\/capturetheatlas\/","https:\/\/x.com\/capturetheatlas","https:\/\/www.instagram.com\/capturetheatlas\/","https:\/\/www.youtube.com\/channel\/UCJJlhj2psDvxXGhR3CmDeZg","https:\/\/pinterest.com\/capturetheatlas\/","https:\/\/www.linkedin.com\/company\/capture-the-atlas\/"]}]}},"_links":{"self":[{"href":"https:\/\/capturetheatlas.com\/es\/wp-json\/wp\/v2\/pages\/18920","targetHints":{"allow":["GET"]}}],"collection":[{"href":"https:\/\/capturetheatlas.com\/es\/wp-json\/wp\/v2\/pages"}],"about":[{"href":"https:\/\/capturetheatlas.com\/es\/wp-json\/wp\/v2\/types\/page"}],"author":[{"embeddable":true,"href":"https:\/\/capturetheatlas.com\/es\/wp-json\/wp\/v2\/users\/23"}],"replies":[{"embeddable":true,"href":"https:\/\/capturetheatlas.com\/es\/wp-json\/wp\/v2\/comments?post=18920"}],"version-history":[{"count":0,"href":"https:\/\/capturetheatlas.com\/es\/wp-json\/wp\/v2\/pages\/18920\/revisions"}],"wp:attachment":[{"href":"https:\/\/capturetheatlas.com\/es\/wp-json\/wp\/v2\/media?parent=18920"}],"curies":[{"name":"wp","href":"https:\/\/api.w.org\/{rel}","templated":true}]}}