{"id":249864,"date":"2022-06-15T23:30:33","date_gmt":"2022-06-16T04:30:33","guid":{"rendered":"https:\/\/capturetheatlas.com\/?page_id=249864"},"modified":"2023-01-12T18:28:08","modified_gmt":"2023-01-12T23:28:08","slug":"andes-peruanos-galeria","status":"publish","type":"page","link":"https:\/\/capturetheatlas.com\/es\/andes-peruanos-galeria\/","title":{"rendered":"Galer\u00eda Per\u00fa"},"content":{"rendered":"<div id=\"jig1\" class=\"justified-image-grid jig-72023a4cc224752a55a061ffc7c9d0ca jig-preset-global jig-source-wp-gallery\"><div class=\"jig-clearfix\"><\/div><noscript id=\"jig1-html\" class=\"justified-image-grid-html\" data-lazy-src=\"skiplazyload\" data-src=\"skipunveillazyload\"><ul><li><a href=\"https:\/\/imgcap.capturetheatlas.com\/wp-content\/uploads\/2022\/06\/Peruvian-Andes-gallery9.jpg\"><img decoding=\"async\" src=\"https:\/\/imgcap.capturetheatlas.com\/wp-content\/uploads\/2022\/06\/Peruvian-Andes-gallery9-1024x704.jpg\" alt=\"Huayhuash, Peru \" width=\"800\" height=\"550\" \/><\/a><p class=\"jig-HTMLdescription\">Huayhuash, Peru <\/p><\/li><li><a href=\"https:\/\/imgcap.capturetheatlas.com\/wp-content\/uploads\/2022\/06\/Peruvian-Andes-gallery12.jpg\"><img decoding=\"async\" src=\"https:\/\/imgcap.capturetheatlas.com\/wp-content\/uploads\/2022\/06\/Peruvian-Andes-gallery12-1024x819.jpg\" alt=\"Huayhuash, Peru \" width=\"687\" height=\"550\" \/><\/a><p class=\"jig-HTMLdescription\">Huayhuash, Peru <\/p><\/li><li><a href=\"https:\/\/imgcap.capturetheatlas.com\/wp-content\/uploads\/2022\/06\/Peruvian-Andes-gallery21.jpg\"><img decoding=\"async\" src=\"https:\/\/imgcap.capturetheatlas.com\/wp-content\/uploads\/2022\/06\/Peruvian-Andes-gallery21-1024x683.jpg\" alt=\"Huayhuash, Peru \" width=\"824\" height=\"550\" \/><\/a><p class=\"jig-HTMLdescription\">Huayhuash, Peru <\/p><\/li><li><a href=\"https:\/\/imgcap.capturetheatlas.com\/wp-content\/uploads\/2022\/06\/Peruvian-Andes-gallery14.jpg\"><img decoding=\"async\" src=\"https:\/\/imgcap.capturetheatlas.com\/wp-content\/uploads\/2022\/06\/Peruvian-Andes-gallery14-1024x673.jpg\" alt=\"Huayhuash, Peru \" width=\"836\" height=\"550\" \/><\/a><p class=\"jig-HTMLdescription\">Huayhuash, Peru <\/p><\/li><li><a href=\"https:\/\/imgcap.capturetheatlas.com\/wp-content\/uploads\/2021\/11\/Huayhuash-Milky-Way-Peru-Laguna-Carhuacocha-.jpg\"><img decoding=\"async\" src=\"https:\/\/imgcap.capturetheatlas.com\/wp-content\/uploads\/2021\/11\/Huayhuash-Milky-Way-Peru-Laguna-Carhuacocha--819x1024.jpg\" alt=\"Huayhuash Mountain Range, Peru\" width=\"439\" height=\"550\" \/><\/a><p class=\"jig-HTMLdescription\">Huayhuash Mountain Range, Peru<\/p><\/li><li><a href=\"https:\/\/imgcap.capturetheatlas.com\/wp-content\/uploads\/2022\/06\/Peruvian-Andes-gallery3.jpg\"><img decoding=\"async\" src=\"https:\/\/imgcap.capturetheatlas.com\/wp-content\/uploads\/2022\/06\/Peruvian-Andes-gallery3-1024x708.jpg\" alt=\"Huayhuash, Peru \" width=\"795\" height=\"550\" \/><\/a><p class=\"jig-HTMLdescription\">Huayhuash, Peru <\/p><\/li><li><a href=\"https:\/\/imgcap.capturetheatlas.com\/wp-content\/uploads\/2022\/06\/Peruvian-Andes-gallery29.jpg\"><img decoding=\"async\" src=\"https:\/\/imgcap.capturetheatlas.com\/wp-content\/uploads\/2022\/06\/Peruvian-Andes-gallery29-819x1024.jpg\" alt=\"Huayhuash, Peru \" width=\"439\" height=\"550\" \/><\/a><p class=\"jig-HTMLdescription\">Huayhuash, Peru <\/p><\/li><li><a href=\"https:\/\/imgcap.capturetheatlas.com\/wp-content\/uploads\/2022\/06\/Peruvian-Andes-gallery6.jpg\"><img decoding=\"async\" src=\"https:\/\/imgcap.capturetheatlas.com\/wp-content\/uploads\/2022\/06\/Peruvian-Andes-gallery6-1024x788.jpg\" alt=\"Huayhuash, Peru \" width=\"714\" height=\"550\" \/><\/a><p class=\"jig-HTMLdescription\">Huayhuash, Peru <\/p><\/li><li><a href=\"https:\/\/imgcap.capturetheatlas.com\/wp-content\/uploads\/2022\/06\/Peruvian-Andes-gallery27.jpg\"><img decoding=\"async\" src=\"https:\/\/imgcap.capturetheatlas.com\/wp-content\/uploads\/2022\/06\/Peruvian-Andes-gallery27-1024x683.jpg\" alt=\"Huayhuash, Peru \" width=\"824\" height=\"550\" \/><\/a><p class=\"jig-HTMLdescription\">Huayhuash, Peru <\/p><\/li><li><a href=\"https:\/\/imgcap.capturetheatlas.com\/wp-content\/uploads\/2022\/06\/Peruvian-Andes-gallery7.jpg\"><img decoding=\"async\" src=\"https:\/\/imgcap.capturetheatlas.com\/wp-content\/uploads\/2022\/06\/Peruvian-Andes-gallery7-1024x683.jpg\" alt=\"Huayhuash, Peru \" width=\"824\" height=\"550\" \/><\/a><p class=\"jig-HTMLdescription\">Huayhuash, Peru <\/p><\/li><li><a href=\"https:\/\/imgcap.capturetheatlas.com\/wp-content\/uploads\/2022\/06\/Peruvian-Andes-gallery32.jpg\"><img decoding=\"async\" src=\"https:\/\/imgcap.capturetheatlas.com\/wp-content\/uploads\/2022\/06\/Peruvian-Andes-gallery32-1024x683.jpg\" alt=\"Huayhuash, Peru \" width=\"824\" height=\"550\" \/><\/a><p class=\"jig-HTMLdescription\">Huayhuash, Peru <\/p><\/li><li><a href=\"https:\/\/imgcap.capturetheatlas.com\/wp-content\/uploads\/2022\/06\/Peruvian-Andes-gallery28.jpg\"><img decoding=\"async\" src=\"https:\/\/imgcap.capturetheatlas.com\/wp-content\/uploads\/2022\/06\/Peruvian-Andes-gallery28-1024x968.jpg\" alt=\"Huayhuash, Peru \" width=\"581\" height=\"550\" \/><\/a><p class=\"jig-HTMLdescription\">Huayhuash, Peru <\/p><\/li><li><a href=\"https:\/\/imgcap.capturetheatlas.com\/wp-content\/uploads\/2022\/06\/Peruvian-Andes-gallery33.jpg\"><img decoding=\"async\" src=\"https:\/\/imgcap.capturetheatlas.com\/wp-content\/uploads\/2022\/06\/Peruvian-Andes-gallery33-1024x869.jpg\" alt=\"Huayhuash, Peru \" width=\"648\" height=\"550\" \/><\/a><p class=\"jig-HTMLdescription\">Huayhuash, Peru <\/p><\/li><li><a href=\"https:\/\/imgcap.capturetheatlas.com\/wp-content\/uploads\/2022\/06\/Peruvian-Andes-gallery16.jpg\"><img decoding=\"async\" src=\"https:\/\/imgcap.capturetheatlas.com\/wp-content\/uploads\/2022\/06\/Peruvian-Andes-gallery16-1024x1024.jpg\" alt=\"Huayhuash, Peru \" width=\"550\" height=\"550\" \/><\/a><p class=\"jig-HTMLdescription\">Huayhuash, Peru <\/p><\/li><li><a href=\"https:\/\/imgcap.capturetheatlas.com\/wp-content\/uploads\/2022\/06\/Peruvian-Andes-gallery17.jpg\"><img decoding=\"async\" src=\"https:\/\/imgcap.capturetheatlas.com\/wp-content\/uploads\/2022\/06\/Peruvian-Andes-gallery17-1024x819.jpg\" alt=\"Huayhuash, Peru \" width=\"687\" height=\"550\" \/><\/a><p class=\"jig-HTMLdescription\">Huayhuash, Peru <\/p><\/li><li><a href=\"https:\/\/imgcap.capturetheatlas.com\/wp-content\/uploads\/2022\/06\/Peruvian-Andes-gallery1.jpg\"><img decoding=\"async\" src=\"https:\/\/imgcap.capturetheatlas.com\/wp-content\/uploads\/2022\/06\/Peruvian-Andes-gallery1-1024x683.jpg\" alt=\"Huayhuash, Peru \" width=\"824\" height=\"550\" \/><\/a><p class=\"jig-HTMLdescription\">Huayhuash, Peru <\/p><\/li><li><a href=\"https:\/\/imgcap.capturetheatlas.com\/wp-content\/uploads\/2022\/01\/Carhuacocha-Milky-Way-panorama-Huayhuash-.jpg\"><img decoding=\"async\" src=\"https:\/\/imgcap.capturetheatlas.com\/wp-content\/uploads\/2022\/01\/Carhuacocha-Milky-Way-panorama-Huayhuash--1024x747.jpg\" alt=\"\" width=\"753\" height=\"550\" \/><\/a><\/li><li><a href=\"https:\/\/imgcap.capturetheatlas.com\/wp-content\/uploads\/2022\/06\/Peruvian-Andes-gallery26.jpg\"><img decoding=\"async\" src=\"https:\/\/imgcap.capturetheatlas.com\/wp-content\/uploads\/2022\/06\/Peruvian-Andes-gallery26-875x1024.jpg\" alt=\"Huayhuash, Peru \" width=\"469\" height=\"550\" \/><\/a><p class=\"jig-HTMLdescription\">Huayhuash, Peru <\/p><\/li><li><a href=\"https:\/\/imgcap.capturetheatlas.com\/wp-content\/uploads\/2022\/06\/Peruvian-Andes-gallery22.jpg\"><img decoding=\"async\" src=\"https:\/\/imgcap.capturetheatlas.com\/wp-content\/uploads\/2022\/06\/Peruvian-Andes-gallery22-819x1024.jpg\" alt=\"Huayhuash, Peru \" width=\"439\" height=\"550\" \/><\/a><p class=\"jig-HTMLdescription\">Huayhuash, Peru <\/p><\/li><li><a href=\"https:\/\/imgcap.capturetheatlas.com\/wp-content\/uploads\/2022\/06\/Peruvian-Andes-gallery19.jpg\"><img decoding=\"async\" src=\"https:\/\/imgcap.capturetheatlas.com\/wp-content\/uploads\/2022\/06\/Peruvian-Andes-gallery19-1024x576.jpg\" alt=\"Huayhuash, Peru \" width=\"977\" height=\"550\" \/><\/a><p class=\"jig-HTMLdescription\">Huayhuash, Peru <\/p><\/li><li><a href=\"https:\/\/imgcap.capturetheatlas.com\/wp-content\/uploads\/2022\/06\/Peruvian-Andes-gallery18.jpg\"><img decoding=\"async\" src=\"https:\/\/imgcap.capturetheatlas.com\/wp-content\/uploads\/2022\/06\/Peruvian-Andes-gallery18-1024x976.jpg\" alt=\"Huayhuash, Peru \" width=\"577\" height=\"550\" \/><\/a><p class=\"jig-HTMLdescription\">Huayhuash, Peru <\/p><\/li><li><a href=\"https:\/\/imgcap.capturetheatlas.com\/wp-content\/uploads\/2022\/06\/Peruvian-Andes-gallery24.jpg\"><img decoding=\"async\" src=\"https:\/\/imgcap.capturetheatlas.com\/wp-content\/uploads\/2022\/06\/Peruvian-Andes-gallery24-1024x683.jpg\" alt=\"Huayhuash, Peru \" width=\"824\" height=\"550\" \/><\/a><p class=\"jig-HTMLdescription\">Huayhuash, Peru <\/p><\/li><li><a href=\"https:\/\/imgcap.capturetheatlas.com\/wp-content\/uploads\/2022\/06\/Peruvian-Andes-gallery13.jpg\"><img decoding=\"async\" src=\"https:\/\/imgcap.capturetheatlas.com\/wp-content\/uploads\/2022\/06\/Peruvian-Andes-gallery13-1024x683.jpg\" alt=\"Huayhuash, Peru \" width=\"824\" height=\"550\" \/><\/a><p class=\"jig-HTMLdescription\">Huayhuash, Peru <\/p><\/li><li><a href=\"https:\/\/imgcap.capturetheatlas.com\/wp-content\/uploads\/2022\/06\/Peruvian-Andes-gallery31.jpg\"><img decoding=\"async\" src=\"https:\/\/imgcap.capturetheatlas.com\/wp-content\/uploads\/2022\/06\/Peruvian-Andes-gallery31-1024x683.jpg\" alt=\"Huascaran National Park, Peru\" width=\"824\" height=\"550\" \/><\/a><p class=\"jig-HTMLdescription\">Huascaran National Park, Peru<\/p><\/li><li><a href=\"https:\/\/imgcap.capturetheatlas.com\/wp-content\/uploads\/2022\/06\/Peruvian-Andes-gallery11.jpg\"><img decoding=\"async\" src=\"https:\/\/imgcap.capturetheatlas.com\/wp-content\/uploads\/2022\/06\/Peruvian-Andes-gallery11-1024x683.jpg\" alt=\"Huascaran National Park, Peru\" width=\"824\" height=\"550\" \/><\/a><p class=\"jig-HTMLdescription\">Huascaran National Park, Peru<\/p><\/li><li><a href=\"https:\/\/imgcap.capturetheatlas.com\/wp-content\/uploads\/2022\/06\/Peruvian-Andes-gallery30.jpg\"><img decoding=\"async\" src=\"https:\/\/imgcap.capturetheatlas.com\/wp-content\/uploads\/2022\/06\/Peruvian-Andes-gallery30-1024x683.jpg\" alt=\"Huascar\u00e1n National Park, Peru\" width=\"824\" height=\"550\" \/><\/a><p class=\"jig-HTMLdescription\">Huascar\u00e1n National Park, Peru<\/p><\/li><li><a href=\"https:\/\/imgcap.capturetheatlas.com\/wp-content\/uploads\/2022\/06\/Peruvian-Andes-gallery10.jpg\"><img decoding=\"async\" src=\"https:\/\/imgcap.capturetheatlas.com\/wp-content\/uploads\/2022\/06\/Peruvian-Andes-gallery10-1024x683.jpg\" alt=\"Huascar\u00e1n National Park, Peru\" width=\"824\" height=\"550\" \/><\/a><p class=\"jig-HTMLdescription\">Huascar\u00e1n National Park, Peru<\/p><\/li><li><a href=\"https:\/\/imgcap.capturetheatlas.com\/wp-content\/uploads\/2022\/06\/Peruvian-Andes-gallery23.jpg\"><img decoding=\"async\" src=\"https:\/\/imgcap.capturetheatlas.com\/wp-content\/uploads\/2022\/06\/Peruvian-Andes-gallery23-1024x683.jpg\" alt=\"Huascaran National Park, Peru\" width=\"824\" height=\"550\" \/><\/a><p class=\"jig-HTMLdescription\">Huascaran National Park, Peru<\/p><\/li><li><a href=\"https:\/\/imgcap.capturetheatlas.com\/wp-content\/uploads\/2022\/06\/Peruvian-Andes-gallery5.jpg\"><img decoding=\"async\" src=\"https:\/\/imgcap.capturetheatlas.com\/wp-content\/uploads\/2022\/06\/Peruvian-Andes-gallery5-1024x683.jpg\" alt=\"Huayhuash, Peru \" width=\"824\" height=\"550\" \/><\/a><p class=\"jig-HTMLdescription\">Huayhuash, Peru <\/p><\/li><li><a href=\"https:\/\/imgcap.capturetheatlas.com\/wp-content\/uploads\/2022\/06\/Peruvian-Andes-gallery2.jpg\"><img decoding=\"async\" src=\"https:\/\/imgcap.capturetheatlas.com\/wp-content\/uploads\/2022\/06\/Peruvian-Andes-gallery2-683x1024.jpg\" alt=\"Huayhuash, Peru \" width=\"366\" height=\"550\" \/><\/a><p class=\"jig-HTMLdescription\">Huayhuash, Peru <\/p><\/li><li><a href=\"https:\/\/imgcap.capturetheatlas.com\/wp-content\/uploads\/2022\/06\/Peruvian-Andes-gallery20.jpg\"><img decoding=\"async\" src=\"https:\/\/imgcap.capturetheatlas.com\/wp-content\/uploads\/2022\/06\/Peruvian-Andes-gallery20-1024x1024.jpg\" alt=\"Huayhuash, Peru \" width=\"550\" height=\"550\" \/><\/a><p class=\"jig-HTMLdescription\">Huayhuash, Peru <\/p><\/li><li><a href=\"https:\/\/imgcap.capturetheatlas.com\/wp-content\/uploads\/2022\/06\/Peruvian-Andes-gallery25.jpg\"><img decoding=\"async\" src=\"https:\/\/imgcap.capturetheatlas.com\/wp-content\/uploads\/2022\/06\/Peruvian-Andes-gallery25-1024x683.jpg\" alt=\"Huayhuash, Peru \" width=\"824\" height=\"550\" \/><\/a><p class=\"jig-HTMLdescription\">Huayhuash, Peru <\/p><\/li><li><a href=\"https:\/\/imgcap.capturetheatlas.com\/wp-content\/uploads\/2022\/06\/Peruvian-Andes-gallery4.jpg\"><img decoding=\"async\" src=\"https:\/\/imgcap.capturetheatlas.com\/wp-content\/uploads\/2022\/06\/Peruvian-Andes-gallery4-1024x683.jpg\" alt=\"Huayhuash, Peru \" width=\"824\" height=\"550\" \/><\/a><p class=\"jig-HTMLdescription\">Huayhuash, Peru <\/p><\/li><\/ul><\/noscript><\/div>\n\n<p><script>\n$.noConflict();\nconsole.log(\"hola\");\nif (document.fullscreenElement) {\n    setTimeout(() => document.exitFullscreen(), 1000);\n}\n<\/script><\/p>\n<div id=\"mediavine-settings\" data-blocklist-all=\"1\">&nbsp;<\/div>\n","protected":false},"excerpt":{"rendered":"<p>&nbsp;<\/p>\n","protected":false},"author":30,"featured_media":0,"parent":0,"menu_order":0,"comment_status":"closed","ping_status":"closed","template":"page-template\/galeria.php","meta":{"_acf_changed":false,"footnotes":""},"class_list":["post-249864","page","type-page","status-publish","hentry"],"acf":[],"yoast_head":"<!-- This site is optimized with the Yoast SEO Premium plugin v20.0 (Yoast SEO v26.4) - https:\/\/yoast.com\/wordpress\/plugins\/seo\/ -->\n<title>Galer\u00eda Andes Peruanos - Mejores fotos de los Andes Peruanos<\/title>\n<meta name=\"description\" content=\"Selecci\u00f3n de paisajes e im\u00e1genes nocturnas de los Andes Peruanos fotografiadas por Dan Zafra\" \/>\n<meta name=\"robots\" content=\"index, follow, max-snippet:-1, max-image-preview:large, max-video-preview:-1\" \/>\n<link rel=\"canonical\" href=\"https:\/\/capturetheatlas.com\/es\/andes-peruanos-galeria\/\" \/>\n<meta property=\"og:locale\" content=\"es_ES\" \/>\n<meta property=\"og:type\" content=\"article\" \/>\n<meta property=\"og:title\" content=\"Galer\u00eda Per\u00fa\" \/>\n<meta property=\"og:description\" content=\"Selecci\u00f3n de paisajes e im\u00e1genes nocturnas de los Andes Peruanos fotografiadas por Dan Zafra\" \/>\n<meta property=\"og:url\" content=\"https:\/\/capturetheatlas.com\/es\/andes-peruanos-galeria\/\" \/>\n<meta property=\"og:site_name\" content=\"Capture the Atlas\" \/>\n<meta property=\"article:publisher\" content=\"https:\/\/www.facebook.com\/capturetheatlas\/\" \/>\n<meta property=\"article:modified_time\" content=\"2023-01-12T23:28:08+00:00\" \/>\n<meta property=\"og:image\" content=\"https:\/\/capturetheatlas.com\/wp-content\/uploads\/2022\/06\/Peruvian-Andes-gallery9-150x150.jpg\" \/>\n<meta name=\"twitter:label1\" content=\"Tiempo de lectura\" \/>\n\t<meta name=\"twitter:data1\" content=\"1 minuto\" \/>\n<script type=\"application\/ld+json\" class=\"yoast-schema-graph\">{\"@context\":\"https:\/\/schema.org\",\"@graph\":[{\"@type\":\"WebPage\",\"@id\":\"https:\/\/capturetheatlas.com\/es\/andes-peruanos-galeria\/\",\"url\":\"https:\/\/capturetheatlas.com\/es\/andes-peruanos-galeria\/\",\"name\":\"Galer\u00eda Andes Peruanos - Mejores fotos de los Andes Peruanos\",\"isPartOf\":{\"@id\":\"https:\/\/capturetheatlas.com\/es\/#website\"},\"datePublished\":\"2022-06-16T04:30:33+00:00\",\"dateModified\":\"2023-01-12T23:28:08+00:00\",\"description\":\"Selecci\u00f3n de paisajes e im\u00e1genes nocturnas de los Andes Peruanos fotografiadas por Dan Zafra\",\"breadcrumb\":{\"@id\":\"https:\/\/capturetheatlas.com\/es\/andes-peruanos-galeria\/#breadcrumb\"},\"inLanguage\":\"es\",\"potentialAction\":[{\"@type\":\"ReadAction\",\"target\":[\"https:\/\/capturetheatlas.com\/es\/andes-peruanos-galeria\/\"]}]},{\"@type\":\"BreadcrumbList\",\"@id\":\"https:\/\/capturetheatlas.com\/es\/andes-peruanos-galeria\/#breadcrumb\",\"itemListElement\":[{\"@type\":\"ListItem\",\"position\":1,\"name\":\"Home\",\"item\":\"https:\/\/capturetheatlas.com\/es\/\"},{\"@type\":\"ListItem\",\"position\":2,\"name\":\"Galer\u00eda Per\u00fa\"}]},{\"@type\":\"WebSite\",\"@id\":\"https:\/\/capturetheatlas.com\/es\/#website\",\"url\":\"https:\/\/capturetheatlas.com\/es\/\",\"name\":\"Capture the Atlas\",\"description\":\"PHOTOGRAPHY \u00b7 TRAVEL \u00b7 ADVENTURE\",\"publisher\":{\"@id\":\"https:\/\/capturetheatlas.com\/es\/#organization\"},\"potentialAction\":[{\"@type\":\"SearchAction\",\"target\":{\"@type\":\"EntryPoint\",\"urlTemplate\":\"https:\/\/capturetheatlas.com\/es\/?s={search_term_string}\"},\"query-input\":{\"@type\":\"PropertyValueSpecification\",\"valueRequired\":true,\"valueName\":\"search_term_string\"}}],\"inLanguage\":\"es\"},{\"@type\":\"Organization\",\"@id\":\"https:\/\/capturetheatlas.com\/es\/#organization\",\"name\":\"Capture the Atlas\",\"url\":\"https:\/\/capturetheatlas.com\/es\/\",\"logo\":{\"@type\":\"ImageObject\",\"inLanguage\":\"es\",\"@id\":\"https:\/\/capturetheatlas.com\/es\/#\/schema\/logo\/image\/\",\"url\":\"https:\/\/imgcap.capturetheatlas.com\/wp-content\/uploads\/2024\/03\/PNG-white-background-small.png\",\"contentUrl\":\"https:\/\/imgcap.capturetheatlas.com\/wp-content\/uploads\/2024\/03\/PNG-white-background-small.png\",\"width\":500,\"height\":500,\"caption\":\"Capture the Atlas\"},\"image\":{\"@id\":\"https:\/\/capturetheatlas.com\/es\/#\/schema\/logo\/image\/\"},\"sameAs\":[\"https:\/\/www.facebook.com\/capturetheatlas\/\",\"https:\/\/x.com\/capturetheatlas\",\"https:\/\/www.instagram.com\/capturetheatlas\/\",\"https:\/\/www.youtube.com\/channel\/UCJJlhj2psDvxXGhR3CmDeZg\",\"https:\/\/pinterest.com\/capturetheatlas\/\",\"https:\/\/www.linkedin.com\/company\/capture-the-atlas\/\"]}]}<\/script>\n<!-- \/ Yoast SEO Premium plugin. -->","yoast_head_json":{"title":"Galer\u00eda Andes Peruanos - Mejores fotos de los Andes Peruanos","description":"Selecci\u00f3n de paisajes e im\u00e1genes nocturnas de los Andes Peruanos fotografiadas por Dan Zafra","robots":{"index":"index","follow":"follow","max-snippet":"max-snippet:-1","max-image-preview":"max-image-preview:large","max-video-preview":"max-video-preview:-1"},"canonical":"https:\/\/capturetheatlas.com\/es\/andes-peruanos-galeria\/","og_locale":"es_ES","og_type":"article","og_title":"Galer\u00eda Per\u00fa","og_description":"Selecci\u00f3n de paisajes e im\u00e1genes nocturnas de los Andes Peruanos fotografiadas por Dan Zafra","og_url":"https:\/\/capturetheatlas.com\/es\/andes-peruanos-galeria\/","og_site_name":"Capture the Atlas","article_publisher":"https:\/\/www.facebook.com\/capturetheatlas\/","article_modified_time":"2023-01-12T23:28:08+00:00","og_image":[{"url":"https:\/\/capturetheatlas.com\/wp-content\/uploads\/2022\/06\/Peruvian-Andes-gallery9-150x150.jpg","type":"","width":"","height":""}],"twitter_misc":{"Tiempo de lectura":"1 minuto"},"schema":{"@context":"https:\/\/schema.org","@graph":[{"@type":"WebPage","@id":"https:\/\/capturetheatlas.com\/es\/andes-peruanos-galeria\/","url":"https:\/\/capturetheatlas.com\/es\/andes-peruanos-galeria\/","name":"Galer\u00eda Andes Peruanos - Mejores fotos de los Andes Peruanos","isPartOf":{"@id":"https:\/\/capturetheatlas.com\/es\/#website"},"datePublished":"2022-06-16T04:30:33+00:00","dateModified":"2023-01-12T23:28:08+00:00","description":"Selecci\u00f3n de paisajes e im\u00e1genes nocturnas de los Andes Peruanos fotografiadas por Dan Zafra","breadcrumb":{"@id":"https:\/\/capturetheatlas.com\/es\/andes-peruanos-galeria\/#breadcrumb"},"inLanguage":"es","potentialAction":[{"@type":"ReadAction","target":["https:\/\/capturetheatlas.com\/es\/andes-peruanos-galeria\/"]}]},{"@type":"BreadcrumbList","@id":"https:\/\/capturetheatlas.com\/es\/andes-peruanos-galeria\/#breadcrumb","itemListElement":[{"@type":"ListItem","position":1,"name":"Home","item":"https:\/\/capturetheatlas.com\/es\/"},{"@type":"ListItem","position":2,"name":"Galer\u00eda Per\u00fa"}]},{"@type":"WebSite","@id":"https:\/\/capturetheatlas.com\/es\/#website","url":"https:\/\/capturetheatlas.com\/es\/","name":"Capture the Atlas","description":"PHOTOGRAPHY \u00b7 TRAVEL \u00b7 ADVENTURE","publisher":{"@id":"https:\/\/capturetheatlas.com\/es\/#organization"},"potentialAction":[{"@type":"SearchAction","target":{"@type":"EntryPoint","urlTemplate":"https:\/\/capturetheatlas.com\/es\/?s={search_term_string}"},"query-input":{"@type":"PropertyValueSpecification","valueRequired":true,"valueName":"search_term_string"}}],"inLanguage":"es"},{"@type":"Organization","@id":"https:\/\/capturetheatlas.com\/es\/#organization","name":"Capture the Atlas","url":"https:\/\/capturetheatlas.com\/es\/","logo":{"@type":"ImageObject","inLanguage":"es","@id":"https:\/\/capturetheatlas.com\/es\/#\/schema\/logo\/image\/","url":"https:\/\/imgcap.capturetheatlas.com\/wp-content\/uploads\/2024\/03\/PNG-white-background-small.png","contentUrl":"https:\/\/imgcap.capturetheatlas.com\/wp-content\/uploads\/2024\/03\/PNG-white-background-small.png","width":500,"height":500,"caption":"Capture the Atlas"},"image":{"@id":"https:\/\/capturetheatlas.com\/es\/#\/schema\/logo\/image\/"},"sameAs":["https:\/\/www.facebook.com\/capturetheatlas\/","https:\/\/x.com\/capturetheatlas","https:\/\/www.instagram.com\/capturetheatlas\/","https:\/\/www.youtube.com\/channel\/UCJJlhj2psDvxXGhR3CmDeZg","https:\/\/pinterest.com\/capturetheatlas\/","https:\/\/www.linkedin.com\/company\/capture-the-atlas\/"]}]}},"_links":{"self":[{"href":"https:\/\/capturetheatlas.com\/es\/wp-json\/wp\/v2\/pages\/249864","targetHints":{"allow":["GET"]}}],"collection":[{"href":"https:\/\/capturetheatlas.com\/es\/wp-json\/wp\/v2\/pages"}],"about":[{"href":"https:\/\/capturetheatlas.com\/es\/wp-json\/wp\/v2\/types\/page"}],"author":[{"embeddable":true,"href":"https:\/\/capturetheatlas.com\/es\/wp-json\/wp\/v2\/users\/30"}],"replies":[{"embeddable":true,"href":"https:\/\/capturetheatlas.com\/es\/wp-json\/wp\/v2\/comments?post=249864"}],"version-history":[{"count":0,"href":"https:\/\/capturetheatlas.com\/es\/wp-json\/wp\/v2\/pages\/249864\/revisions"}],"wp:attachment":[{"href":"https:\/\/capturetheatlas.com\/es\/wp-json\/wp\/v2\/media?parent=249864"}],"curies":[{"name":"wp","href":"https:\/\/api.w.org\/{rel}","templated":true}]}}