{"id":53909,"date":"2021-01-15T23:46:30","date_gmt":"2021-01-16T04:46:30","guid":{"rendered":"https:\/\/capturetheatlas.com\/?page_id=53909"},"modified":"2023-01-12T18:14:12","modified_gmt":"2023-01-12T23:14:12","slug":"galeria-kamchatka","status":"publish","type":"page","link":"https:\/\/capturetheatlas.com\/es\/galeria-kamchatka\/","title":{"rendered":"Galer\u00eda Kamchatka"},"content":{"rendered":"<div id=\"jig1\" class=\"justified-image-grid jig-69226d1fab1fa0aa5d2eab82ec848737 jig-preset-global jig-source-wp-gallery\"><div class=\"jig-clearfix\"><\/div><noscript id=\"jig1-html\" class=\"justified-image-grid-html\" data-lazy-src=\"skiplazyload\" data-src=\"skipunveillazyload\"><ul><li><a href=\"https:\/\/imgcap.capturetheatlas.com\/wp-content\/uploads\/2021\/01\/Kamchatka-Epic-sunrise.jpg\"><img decoding=\"async\" src=\"https:\/\/imgcap.capturetheatlas.com\/wp-content\/uploads\/2021\/01\/Kamchatka-Epic-sunrise-1024x746.jpg\" alt=\"Klyuchevskoy Natural Park, Kamchatka\" width=\"754\" height=\"550\" \/><\/a><p class=\"jig-HTMLdescription\">Klyuchevskoy Natural Park, Kamchatka<\/p><\/li><li><a href=\"https:\/\/imgcap.capturetheatlas.com\/wp-content\/uploads\/2021\/01\/Flowers-Tolbachik-correccion-6.jpg\"><img decoding=\"async\" src=\"https:\/\/imgcap.capturetheatlas.com\/wp-content\/uploads\/2021\/01\/Flowers-Tolbachik-correccion-6-1024x683.jpg\" alt=\"Tolbachik, Kamchatka\" width=\"824\" height=\"550\" \/><\/a><p class=\"jig-HTMLdescription\">Tolbachik, Kamchatka<\/p><\/li><li><a href=\"https:\/\/imgcap.capturetheatlas.com\/wp-content\/uploads\/2021\/01\/KamchatkalagoGorely.jpg\"><img decoding=\"async\" src=\"https:\/\/imgcap.capturetheatlas.com\/wp-content\/uploads\/2021\/01\/KamchatkalagoGorely-1024x684.jpg\" alt=\"Gorely Volcano, Kamchatka\" width=\"823\" height=\"550\" \/><\/a><p class=\"jig-HTMLdescription\">Gorely Volcano, Kamchatka<\/p><\/li><li><a href=\"https:\/\/imgcap.capturetheatlas.com\/wp-content\/uploads\/2021\/01\/Tolbachik-Ratbud.jpg\"><img decoding=\"async\" src=\"https:\/\/imgcap.capturetheatlas.com\/wp-content\/uploads\/2021\/01\/Tolbachik-Ratbud-1024x684.jpg\" alt=\"Klyuchevskoy Natural Park, Kamchatka\" width=\"823\" height=\"550\" \/><\/a><p class=\"jig-HTMLdescription\">Klyuchevskoy Natural Park, Kamchatka<\/p><\/li><li><a href=\"https:\/\/imgcap.capturetheatlas.com\/wp-content\/uploads\/2021\/01\/KamchatkaPanoAwards2.jpg\"><img decoding=\"async\" src=\"https:\/\/imgcap.capturetheatlas.com\/wp-content\/uploads\/2021\/01\/KamchatkaPanoAwards2-1024x512.jpg\" alt=\"Klyuchevskoy Natural Park, Kamchatka\" width=\"1100\" height=\"550\" \/><\/a><p class=\"jig-HTMLdescription\">Klyuchevskoy Natural Park, Kamchatka<\/p><\/li><li><a href=\"https:\/\/imgcap.capturetheatlas.com\/wp-content\/uploads\/2021\/01\/O-LN_Dan-Zafra_Planet-Kamchatka.jpg-gigapixel.jpg\"><img decoding=\"async\" src=\"https:\/\/imgcap.capturetheatlas.com\/wp-content\/uploads\/2021\/01\/O-LN_Dan-Zafra_Planet-Kamchatka.jpg-gigapixel-1024x512.jpg\" alt=\"Klyuchevskoy Natural Park, Kamchatka\" width=\"1100\" height=\"550\" \/><\/a><p class=\"jig-HTMLdescription\">Klyuchevskoy Natural Park, Kamchatka<\/p><\/li><li><a href=\"https:\/\/imgcap.capturetheatlas.com\/wp-content\/uploads\/2021\/01\/KamchatkaKlyuchevskoya.jpg\"><img decoding=\"async\" src=\"https:\/\/imgcap.capturetheatlas.com\/wp-content\/uploads\/2021\/01\/KamchatkaKlyuchevskoya-1024x684.jpg\" alt=\"Klyuchevskoy Natural Park, Kamchatka\" width=\"823\" height=\"550\" \/><\/a><p class=\"jig-HTMLdescription\">Klyuchevskoy Natural Park, Kamchatka<\/p><\/li><li><a href=\"https:\/\/imgcap.capturetheatlas.com\/wp-content\/uploads\/2021\/01\/Kamchatka-Avachinsky-volcano-yellow-flowers.jpg\"><img decoding=\"async\" src=\"https:\/\/imgcap.capturetheatlas.com\/wp-content\/uploads\/2021\/01\/Kamchatka-Avachinsky-volcano-yellow-flowers-1024x683.jpg\" alt=\"Avachinsky, Kamchatka\" width=\"824\" height=\"550\" \/><\/a><p class=\"jig-HTMLdescription\">Avachinsky, Kamchatka<\/p><\/li><li><a href=\"https:\/\/imgcap.capturetheatlas.com\/wp-content\/uploads\/2021\/01\/O-LN_Dan-Zafra_Pristine-Wilderness.jpg.jpg\"><img decoding=\"async\" src=\"https:\/\/imgcap.capturetheatlas.com\/wp-content\/uploads\/2021\/01\/O-LN_Dan-Zafra_Pristine-Wilderness.jpg-1024x512.jpg\" alt=\"Klyuchevskoy Natural Park, Kamchatka\" width=\"1100\" height=\"550\" \/><\/a><p class=\"jig-HTMLdescription\">Klyuchevskoy Natural Park, Kamchatka<\/p><\/li><li><a href=\"https:\/\/imgcap.capturetheatlas.com\/wp-content\/uploads\/2021\/01\/Kamchatka-3-volcanoes.jpg\"><img decoding=\"async\" src=\"https:\/\/imgcap.capturetheatlas.com\/wp-content\/uploads\/2021\/01\/Kamchatka-3-volcanoes-1024x684.jpg\" alt=\"Klyuchevskoy Natural Park, Kamchatka\" width=\"823\" height=\"550\" \/><\/a><p class=\"jig-HTMLdescription\">Klyuchevskoy Natural Park, Kamchatka<\/p><\/li><li><a href=\"https:\/\/imgcap.capturetheatlas.com\/wp-content\/uploads\/2021\/01\/EpicVilyuchinsk.jpg\"><img decoding=\"async\" src=\"https:\/\/imgcap.capturetheatlas.com\/wp-content\/uploads\/2021\/01\/EpicVilyuchinsk-1024x684.jpg\" alt=\"Avachinsky, Kamchatka\" width=\"823\" height=\"550\" \/><\/a><p class=\"jig-HTMLdescription\">Avachinsky, Kamchatka<\/p><\/li><li><a href=\"https:\/\/imgcap.capturetheatlas.com\/wp-content\/uploads\/2021\/01\/Tolbachik-lago-pano.jpg\"><img decoding=\"async\" src=\"https:\/\/imgcap.capturetheatlas.com\/wp-content\/uploads\/2021\/01\/Tolbachik-lago-pano-1024x1017.jpg\" alt=\"Tolbachik, Kamchatka\" width=\"553\" height=\"550\" \/><\/a><p class=\"jig-HTMLdescription\">Tolbachik, Kamchatka<\/p><\/li><li><a href=\"https:\/\/imgcap.capturetheatlas.com\/wp-content\/uploads\/2021\/01\/DeathForestFocustack.jpg\"><img decoding=\"async\" src=\"https:\/\/imgcap.capturetheatlas.com\/wp-content\/uploads\/2021\/01\/DeathForestFocustack-1024x683.jpg\" alt=\"Dead forest, Kamchatka\" width=\"824\" height=\"550\" \/><\/a><p class=\"jig-HTMLdescription\">Dead forest, Kamchatka<\/p><\/li><li><a href=\"https:\/\/imgcap.capturetheatlas.com\/wp-content\/uploads\/2021\/01\/KamchatkaPanoAwards.jpg\"><img decoding=\"async\" src=\"https:\/\/imgcap.capturetheatlas.com\/wp-content\/uploads\/2021\/01\/KamchatkaPanoAwards-1024x512.jpg\" alt=\"Klyuchevskoy Natural Park, Kamchatka\" width=\"1100\" height=\"550\" \/><\/a><p class=\"jig-HTMLdescription\">Klyuchevskoy Natural Park, Kamchatka<\/p><\/li><\/ul><\/noscript><\/div>\n\n","protected":false},"excerpt":{"rendered":"","protected":false},"author":23,"featured_media":0,"parent":0,"menu_order":0,"comment_status":"closed","ping_status":"closed","template":"page-template\/galeria.php","meta":{"_acf_changed":false,"footnotes":""},"class_list":["post-53909","page","type-page","status-publish","hentry"],"acf":[],"yoast_head":"<!-- This site is optimized with the Yoast SEO Premium plugin v20.0 (Yoast SEO v26.4) - https:\/\/yoast.com\/wordpress\/plugins\/seo\/ -->\n<title>Galer\u00eda de Kamchatka - Mejores im\u00e1genes de Dan Zafra<\/title>\n<meta name=\"description\" content=\"Selecci\u00f3n personal de las mejores fotograf\u00edas de los paisajes de la Pen\u00ednsula de Kamchatka en Rusia por Dan Zafra.\" \/>\n<meta name=\"robots\" content=\"index, follow, max-snippet:-1, max-image-preview:large, max-video-preview:-1\" \/>\n<link rel=\"canonical\" href=\"https:\/\/capturetheatlas.com\/es\/galeria-kamchatka\/\" \/>\n<meta property=\"og:locale\" content=\"es_ES\" \/>\n<meta property=\"og:type\" content=\"article\" \/>\n<meta property=\"og:title\" content=\"Galer\u00eda Kamchatka\" \/>\n<meta property=\"og:description\" content=\"Selecci\u00f3n personal de las mejores fotograf\u00edas de los paisajes de la Pen\u00ednsula de Kamchatka en Rusia por Dan Zafra.\" \/>\n<meta property=\"og:url\" content=\"https:\/\/capturetheatlas.com\/es\/galeria-kamchatka\/\" \/>\n<meta property=\"og:site_name\" content=\"Capture the Atlas\" \/>\n<meta property=\"article:publisher\" content=\"https:\/\/www.facebook.com\/capturetheatlas\/\" \/>\n<meta property=\"article:modified_time\" content=\"2023-01-12T23:14:12+00:00\" \/>\n<meta property=\"og:image\" content=\"https:\/\/capturetheatlas.com\/wp-content\/uploads\/2021\/01\/Kamchatka-Epic-sunrise-150x150.jpg\" \/>\n<script type=\"application\/ld+json\" class=\"yoast-schema-graph\">{\"@context\":\"https:\/\/schema.org\",\"@graph\":[{\"@type\":\"WebPage\",\"@id\":\"https:\/\/capturetheatlas.com\/es\/galeria-kamchatka\/\",\"url\":\"https:\/\/capturetheatlas.com\/es\/galeria-kamchatka\/\",\"name\":\"Galer\u00eda de Kamchatka - Mejores im\u00e1genes de Dan Zafra\",\"isPartOf\":{\"@id\":\"https:\/\/capturetheatlas.com\/es\/#website\"},\"datePublished\":\"2021-01-16T04:46:30+00:00\",\"dateModified\":\"2023-01-12T23:14:12+00:00\",\"description\":\"Selecci\u00f3n personal de las mejores fotograf\u00edas de los paisajes de la Pen\u00ednsula de Kamchatka en Rusia por Dan Zafra.\",\"breadcrumb\":{\"@id\":\"https:\/\/capturetheatlas.com\/es\/galeria-kamchatka\/#breadcrumb\"},\"inLanguage\":\"es\",\"potentialAction\":[{\"@type\":\"ReadAction\",\"target\":[\"https:\/\/capturetheatlas.com\/es\/galeria-kamchatka\/\"]}]},{\"@type\":\"BreadcrumbList\",\"@id\":\"https:\/\/capturetheatlas.com\/es\/galeria-kamchatka\/#breadcrumb\",\"itemListElement\":[{\"@type\":\"ListItem\",\"position\":1,\"name\":\"Home\",\"item\":\"https:\/\/capturetheatlas.com\/es\/\"},{\"@type\":\"ListItem\",\"position\":2,\"name\":\"Galer\u00eda Kamchatka\"}]},{\"@type\":\"WebSite\",\"@id\":\"https:\/\/capturetheatlas.com\/es\/#website\",\"url\":\"https:\/\/capturetheatlas.com\/es\/\",\"name\":\"Capture the Atlas\",\"description\":\"PHOTOGRAPHY \u00b7 TRAVEL \u00b7 ADVENTURE\",\"publisher\":{\"@id\":\"https:\/\/capturetheatlas.com\/es\/#organization\"},\"potentialAction\":[{\"@type\":\"SearchAction\",\"target\":{\"@type\":\"EntryPoint\",\"urlTemplate\":\"https:\/\/capturetheatlas.com\/es\/?s={search_term_string}\"},\"query-input\":{\"@type\":\"PropertyValueSpecification\",\"valueRequired\":true,\"valueName\":\"search_term_string\"}}],\"inLanguage\":\"es\"},{\"@type\":\"Organization\",\"@id\":\"https:\/\/capturetheatlas.com\/es\/#organization\",\"name\":\"Capture the Atlas\",\"url\":\"https:\/\/capturetheatlas.com\/es\/\",\"logo\":{\"@type\":\"ImageObject\",\"inLanguage\":\"es\",\"@id\":\"https:\/\/capturetheatlas.com\/es\/#\/schema\/logo\/image\/\",\"url\":\"https:\/\/imgcap.capturetheatlas.com\/wp-content\/uploads\/2024\/03\/PNG-white-background-small.png\",\"contentUrl\":\"https:\/\/imgcap.capturetheatlas.com\/wp-content\/uploads\/2024\/03\/PNG-white-background-small.png\",\"width\":500,\"height\":500,\"caption\":\"Capture the Atlas\"},\"image\":{\"@id\":\"https:\/\/capturetheatlas.com\/es\/#\/schema\/logo\/image\/\"},\"sameAs\":[\"https:\/\/www.facebook.com\/capturetheatlas\/\",\"https:\/\/x.com\/capturetheatlas\",\"https:\/\/www.instagram.com\/capturetheatlas\/\",\"https:\/\/www.youtube.com\/channel\/UCJJlhj2psDvxXGhR3CmDeZg\",\"https:\/\/pinterest.com\/capturetheatlas\/\",\"https:\/\/www.linkedin.com\/company\/capture-the-atlas\/\"]}]}<\/script>\n<!-- \/ Yoast SEO Premium plugin. -->","yoast_head_json":{"title":"Galer\u00eda de Kamchatka - Mejores im\u00e1genes de Dan Zafra","description":"Selecci\u00f3n personal de las mejores fotograf\u00edas de los paisajes de la Pen\u00ednsula de Kamchatka en Rusia por Dan Zafra.","robots":{"index":"index","follow":"follow","max-snippet":"max-snippet:-1","max-image-preview":"max-image-preview:large","max-video-preview":"max-video-preview:-1"},"canonical":"https:\/\/capturetheatlas.com\/es\/galeria-kamchatka\/","og_locale":"es_ES","og_type":"article","og_title":"Galer\u00eda Kamchatka","og_description":"Selecci\u00f3n personal de las mejores fotograf\u00edas de los paisajes de la Pen\u00ednsula de Kamchatka en Rusia por Dan Zafra.","og_url":"https:\/\/capturetheatlas.com\/es\/galeria-kamchatka\/","og_site_name":"Capture the Atlas","article_publisher":"https:\/\/www.facebook.com\/capturetheatlas\/","article_modified_time":"2023-01-12T23:14:12+00:00","og_image":[{"url":"https:\/\/capturetheatlas.com\/wp-content\/uploads\/2021\/01\/Kamchatka-Epic-sunrise-150x150.jpg","type":"","width":"","height":""}],"schema":{"@context":"https:\/\/schema.org","@graph":[{"@type":"WebPage","@id":"https:\/\/capturetheatlas.com\/es\/galeria-kamchatka\/","url":"https:\/\/capturetheatlas.com\/es\/galeria-kamchatka\/","name":"Galer\u00eda de Kamchatka - Mejores im\u00e1genes de Dan Zafra","isPartOf":{"@id":"https:\/\/capturetheatlas.com\/es\/#website"},"datePublished":"2021-01-16T04:46:30+00:00","dateModified":"2023-01-12T23:14:12+00:00","description":"Selecci\u00f3n personal de las mejores fotograf\u00edas de los paisajes de la Pen\u00ednsula de Kamchatka en Rusia por Dan Zafra.","breadcrumb":{"@id":"https:\/\/capturetheatlas.com\/es\/galeria-kamchatka\/#breadcrumb"},"inLanguage":"es","potentialAction":[{"@type":"ReadAction","target":["https:\/\/capturetheatlas.com\/es\/galeria-kamchatka\/"]}]},{"@type":"BreadcrumbList","@id":"https:\/\/capturetheatlas.com\/es\/galeria-kamchatka\/#breadcrumb","itemListElement":[{"@type":"ListItem","position":1,"name":"Home","item":"https:\/\/capturetheatlas.com\/es\/"},{"@type":"ListItem","position":2,"name":"Galer\u00eda Kamchatka"}]},{"@type":"WebSite","@id":"https:\/\/capturetheatlas.com\/es\/#website","url":"https:\/\/capturetheatlas.com\/es\/","name":"Capture the Atlas","description":"PHOTOGRAPHY \u00b7 TRAVEL \u00b7 ADVENTURE","publisher":{"@id":"https:\/\/capturetheatlas.com\/es\/#organization"},"potentialAction":[{"@type":"SearchAction","target":{"@type":"EntryPoint","urlTemplate":"https:\/\/capturetheatlas.com\/es\/?s={search_term_string}"},"query-input":{"@type":"PropertyValueSpecification","valueRequired":true,"valueName":"search_term_string"}}],"inLanguage":"es"},{"@type":"Organization","@id":"https:\/\/capturetheatlas.com\/es\/#organization","name":"Capture the Atlas","url":"https:\/\/capturetheatlas.com\/es\/","logo":{"@type":"ImageObject","inLanguage":"es","@id":"https:\/\/capturetheatlas.com\/es\/#\/schema\/logo\/image\/","url":"https:\/\/imgcap.capturetheatlas.com\/wp-content\/uploads\/2024\/03\/PNG-white-background-small.png","contentUrl":"https:\/\/imgcap.capturetheatlas.com\/wp-content\/uploads\/2024\/03\/PNG-white-background-small.png","width":500,"height":500,"caption":"Capture the Atlas"},"image":{"@id":"https:\/\/capturetheatlas.com\/es\/#\/schema\/logo\/image\/"},"sameAs":["https:\/\/www.facebook.com\/capturetheatlas\/","https:\/\/x.com\/capturetheatlas","https:\/\/www.instagram.com\/capturetheatlas\/","https:\/\/www.youtube.com\/channel\/UCJJlhj2psDvxXGhR3CmDeZg","https:\/\/pinterest.com\/capturetheatlas\/","https:\/\/www.linkedin.com\/company\/capture-the-atlas\/"]}]}},"_links":{"self":[{"href":"https:\/\/capturetheatlas.com\/es\/wp-json\/wp\/v2\/pages\/53909","targetHints":{"allow":["GET"]}}],"collection":[{"href":"https:\/\/capturetheatlas.com\/es\/wp-json\/wp\/v2\/pages"}],"about":[{"href":"https:\/\/capturetheatlas.com\/es\/wp-json\/wp\/v2\/types\/page"}],"author":[{"embeddable":true,"href":"https:\/\/capturetheatlas.com\/es\/wp-json\/wp\/v2\/users\/23"}],"replies":[{"embeddable":true,"href":"https:\/\/capturetheatlas.com\/es\/wp-json\/wp\/v2\/comments?post=53909"}],"version-history":[{"count":0,"href":"https:\/\/capturetheatlas.com\/es\/wp-json\/wp\/v2\/pages\/53909\/revisions"}],"wp:attachment":[{"href":"https:\/\/capturetheatlas.com\/es\/wp-json\/wp\/v2\/media?parent=53909"}],"curies":[{"name":"wp","href":"https:\/\/api.w.org\/{rel}","templated":true}]}}