{"id":54040,"date":"2021-11-17T00:17:05","date_gmt":"2021-11-17T05:17:05","guid":{"rendered":"https:\/\/capturetheatlas.com\/?page_id=54040"},"modified":"2022-08-23T17:21:26","modified_gmt":"2022-08-23T22:21:26","slug":"galeria-astro","status":"publish","type":"page","link":"https:\/\/capturetheatlas.com\/es\/galeria-astro\/","title":{"rendered":"Galer\u00eda de astrofotograf\u00eda"},"content":{"rendered":"<div id=\"jig1\" class=\"justified-image-grid jig-66b83b015ba2306ea5547bc2a370c1b5 jig-preset-global jig-source-wp-gallery\"><div class=\"jig-clearfix\"><\/div><noscript id=\"jig1-html\" class=\"justified-image-grid-html\" data-lazy-src=\"skiplazyload\" data-src=\"skipunveillazyload\"><ul><li><a href=\"https:\/\/imgcap.capturetheatlas.com\/wp-content\/uploads\/2021\/04\/Death-Valley-Mud-cracks-Milky-Way.jpg\"><img decoding=\"async\" src=\"https:\/\/imgcap.capturetheatlas.com\/wp-content\/uploads\/2021\/04\/Death-Valley-Mud-cracks-Milky-Way-1024x660.jpg\" alt=\"Death Valley, California\" width=\"853\" height=\"550\" \/><\/a><p class=\"jig-HTMLdescription\">Death Valley, California<\/p><\/li><li><a href=\"https:\/\/imgcap.capturetheatlas.com\/wp-content\/uploads\/2021\/01\/Two-jack-VL-sin-firma.jpg\"><img decoding=\"async\" src=\"https:\/\/imgcap.capturetheatlas.com\/wp-content\/uploads\/2021\/01\/Two-jack-VL-sin-firma-1024x684.jpg\" alt=\"Two Jack Lake, Canada\" width=\"823\" height=\"550\" \/><\/a><p class=\"jig-HTMLdescription\">Two Jack Lake, Canada<\/p><\/li><li><a href=\"https:\/\/imgcap.capturetheatlas.com\/wp-content\/uploads\/2022\/06\/spiderwebarch-hunts-mesa.jpeg\"><img decoding=\"async\" src=\"https:\/\/imgcap.capturetheatlas.com\/wp-content\/uploads\/2022\/06\/spiderwebarch-hunts-mesa-1024x828.jpeg\" alt=\"Arizona, USA\" width=\"680\" height=\"550\" \/><\/a><p class=\"jig-HTMLdescription\">Arizona, USA<\/p><\/li><li><a href=\"https:\/\/imgcap.capturetheatlas.com\/wp-content\/uploads\/2022\/06\/Monument-Valley-Milky-Way-Panorama.jpg\"><img decoding=\"async\" src=\"https:\/\/imgcap.capturetheatlas.com\/wp-content\/uploads\/2022\/06\/Monument-Valley-Milky-Way-Panorama-1024x473.jpg\" alt=\"Monument Valley, USA\" width=\"1190\" height=\"550\" \/><\/a><p class=\"jig-HTMLdescription\">Monument Valley, USA<\/p><\/li><li><a href=\"https:\/\/imgcap.capturetheatlas.com\/wp-content\/uploads\/2021\/11\/Huayhuash-Milky-Way-Peru-Laguna-Carhuacocha-.jpg\"><img decoding=\"async\" src=\"https:\/\/imgcap.capturetheatlas.com\/wp-content\/uploads\/2021\/11\/Huayhuash-Milky-Way-Peru-Laguna-Carhuacocha--819x1024.jpg\" alt=\"Huayhuash Mountain Range, Peru\" width=\"439\" height=\"550\" \/><\/a><p class=\"jig-HTMLdescription\">Huayhuash Mountain Range, Peru<\/p><\/li><li><a href=\"https:\/\/imgcap.capturetheatlas.com\/wp-content\/uploads\/2021\/01\/Utah-WhitePocket-MWMars.jpg\"><img decoding=\"async\" src=\"https:\/\/imgcap.capturetheatlas.com\/wp-content\/uploads\/2021\/01\/Utah-WhitePocket-MWMars-1024x683.jpg\" alt=\"Utah-Arizona, Estados Unidos\" width=\"824\" height=\"550\" \/><\/a><p class=\"jig-HTMLdescription\">Utah-Arizona, Estados Unidos<\/p><\/li><li><a href=\"https:\/\/imgcap.capturetheatlas.com\/wp-content\/uploads\/2022\/07\/mcway-falls-milky-way-california.jpeg\"><img decoding=\"async\" src=\"https:\/\/imgcap.capturetheatlas.com\/wp-content\/uploads\/2022\/07\/mcway-falls-milky-way-california-819x1024.jpeg\" alt=\"Big Sur, California\" width=\"439\" height=\"550\" \/><\/a><p class=\"jig-HTMLdescription\">Big Sur, California<\/p><\/li><li><a href=\"https:\/\/imgcap.capturetheatlas.com\/wp-content\/uploads\/2022\/02\/Death-Valley-Winter-Milky-Way-badwater-asin.jpg\"><img decoding=\"async\" src=\"https:\/\/imgcap.capturetheatlas.com\/wp-content\/uploads\/2022\/02\/Death-Valley-Winter-Milky-Way-badwater-asin-1024x576.jpg\" alt=\"Death Valley, California\" width=\"977\" height=\"550\" \/><\/a><p class=\"jig-HTMLdescription\">Death Valley, California<\/p><\/li><li><a href=\"https:\/\/imgcap.capturetheatlas.com\/wp-content\/uploads\/2022\/06\/Mount-Shasta-Milky-Way-California.jpeg\"><img decoding=\"async\" src=\"https:\/\/imgcap.capturetheatlas.com\/wp-content\/uploads\/2022\/06\/Mount-Shasta-Milky-Way-California-1024x1024.jpeg\" alt=\"Mount Shasta, California\" width=\"550\" height=\"550\" \/><\/a><p class=\"jig-HTMLdescription\">Mount Shasta, California<\/p><\/li><li><a href=\"https:\/\/imgcap.capturetheatlas.com\/wp-content\/uploads\/2022\/07\/bristlecone-pines-Milky-way-California.jpeg\"><img decoding=\"async\" src=\"https:\/\/imgcap.capturetheatlas.com\/wp-content\/uploads\/2022\/07\/bristlecone-pines-Milky-way-California-1024x819.jpeg\" alt=\"Ancient Bristlecone Pines, California\" width=\"687\" height=\"550\" \/><\/a><p class=\"jig-HTMLdescription\">Ancient Bristlecone Pines, California<\/p><\/li><li><a href=\"https:\/\/imgcap.capturetheatlas.com\/wp-content\/uploads\/2021\/01\/Utah-Coronaarchfirstselfie.jpg\"><img decoding=\"async\" src=\"https:\/\/imgcap.capturetheatlas.com\/wp-content\/uploads\/2021\/01\/Utah-Coronaarchfirstselfie-683x1024.jpg\" alt=\"\" width=\"366\" height=\"550\" \/><\/a><\/li><li><a href=\"https:\/\/imgcap.capturetheatlas.com\/wp-content\/uploads\/2021\/01\/ADKs-Milky-Way-1.jpg\"><img decoding=\"async\" src=\"https:\/\/imgcap.capturetheatlas.com\/wp-content\/uploads\/2021\/01\/ADKs-Milky-Way-1-819x1024.jpg\" alt=\"Adirondacks, NY, Estados Unidos\" width=\"439\" height=\"550\" \/><\/a><p class=\"jig-HTMLdescription\">Adirondacks, NY, Estados Unidos<\/p><\/li><li><a href=\"https:\/\/imgcap.capturetheatlas.com\/wp-content\/uploads\/2022\/08\/rsz_1utah-balanced_rock_vertical_milky_way.jpeg\"><img decoding=\"async\" src=\"https:\/\/imgcap.capturetheatlas.com\/wp-content\/uploads\/2022\/08\/rsz_1utah-balanced_rock_vertical_milky_way-683x1024.jpeg\" alt=\"Utah, USA\" width=\"366\" height=\"550\" \/><\/a><p class=\"jig-HTMLdescription\">Utah, USA<\/p><\/li><li><a href=\"https:\/\/imgcap.capturetheatlas.com\/wp-content\/uploads\/2022\/01\/Carhuacocha-Milky-Way-panorama-Huayhuash-.jpg\"><img decoding=\"async\" src=\"https:\/\/imgcap.capturetheatlas.com\/wp-content\/uploads\/2022\/01\/Carhuacocha-Milky-Way-panorama-Huayhuash--1024x747.jpg\" alt=\"\" width=\"753\" height=\"550\" \/><\/a><\/li><li><a href=\"https:\/\/imgcap.capturetheatlas.com\/wp-content\/uploads\/2022\/03\/Point-Reyes-Milky-Way-California.jpg\"><img decoding=\"async\" src=\"https:\/\/imgcap.capturetheatlas.com\/wp-content\/uploads\/2022\/03\/Point-Reyes-Milky-Way-California-1024x684.jpg\" alt=\"Point Reyes, California\" width=\"823\" height=\"550\" \/><\/a><p class=\"jig-HTMLdescription\">Point Reyes, California<\/p><\/li><li><a href=\"https:\/\/imgcap.capturetheatlas.com\/wp-content\/uploads\/2022\/05\/Delicate-Arch-Milky-Way-Arches-National-Park-Utah.jpg\"><img decoding=\"async\" src=\"https:\/\/imgcap.capturetheatlas.com\/wp-content\/uploads\/2022\/05\/Delicate-Arch-Milky-Way-Arches-National-Park-Utah-1024x683.jpg\" alt=\"Arches National Park, USA\" width=\"824\" height=\"550\" \/><\/a><p class=\"jig-HTMLdescription\">Arches National Park, USA<\/p><\/li><li><a href=\"https:\/\/imgcap.capturetheatlas.com\/wp-content\/uploads\/2021\/06\/White-pocket-Milky-Way.jpg\"><img decoding=\"async\" src=\"https:\/\/imgcap.capturetheatlas.com\/wp-content\/uploads\/2021\/06\/White-pocket-Milky-Way-819x1024.jpg\" alt=\"Arizona, USA\" width=\"439\" height=\"550\" \/><\/a><p class=\"jig-HTMLdescription\">Arizona, USA<\/p><\/li><li><a href=\"https:\/\/imgcap.capturetheatlas.com\/wp-content\/uploads\/2022\/08\/rsz_utah-courthouse-towers-mw.jpeg\"><img decoding=\"async\" src=\"https:\/\/imgcap.capturetheatlas.com\/wp-content\/uploads\/2022\/08\/rsz_utah-courthouse-towers-mw-1024x819.jpeg\" alt=\"Utah, USA\" width=\"687\" height=\"550\" \/><\/a><p class=\"jig-HTMLdescription\">Utah, USA<\/p><\/li><li><a href=\"https:\/\/imgcap.capturetheatlas.com\/wp-content\/uploads\/2021\/04\/Racetrack-Playa-Milky-Way-Death-Valley.jpg\"><img decoding=\"async\" src=\"https:\/\/imgcap.capturetheatlas.com\/wp-content\/uploads\/2021\/04\/Racetrack-Playa-Milky-Way-Death-Valley-1024x607.jpg\" alt=\"Death Valley, California\" width=\"927\" height=\"550\" \/><\/a><p class=\"jig-HTMLdescription\">Death Valley, California<\/p><\/li><li><a href=\"https:\/\/imgcap.capturetheatlas.com\/wp-content\/uploads\/2022\/08\/utah-balancedrock-pano.jpeg\"><img decoding=\"async\" src=\"https:\/\/imgcap.capturetheatlas.com\/wp-content\/uploads\/2022\/08\/utah-balancedrock-pano-1024x640.jpeg\" alt=\"Utah, USA\" width=\"880\" height=\"550\" \/><\/a><p class=\"jig-HTMLdescription\">Utah, USA<\/p><\/li><li><a href=\"https:\/\/imgcap.capturetheatlas.com\/wp-content\/uploads\/2021\/01\/Utah-whitePocket-Orion1Ha.jpg\"><img decoding=\"async\" src=\"https:\/\/imgcap.capturetheatlas.com\/wp-content\/uploads\/2021\/01\/Utah-whitePocket-Orion1Ha-1024x683.jpg\" alt=\"Utah-Arizona, Estados Unidos\" width=\"824\" height=\"550\" \/><\/a><p class=\"jig-HTMLdescription\">Utah-Arizona, Estados Unidos<\/p><\/li><li><a href=\"https:\/\/imgcap.capturetheatlas.com\/wp-content\/uploads\/2021\/04\/Death-Valley-Badwater-Gallery.jpg\"><img decoding=\"async\" src=\"https:\/\/imgcap.capturetheatlas.com\/wp-content\/uploads\/2021\/04\/Death-Valley-Badwater-Gallery-1024x576.jpg\" alt=\"Death Valley, California\" width=\"977\" height=\"550\" \/><\/a><p class=\"jig-HTMLdescription\">Death Valley, California<\/p><\/li><li><a href=\"https:\/\/imgcap.capturetheatlas.com\/wp-content\/uploads\/2021\/01\/Utah-Delicate-Arch-Selfie-Final.jpg\"><img decoding=\"async\" src=\"https:\/\/imgcap.capturetheatlas.com\/wp-content\/uploads\/2021\/01\/Utah-Delicate-Arch-Selfie-Final-1024x683.jpg\" alt=\"\" width=\"824\" height=\"550\" \/><\/a><\/li><li><a href=\"https:\/\/imgcap.capturetheatlas.com\/wp-content\/uploads\/2022\/07\/hot_creek_milky_way-California.jpeg\"><img decoding=\"async\" src=\"https:\/\/imgcap.capturetheatlas.com\/wp-content\/uploads\/2022\/07\/hot_creek_milky_way-California-819x1024.jpeg\" alt=\"Hot Creek, California\" width=\"439\" height=\"550\" \/><\/a><p class=\"jig-HTMLdescription\">Hot Creek, California<\/p><\/li><li><a href=\"https:\/\/imgcap.capturetheatlas.com\/wp-content\/uploads\/2022\/03\/Cottonbal-basin-Death-Valley-California.jpg\"><img decoding=\"async\" src=\"https:\/\/imgcap.capturetheatlas.com\/wp-content\/uploads\/2022\/03\/Cottonbal-basin-Death-Valley-California-1024x701.jpg\" alt=\"Death Valley, California\" width=\"803\" height=\"550\" \/><\/a><p class=\"jig-HTMLdescription\">Death Valley, California<\/p><\/li><li><a href=\"https:\/\/imgcap.capturetheatlas.com\/wp-content\/uploads\/2021\/01\/AvalancheMilkyWay-finished.jpg\"><img decoding=\"async\" src=\"https:\/\/imgcap.capturetheatlas.com\/wp-content\/uploads\/2021\/01\/AvalancheMilkyWay-finished-683x1024.jpg\" alt=\"Adirondacks, NY, Estados Unidos\" width=\"366\" height=\"550\" \/><\/a><p class=\"jig-HTMLdescription\">Adirondacks, NY, Estados Unidos<\/p><\/li><li><a href=\"https:\/\/imgcap.capturetheatlas.com\/wp-content\/uploads\/2021\/01\/Utah-delicate-Pure-2.jpg\"><img decoding=\"async\" src=\"https:\/\/imgcap.capturetheatlas.com\/wp-content\/uploads\/2021\/01\/Utah-delicate-Pure-2-683x1024.jpg\" alt=\"\" width=\"366\" height=\"550\" \/><\/a><\/li><li><a href=\"https:\/\/imgcap.capturetheatlas.com\/wp-content\/uploads\/2021\/11\/Milky-Way-Mesquite-Sand-Dunes-Death-Valley.jpg\"><img decoding=\"async\" src=\"https:\/\/imgcap.capturetheatlas.com\/wp-content\/uploads\/2021\/11\/Milky-Way-Mesquite-Sand-Dunes-Death-Valley-819x1024.jpg\" alt=\"\" width=\"439\" height=\"550\" \/><\/a><\/li><li><a href=\"https:\/\/imgcap.capturetheatlas.com\/wp-content\/uploads\/2021\/06\/Milky-Way-Death-Valley-floor.jpg\"><img decoding=\"async\" src=\"https:\/\/imgcap.capturetheatlas.com\/wp-content\/uploads\/2021\/06\/Milky-Way-Death-Valley-floor-1024x621.jpg\" alt=\"\" width=\"906\" height=\"550\" \/><\/a><\/li><li><a href=\"https:\/\/imgcap.capturetheatlas.com\/wp-content\/uploads\/2021\/01\/Utah-Turret-Milky-Way.jpg\"><img decoding=\"async\" src=\"https:\/\/imgcap.capturetheatlas.com\/wp-content\/uploads\/2021\/01\/Utah-Turret-Milky-Way-1024x819.jpg\" alt=\"Utah, Estados Unidos\" width=\"687\" height=\"550\" \/><\/a><p class=\"jig-HTMLdescription\">Utah, Estados Unidos<\/p><\/li><li><a href=\"https:\/\/imgcap.capturetheatlas.com\/wp-content\/uploads\/2021\/06\/Milky-Way-Racetrack-Playa.jpg\"><img decoding=\"async\" src=\"https:\/\/imgcap.capturetheatlas.com\/wp-content\/uploads\/2021\/06\/Milky-Way-Racetrack-Playa-683x1024.jpg\" alt=\"Death Valley, California\" width=\"366\" height=\"550\" \/><\/a><p class=\"jig-HTMLdescription\">Death Valley, California<\/p><\/li><li><a href=\"https:\/\/imgcap.capturetheatlas.com\/wp-content\/uploads\/2021\/01\/North-America-Nebula.jpg\"><img decoding=\"async\" src=\"https:\/\/imgcap.capturetheatlas.com\/wp-content\/uploads\/2021\/01\/North-America-Nebula-1024x683.jpg\" alt=\"Pennsylvania, Estados Unidos\" width=\"824\" height=\"550\" \/><\/a><p class=\"jig-HTMLdescription\">Pennsylvania, Estados Unidos<\/p><\/li><li><a href=\"https:\/\/imgcap.capturetheatlas.com\/wp-content\/uploads\/2022\/08\/rsz_1utah-skyline-arch-pano.jpeg\"><img decoding=\"async\" src=\"https:\/\/imgcap.capturetheatlas.com\/wp-content\/uploads\/2022\/08\/rsz_1utah-skyline-arch-pano-1024x683.jpeg\" alt=\"\" width=\"824\" height=\"550\" \/><\/a><\/li><li><a href=\"https:\/\/imgcap.capturetheatlas.com\/wp-content\/uploads\/2021\/01\/Neowise.Adks_.jpg\"><img decoding=\"async\" src=\"https:\/\/imgcap.capturetheatlas.com\/wp-content\/uploads\/2021\/01\/Neowise.Adks_-1024x771.jpg\" alt=\"Adirondacks, Estados Unidos\" width=\"730\" height=\"550\" \/><\/a><p class=\"jig-HTMLdescription\">Adirondacks, Estados Unidos<\/p><\/li><li><a href=\"https:\/\/imgcap.capturetheatlas.com\/wp-content\/uploads\/2022\/07\/Sand-tufas-mono-lake-milky-way-California.jpeg\"><img decoding=\"async\" src=\"https:\/\/imgcap.capturetheatlas.com\/wp-content\/uploads\/2022\/07\/Sand-tufas-mono-lake-milky-way-California-819x1024.jpeg\" alt=\"Mono Lake, California\" width=\"439\" height=\"550\" \/><\/a><p class=\"jig-HTMLdescription\">Mono Lake, California<\/p><\/li><li><a href=\"https:\/\/imgcap.capturetheatlas.com\/wp-content\/uploads\/2021\/01\/NJ-island-beach-Editar.jpg\"><img decoding=\"async\" src=\"https:\/\/imgcap.capturetheatlas.com\/wp-content\/uploads\/2021\/01\/NJ-island-beach-Editar-1024x611.jpg\" alt=\"New Jersey, Estados Unidos\" width=\"921\" height=\"550\" \/><\/a><p class=\"jig-HTMLdescription\">New Jersey, Estados Unidos<\/p><\/li><li><a href=\"https:\/\/imgcap.capturetheatlas.com\/wp-content\/uploads\/2021\/01\/Utah-GlobinValley-Vertical1.jpg\"><img decoding=\"async\" src=\"https:\/\/imgcap.capturetheatlas.com\/wp-content\/uploads\/2021\/01\/Utah-GlobinValley-Vertical1-819x1024.jpg\" alt=\"Utah, Estados Unidos\" width=\"439\" height=\"550\" \/><\/a><p class=\"jig-HTMLdescription\">Utah, Estados Unidos<\/p><\/li><li><a href=\"https:\/\/imgcap.capturetheatlas.com\/wp-content\/uploads\/2021\/01\/Bow-milky-way.jpg\"><img decoding=\"async\" src=\"https:\/\/imgcap.capturetheatlas.com\/wp-content\/uploads\/2021\/01\/Bow-milky-way-1024x512.jpg\" alt=\"Bow Lake, Canada\" width=\"1100\" height=\"550\" \/><\/a><p class=\"jig-HTMLdescription\">Bow Lake, Canada<\/p><\/li><li><a href=\"https:\/\/imgcap.capturetheatlas.com\/wp-content\/uploads\/2021\/01\/LymanrunMilkyWay25mm.jpg\"><img decoding=\"async\" src=\"https:\/\/imgcap.capturetheatlas.com\/wp-content\/uploads\/2021\/01\/LymanrunMilkyWay25mm-1024x1024.jpg\" alt=\"Pensilvania, Estados Unidos\" width=\"550\" height=\"550\" \/><\/a><p class=\"jig-HTMLdescription\">Pensilvania, Estados Unidos<\/p><\/li><li><a href=\"https:\/\/imgcap.capturetheatlas.com\/wp-content\/uploads\/2021\/01\/Utah-Devilsgarden-Arch-copia.jpg\"><img decoding=\"async\" src=\"https:\/\/imgcap.capturetheatlas.com\/wp-content\/uploads\/2021\/01\/Utah-Devilsgarden-Arch-copia-683x1024.jpg\" alt=\"Utah, Estados Unidos\" width=\"366\" height=\"550\" \/><\/a><p class=\"jig-HTMLdescription\">Utah, Estados Unidos<\/p><\/li><li><a href=\"https:\/\/imgcap.capturetheatlas.com\/wp-content\/uploads\/2021\/01\/Utah-Devilsgarden-wave.jpg\"><img decoding=\"async\" src=\"https:\/\/imgcap.capturetheatlas.com\/wp-content\/uploads\/2021\/01\/Utah-Devilsgarden-wave-741x1024.jpg\" alt=\"Utah, Estados Unidos\" width=\"397\" height=\"550\" \/><\/a><p class=\"jig-HTMLdescription\">Utah, Estados Unidos<\/p><\/li><li><a href=\"https:\/\/imgcap.capturetheatlas.com\/wp-content\/uploads\/2021\/01\/Bryce.jpg\"><img decoding=\"async\" src=\"https:\/\/imgcap.capturetheatlas.com\/wp-content\/uploads\/2021\/01\/Bryce-1024x684.jpg\" alt=\"Bryce National Park, Estados Unidos\" width=\"823\" height=\"550\" \/><\/a><p class=\"jig-HTMLdescription\">Bryce National Park, Estados Unidos<\/p><\/li><li><a href=\"https:\/\/imgcap.capturetheatlas.com\/wp-content\/uploads\/2021\/02\/Utah-Devilsgarden-Treasure-Panorama-copy-2.jpg\"><img decoding=\"async\" src=\"https:\/\/imgcap.capturetheatlas.com\/wp-content\/uploads\/2021\/02\/Utah-Devilsgarden-Treasure-Panorama-copy-2-1024x576.jpg\" alt=\"Utah, USA\" width=\"977\" height=\"550\" \/><\/a><p class=\"jig-HTMLdescription\">Utah, USA<\/p><\/li><li><a href=\"https:\/\/imgcap.capturetheatlas.com\/wp-content\/uploads\/2022\/08\/rsz_1utah-gardenogeden-pano.jpeg\"><img decoding=\"async\" src=\"https:\/\/imgcap.capturetheatlas.com\/wp-content\/uploads\/2022\/08\/rsz_1utah-gardenogeden-pano-1024x782.jpeg\" alt=\"\" width=\"720\" height=\"550\" \/><\/a><\/li><\/ul><\/noscript><\/div>\n\n","protected":false},"excerpt":{"rendered":"","protected":false},"author":23,"featured_media":0,"parent":0,"menu_order":0,"comment_status":"closed","ping_status":"closed","template":"page-template\/galeria.php","meta":{"_acf_changed":false,"footnotes":""},"class_list":["post-54040","page","type-page","status-publish","hentry"],"acf":[],"yoast_head":"<!-- This site is optimized with the Yoast SEO Premium plugin v20.0 (Yoast SEO v26.4) - https:\/\/yoast.com\/wordpress\/plugins\/seo\/ -->\n<title>Galer\u00eda de Astrofotograf\u00eda - Mejores astro fotograf\u00edas de Dan Zafra<\/title>\n<meta name=\"description\" content=\"Selecci\u00f3n personal de las mejores astrofotograf\u00edas y fotograf\u00eda nocturna por Dan Zafra.\" \/>\n<meta name=\"robots\" content=\"index, follow, max-snippet:-1, max-image-preview:large, max-video-preview:-1\" \/>\n<link rel=\"canonical\" href=\"https:\/\/capturetheatlas.com\/es\/galeria-astro\/\" \/>\n<meta property=\"og:locale\" content=\"es_ES\" \/>\n<meta property=\"og:type\" content=\"article\" \/>\n<meta property=\"og:title\" content=\"Galer\u00eda de astrofotograf\u00eda\" \/>\n<meta property=\"og:description\" content=\"Selecci\u00f3n personal de las mejores astrofotograf\u00edas y fotograf\u00eda nocturna por Dan Zafra.\" \/>\n<meta property=\"og:url\" content=\"https:\/\/capturetheatlas.com\/es\/galeria-astro\/\" \/>\n<meta property=\"og:site_name\" content=\"Capture the Atlas\" \/>\n<meta property=\"article:publisher\" content=\"https:\/\/www.facebook.com\/capturetheatlas\/\" \/>\n<meta property=\"article:modified_time\" content=\"2022-08-23T22:21:26+00:00\" \/>\n<meta name=\"twitter:label1\" content=\"Tiempo de lectura\" \/>\n\t<meta name=\"twitter:data1\" content=\"1 minuto\" \/>\n<script type=\"application\/ld+json\" class=\"yoast-schema-graph\">{\"@context\":\"https:\/\/schema.org\",\"@graph\":[{\"@type\":\"WebPage\",\"@id\":\"https:\/\/capturetheatlas.com\/es\/galeria-astro\/\",\"url\":\"https:\/\/capturetheatlas.com\/es\/galeria-astro\/\",\"name\":\"Galer\u00eda de Astrofotograf\u00eda - Mejores astro fotograf\u00edas de Dan Zafra\",\"isPartOf\":{\"@id\":\"https:\/\/capturetheatlas.com\/es\/#website\"},\"datePublished\":\"2021-11-17T05:17:05+00:00\",\"dateModified\":\"2022-08-23T22:21:26+00:00\",\"description\":\"Selecci\u00f3n personal de las mejores astrofotograf\u00edas y fotograf\u00eda nocturna por Dan Zafra.\",\"breadcrumb\":{\"@id\":\"https:\/\/capturetheatlas.com\/es\/galeria-astro\/#breadcrumb\"},\"inLanguage\":\"es\",\"potentialAction\":[{\"@type\":\"ReadAction\",\"target\":[\"https:\/\/capturetheatlas.com\/es\/galeria-astro\/\"]}]},{\"@type\":\"BreadcrumbList\",\"@id\":\"https:\/\/capturetheatlas.com\/es\/galeria-astro\/#breadcrumb\",\"itemListElement\":[{\"@type\":\"ListItem\",\"position\":1,\"name\":\"Home\",\"item\":\"https:\/\/capturetheatlas.com\/es\/\"},{\"@type\":\"ListItem\",\"position\":2,\"name\":\"Galer\u00eda de astrofotograf\u00eda\"}]},{\"@type\":\"WebSite\",\"@id\":\"https:\/\/capturetheatlas.com\/es\/#website\",\"url\":\"https:\/\/capturetheatlas.com\/es\/\",\"name\":\"Capture the Atlas\",\"description\":\"PHOTOGRAPHY \u00b7 TRAVEL \u00b7 ADVENTURE\",\"publisher\":{\"@id\":\"https:\/\/capturetheatlas.com\/es\/#organization\"},\"potentialAction\":[{\"@type\":\"SearchAction\",\"target\":{\"@type\":\"EntryPoint\",\"urlTemplate\":\"https:\/\/capturetheatlas.com\/es\/?s={search_term_string}\"},\"query-input\":{\"@type\":\"PropertyValueSpecification\",\"valueRequired\":true,\"valueName\":\"search_term_string\"}}],\"inLanguage\":\"es\"},{\"@type\":\"Organization\",\"@id\":\"https:\/\/capturetheatlas.com\/es\/#organization\",\"name\":\"Capture the Atlas\",\"url\":\"https:\/\/capturetheatlas.com\/es\/\",\"logo\":{\"@type\":\"ImageObject\",\"inLanguage\":\"es\",\"@id\":\"https:\/\/capturetheatlas.com\/es\/#\/schema\/logo\/image\/\",\"url\":\"https:\/\/imgcap.capturetheatlas.com\/wp-content\/uploads\/2024\/03\/PNG-white-background-small.png\",\"contentUrl\":\"https:\/\/imgcap.capturetheatlas.com\/wp-content\/uploads\/2024\/03\/PNG-white-background-small.png\",\"width\":500,\"height\":500,\"caption\":\"Capture the Atlas\"},\"image\":{\"@id\":\"https:\/\/capturetheatlas.com\/es\/#\/schema\/logo\/image\/\"},\"sameAs\":[\"https:\/\/www.facebook.com\/capturetheatlas\/\",\"https:\/\/x.com\/capturetheatlas\",\"https:\/\/www.instagram.com\/capturetheatlas\/\",\"https:\/\/www.youtube.com\/channel\/UCJJlhj2psDvxXGhR3CmDeZg\",\"https:\/\/pinterest.com\/capturetheatlas\/\",\"https:\/\/www.linkedin.com\/company\/capture-the-atlas\/\"]}]}<\/script>\n<!-- \/ Yoast SEO Premium plugin. -->","yoast_head_json":{"title":"Galer\u00eda de Astrofotograf\u00eda - Mejores astro fotograf\u00edas de Dan Zafra","description":"Selecci\u00f3n personal de las mejores astrofotograf\u00edas y fotograf\u00eda nocturna por Dan Zafra.","robots":{"index":"index","follow":"follow","max-snippet":"max-snippet:-1","max-image-preview":"max-image-preview:large","max-video-preview":"max-video-preview:-1"},"canonical":"https:\/\/capturetheatlas.com\/es\/galeria-astro\/","og_locale":"es_ES","og_type":"article","og_title":"Galer\u00eda de astrofotograf\u00eda","og_description":"Selecci\u00f3n personal de las mejores astrofotograf\u00edas y fotograf\u00eda nocturna por Dan Zafra.","og_url":"https:\/\/capturetheatlas.com\/es\/galeria-astro\/","og_site_name":"Capture the Atlas","article_publisher":"https:\/\/www.facebook.com\/capturetheatlas\/","article_modified_time":"2022-08-23T22:21:26+00:00","twitter_misc":{"Tiempo de lectura":"1 minuto"},"schema":{"@context":"https:\/\/schema.org","@graph":[{"@type":"WebPage","@id":"https:\/\/capturetheatlas.com\/es\/galeria-astro\/","url":"https:\/\/capturetheatlas.com\/es\/galeria-astro\/","name":"Galer\u00eda de Astrofotograf\u00eda - Mejores astro fotograf\u00edas de Dan Zafra","isPartOf":{"@id":"https:\/\/capturetheatlas.com\/es\/#website"},"datePublished":"2021-11-17T05:17:05+00:00","dateModified":"2022-08-23T22:21:26+00:00","description":"Selecci\u00f3n personal de las mejores astrofotograf\u00edas y fotograf\u00eda nocturna por Dan Zafra.","breadcrumb":{"@id":"https:\/\/capturetheatlas.com\/es\/galeria-astro\/#breadcrumb"},"inLanguage":"es","potentialAction":[{"@type":"ReadAction","target":["https:\/\/capturetheatlas.com\/es\/galeria-astro\/"]}]},{"@type":"BreadcrumbList","@id":"https:\/\/capturetheatlas.com\/es\/galeria-astro\/#breadcrumb","itemListElement":[{"@type":"ListItem","position":1,"name":"Home","item":"https:\/\/capturetheatlas.com\/es\/"},{"@type":"ListItem","position":2,"name":"Galer\u00eda de astrofotograf\u00eda"}]},{"@type":"WebSite","@id":"https:\/\/capturetheatlas.com\/es\/#website","url":"https:\/\/capturetheatlas.com\/es\/","name":"Capture the Atlas","description":"PHOTOGRAPHY \u00b7 TRAVEL \u00b7 ADVENTURE","publisher":{"@id":"https:\/\/capturetheatlas.com\/es\/#organization"},"potentialAction":[{"@type":"SearchAction","target":{"@type":"EntryPoint","urlTemplate":"https:\/\/capturetheatlas.com\/es\/?s={search_term_string}"},"query-input":{"@type":"PropertyValueSpecification","valueRequired":true,"valueName":"search_term_string"}}],"inLanguage":"es"},{"@type":"Organization","@id":"https:\/\/capturetheatlas.com\/es\/#organization","name":"Capture the Atlas","url":"https:\/\/capturetheatlas.com\/es\/","logo":{"@type":"ImageObject","inLanguage":"es","@id":"https:\/\/capturetheatlas.com\/es\/#\/schema\/logo\/image\/","url":"https:\/\/imgcap.capturetheatlas.com\/wp-content\/uploads\/2024\/03\/PNG-white-background-small.png","contentUrl":"https:\/\/imgcap.capturetheatlas.com\/wp-content\/uploads\/2024\/03\/PNG-white-background-small.png","width":500,"height":500,"caption":"Capture the Atlas"},"image":{"@id":"https:\/\/capturetheatlas.com\/es\/#\/schema\/logo\/image\/"},"sameAs":["https:\/\/www.facebook.com\/capturetheatlas\/","https:\/\/x.com\/capturetheatlas","https:\/\/www.instagram.com\/capturetheatlas\/","https:\/\/www.youtube.com\/channel\/UCJJlhj2psDvxXGhR3CmDeZg","https:\/\/pinterest.com\/capturetheatlas\/","https:\/\/www.linkedin.com\/company\/capture-the-atlas\/"]}]}},"_links":{"self":[{"href":"https:\/\/capturetheatlas.com\/es\/wp-json\/wp\/v2\/pages\/54040","targetHints":{"allow":["GET"]}}],"collection":[{"href":"https:\/\/capturetheatlas.com\/es\/wp-json\/wp\/v2\/pages"}],"about":[{"href":"https:\/\/capturetheatlas.com\/es\/wp-json\/wp\/v2\/types\/page"}],"author":[{"embeddable":true,"href":"https:\/\/capturetheatlas.com\/es\/wp-json\/wp\/v2\/users\/23"}],"replies":[{"embeddable":true,"href":"https:\/\/capturetheatlas.com\/es\/wp-json\/wp\/v2\/comments?post=54040"}],"version-history":[{"count":0,"href":"https:\/\/capturetheatlas.com\/es\/wp-json\/wp\/v2\/pages\/54040\/revisions"}],"wp:attachment":[{"href":"https:\/\/capturetheatlas.com\/es\/wp-json\/wp\/v2\/media?parent=54040"}],"curies":[{"name":"wp","href":"https:\/\/api.w.org\/{rel}","templated":true}]}}