{"id":54077,"date":"2021-01-16T00:37:45","date_gmt":"2021-01-16T05:37:45","guid":{"rendered":"https:\/\/capturetheatlas.com\/?page_id=54077"},"modified":"2023-01-12T18:13:38","modified_gmt":"2023-01-12T23:13:38","slug":"galeria-auroras-boreales","status":"publish","type":"page","link":"https:\/\/capturetheatlas.com\/es\/galeria-auroras-boreales\/","title":{"rendered":"Galer\u00eda Auroras Boreales"},"content":{"rendered":"<div id=\"jig1\" class=\"justified-image-grid jig-4d358778df5ef3108f49beb5c7465257 jig-preset-global jig-source-wp-gallery\"><div class=\"jig-clearfix\"><\/div><noscript id=\"jig1-html\" class=\"justified-image-grid-html\" data-lazy-src=\"skiplazyload\" data-src=\"skipunveillazyload\"><ul><li><a href=\"https:\/\/imgcap.capturetheatlas.com\/wp-content\/uploads\/2021\/01\/Uttakliev-madness-potholes.jpg\"><img decoding=\"async\" src=\"https:\/\/imgcap.capturetheatlas.com\/wp-content\/uploads\/2021\/01\/Uttakliev-madness-potholes-1024x684.jpg\" alt=\"Uttakleiv, Islas Lofoten\" width=\"823\" height=\"550\" \/><\/a><p class=\"jig-HTMLdescription\">Uttakleiv, Islas Lofoten<\/p><\/li><li><a href=\"https:\/\/imgcap.capturetheatlas.com\/wp-content\/uploads\/2021\/01\/Iceland-Northern-Lights.jpg\"><img decoding=\"async\" src=\"https:\/\/imgcap.capturetheatlas.com\/wp-content\/uploads\/2021\/01\/Iceland-Northern-Lights-684x1024.jpg\" alt=\"Hl\u00ed\u00f0arendakirkja, Islandia\" width=\"367\" height=\"550\" \/><\/a><p class=\"jig-HTMLdescription\">Hl\u00ed\u00f0arendakirkja, Islandia<\/p><\/li><li><a href=\"https:\/\/imgcap.capturetheatlas.com\/wp-content\/uploads\/2021\/01\/Aurora-Fusilli-Selfie2.jpg\"><img decoding=\"async\" src=\"https:\/\/imgcap.capturetheatlas.com\/wp-content\/uploads\/2021\/01\/Aurora-Fusilli-Selfie2-684x1024.jpg\" alt=\"Kleifarvatn, Islandia\" width=\"367\" height=\"550\" \/><\/a><p class=\"jig-HTMLdescription\">Kleifarvatn, Islandia<\/p><\/li><li><a href=\"https:\/\/imgcap.capturetheatlas.com\/wp-content\/uploads\/2021\/01\/Iceland-Aurora-houses-PanoSquare.jpg\"><img decoding=\"async\" src=\"https:\/\/imgcap.capturetheatlas.com\/wp-content\/uploads\/2021\/01\/Iceland-Aurora-houses-PanoSquare-1024x1024.jpg\" alt=\"Reykjanes, Islandia\" width=\"550\" height=\"550\" \/><\/a><p class=\"jig-HTMLdescription\">Reykjanes, Islandia<\/p><\/li><li><a href=\"https:\/\/imgcap.capturetheatlas.com\/wp-content\/uploads\/2021\/01\/Glugafoss-vertical-Aurora.jpg\"><img decoding=\"async\" src=\"https:\/\/imgcap.capturetheatlas.com\/wp-content\/uploads\/2021\/01\/Glugafoss-vertical-Aurora-684x1024.jpg\" alt=\"Glugafoss, Islandia\" width=\"367\" height=\"550\" \/><\/a><p class=\"jig-HTMLdescription\">Glugafoss, Islandia<\/p><\/li><li><a href=\"https:\/\/imgcap.capturetheatlas.com\/wp-content\/uploads\/2021\/01\/EmeraldPanohorizontalepic.jpg\"><img decoding=\"async\" src=\"https:\/\/imgcap.capturetheatlas.com\/wp-content\/uploads\/2021\/01\/EmeraldPanohorizontalepic-1024x824.jpg\" alt=\"Emerald Lake, Canada\" width=\"683\" height=\"550\" \/><\/a><p class=\"jig-HTMLdescription\">Emerald Lake, Canada<\/p><\/li><li><a href=\"https:\/\/imgcap.capturetheatlas.com\/wp-content\/uploads\/2021\/01\/Aurora-Skogafoss-V4.jpg\"><img decoding=\"async\" src=\"https:\/\/imgcap.capturetheatlas.com\/wp-content\/uploads\/2021\/01\/Aurora-Skogafoss-V4-683x1024.jpg\" alt=\"Sk\u00f3gafoss, Islandia\" width=\"366\" height=\"550\" \/><\/a><p class=\"jig-HTMLdescription\">Sk\u00f3gafoss, Islandia<\/p><\/li><li><a href=\"https:\/\/imgcap.capturetheatlas.com\/wp-content\/uploads\/2021\/01\/Planet-Lofoten.jpg\"><img decoding=\"async\" src=\"https:\/\/imgcap.capturetheatlas.com\/wp-content\/uploads\/2021\/01\/Planet-Lofoten-1024x684.jpg\" alt=\"Uttakleiv, Islas Lofoten\" width=\"823\" height=\"550\" \/><\/a><p class=\"jig-HTMLdescription\">Uttakleiv, Islas Lofoten<\/p><\/li><li><a href=\"https:\/\/imgcap.capturetheatlas.com\/wp-content\/uploads\/2021\/01\/Kerid-Aurora.jpg\"><img decoding=\"async\" src=\"https:\/\/imgcap.capturetheatlas.com\/wp-content\/uploads\/2021\/01\/Kerid-Aurora-1024x819.jpg\" alt=\"Keri\u00f0, Islandia\" width=\"687\" height=\"550\" \/><\/a><p class=\"jig-HTMLdescription\">Keri\u00f0, Islandia<\/p><\/li><li><a href=\"https:\/\/imgcap.capturetheatlas.com\/wp-content\/uploads\/2021\/01\/Northern-lights-palette2.jpg\"><img decoding=\"async\" src=\"https:\/\/imgcap.capturetheatlas.com\/wp-content\/uploads\/2021\/01\/Northern-lights-palette2-1024x670.jpg\" alt=\"Emerald Lake, Canada\" width=\"840\" height=\"550\" \/><\/a><p class=\"jig-HTMLdescription\">Emerald Lake, Canada<\/p><\/li><li><a href=\"https:\/\/imgcap.capturetheatlas.com\/wp-content\/uploads\/2021\/01\/Iceland-Cascada-lateral-Aurora.jpg\"><img decoding=\"async\" src=\"https:\/\/imgcap.capturetheatlas.com\/wp-content\/uploads\/2021\/01\/Iceland-Cascada-lateral-Aurora-1024x684.jpg\" alt=\"Gluggafoss, Islandia\" width=\"823\" height=\"550\" \/><\/a><p class=\"jig-HTMLdescription\">Gluggafoss, Islandia<\/p><\/li><li><a href=\"https:\/\/imgcap.capturetheatlas.com\/wp-content\/uploads\/2021\/01\/Iceland-flows.jpg\"><img decoding=\"async\" src=\"https:\/\/imgcap.capturetheatlas.com\/wp-content\/uploads\/2021\/01\/Iceland-flows-683x1024.jpg\" alt=\"Gluggafoss, Islandia\" width=\"366\" height=\"550\" \/><\/a><p class=\"jig-HTMLdescription\">Gluggafoss, Islandia<\/p><\/li><li><a href=\"https:\/\/imgcap.capturetheatlas.com\/wp-content\/uploads\/2021\/01\/Gods-of-Reine.jpg\"><img decoding=\"async\" src=\"https:\/\/imgcap.capturetheatlas.com\/wp-content\/uploads\/2021\/01\/Gods-of-Reine-1024x684.jpg\" alt=\"Reinefjorden, Islas Lofoten\" width=\"823\" height=\"550\" \/><\/a><p class=\"jig-HTMLdescription\">Reinefjorden, Islas Lofoten<\/p><\/li><li><a href=\"https:\/\/imgcap.capturetheatlas.com\/wp-content\/uploads\/2021\/01\/Iceland-Gulfoss-Aurora-horizontalV2.jpg\"><img decoding=\"async\" src=\"https:\/\/imgcap.capturetheatlas.com\/wp-content\/uploads\/2021\/01\/Iceland-Gulfoss-Aurora-horizontalV2-1024x838.jpg\" alt=\"Gulfoss, Islandia\" width=\"672\" height=\"550\" \/><\/a><p class=\"jig-HTMLdescription\">Gulfoss, Islandia<\/p><\/li><li><a href=\"https:\/\/imgcap.capturetheatlas.com\/wp-content\/uploads\/2021\/01\/Tromso-Curtain.jpg\"><img decoding=\"async\" src=\"https:\/\/imgcap.capturetheatlas.com\/wp-content\/uploads\/2021\/01\/Tromso-Curtain-797x1024.jpg\" alt=\"Troms\u00f8, Islas Lofoten\" width=\"428\" height=\"550\" \/><\/a><p class=\"jig-HTMLdescription\">Troms\u00f8, Islas Lofoten<\/p><\/li><li><a href=\"https:\/\/imgcap.capturetheatlas.com\/wp-content\/uploads\/2021\/01\/Holy-nordic-lights.jpg\"><img decoding=\"async\" src=\"https:\/\/imgcap.capturetheatlas.com\/wp-content\/uploads\/2021\/01\/Holy-nordic-lights-1024x684.jpg\" alt=\"Flakstad Church, Islas Lofoten\" width=\"823\" height=\"550\" \/><\/a><p class=\"jig-HTMLdescription\">Flakstad Church, Islas Lofoten<\/p><\/li><li><a href=\"https:\/\/imgcap.capturetheatlas.com\/wp-content\/uploads\/2021\/01\/Emerald-Aurora-vertical.jpg\"><img decoding=\"async\" src=\"https:\/\/imgcap.capturetheatlas.com\/wp-content\/uploads\/2021\/01\/Emerald-Aurora-vertical-683x1024.jpg\" alt=\"Emerald Lake, Canada\" width=\"366\" height=\"550\" \/><\/a><p class=\"jig-HTMLdescription\">Emerald Lake, Canada<\/p><\/li><li><a href=\"https:\/\/imgcap.capturetheatlas.com\/wp-content\/uploads\/2021\/01\/SELFIE-AURORA-Editar-2-Editar.jpg\"><img decoding=\"async\" src=\"https:\/\/imgcap.capturetheatlas.com\/wp-content\/uploads\/2021\/01\/SELFIE-AURORA-Editar-2-Editar-1024x684.jpg\" alt=\"Emerald Lake, Canada\" width=\"823\" height=\"550\" \/><\/a><p class=\"jig-HTMLdescription\">Emerald Lake, Canada<\/p><\/li><li><a href=\"https:\/\/imgcap.capturetheatlas.com\/wp-content\/uploads\/2021\/01\/Stokksnes-abduction.jpg\"><img decoding=\"async\" src=\"https:\/\/imgcap.capturetheatlas.com\/wp-content\/uploads\/2021\/01\/Stokksnes-abduction-1024x807.jpg\" alt=\"Stokksnes, Islandia\" width=\"697\" height=\"550\" \/><\/a><p class=\"jig-HTMLdescription\">Stokksnes, Islandia<\/p><\/li><li><a href=\"https:\/\/imgcap.capturetheatlas.com\/wp-content\/uploads\/2021\/01\/Iceland-Kerid-Vertical.jpg\"><img decoding=\"async\" src=\"https:\/\/imgcap.capturetheatlas.com\/wp-content\/uploads\/2021\/01\/Iceland-Kerid-Vertical-684x1024.jpg\" alt=\"Keri\u00f0, Islandia\" width=\"367\" height=\"550\" \/><\/a><p class=\"jig-HTMLdescription\">Keri\u00f0, Islandia<\/p><\/li><li><a href=\"https:\/\/imgcap.capturetheatlas.com\/wp-content\/uploads\/2021\/01\/Iceland-Aurora-Lagosurselfie.jpg\"><img decoding=\"async\" src=\"https:\/\/imgcap.capturetheatlas.com\/wp-content\/uploads\/2021\/01\/Iceland-Aurora-Lagosurselfie-1024x684.jpg\" alt=\"Kleifarvatn, Islandia\" width=\"823\" height=\"550\" \/><\/a><p class=\"jig-HTMLdescription\">Kleifarvatn, Islandia<\/p><\/li><li><a href=\"https:\/\/imgcap.capturetheatlas.com\/wp-content\/uploads\/2021\/01\/Iceland-Sigoldugljufur-aurora.jpg\"><img decoding=\"async\" src=\"https:\/\/imgcap.capturetheatlas.com\/wp-content\/uploads\/2021\/01\/Iceland-Sigoldugljufur-aurora-684x1024.jpg\" alt=\"Sig\u00f6lduglj\u00fafur, Islandia\" width=\"367\" height=\"550\" \/><\/a><p class=\"jig-HTMLdescription\">Sig\u00f6lduglj\u00fafur, Islandia<\/p><\/li><li><a href=\"https:\/\/imgcap.capturetheatlas.com\/wp-content\/uploads\/2021\/01\/The-enchanted-house.jpg\"><img decoding=\"async\" src=\"https:\/\/imgcap.capturetheatlas.com\/wp-content\/uploads\/2021\/01\/The-enchanted-house-1024x684.jpg\" alt=\"Emerald Lake, Canada\" width=\"823\" height=\"550\" \/><\/a><p class=\"jig-HTMLdescription\">Emerald Lake, Canada<\/p><\/li><li><a href=\"https:\/\/imgcap.capturetheatlas.com\/wp-content\/uploads\/2021\/01\/Emerald-kaleidescope.jpg\"><img decoding=\"async\" src=\"https:\/\/imgcap.capturetheatlas.com\/wp-content\/uploads\/2021\/01\/Emerald-kaleidescope-1024x512.jpg\" alt=\"Emerald Lake, Canada\" width=\"1100\" height=\"550\" \/><\/a><p class=\"jig-HTMLdescription\">Emerald Lake, Canada<\/p><\/li><\/ul><\/noscript><\/div>\n\n","protected":false},"excerpt":{"rendered":"","protected":false},"author":23,"featured_media":0,"parent":0,"menu_order":0,"comment_status":"closed","ping_status":"closed","template":"page-template\/galeria.php","meta":{"_acf_changed":false,"footnotes":""},"class_list":["post-54077","page","type-page","status-publish","hentry"],"acf":[],"yoast_head":"<!-- This site is optimized with the Yoast SEO Premium plugin v20.0 (Yoast SEO v26.4) - https:\/\/yoast.com\/wordpress\/plugins\/seo\/ -->\n<title>Galer\u00eda Auroras Boreales - Mejores im\u00e1genes de la Aurora Boreal<\/title>\n<meta name=\"description\" content=\"Selecci\u00f3n personal de las mejores fotograf\u00edas de la aurora boreal alrededor del mundo por Dan Zafra: Islandia, Lofoten, Canad\u00e1...\" \/>\n<meta name=\"robots\" content=\"index, follow, max-snippet:-1, max-image-preview:large, max-video-preview:-1\" \/>\n<link rel=\"canonical\" href=\"https:\/\/capturetheatlas.com\/es\/galeria-auroras-boreales\/\" \/>\n<meta property=\"og:locale\" content=\"es_ES\" \/>\n<meta property=\"og:type\" content=\"article\" \/>\n<meta property=\"og:title\" content=\"Galer\u00eda Auroras Boreales\" \/>\n<meta property=\"og:description\" content=\"Selecci\u00f3n personal de las mejores fotograf\u00edas de la aurora boreal alrededor del mundo por Dan Zafra: Islandia, Lofoten, Canad\u00e1...\" \/>\n<meta property=\"og:url\" content=\"https:\/\/capturetheatlas.com\/es\/galeria-auroras-boreales\/\" \/>\n<meta property=\"og:site_name\" content=\"Capture the Atlas\" \/>\n<meta property=\"article:publisher\" content=\"https:\/\/www.facebook.com\/capturetheatlas\/\" \/>\n<meta property=\"article:modified_time\" content=\"2023-01-12T23:13:38+00:00\" \/>\n<meta property=\"og:image\" content=\"https:\/\/capturetheatlas.com\/wp-content\/uploads\/2021\/01\/Uttakliev-madness-potholes-150x150.jpg\" \/>\n<script type=\"application\/ld+json\" class=\"yoast-schema-graph\">{\"@context\":\"https:\/\/schema.org\",\"@graph\":[{\"@type\":\"WebPage\",\"@id\":\"https:\/\/capturetheatlas.com\/es\/galeria-auroras-boreales\/\",\"url\":\"https:\/\/capturetheatlas.com\/es\/galeria-auroras-boreales\/\",\"name\":\"Galer\u00eda Auroras Boreales - Mejores im\u00e1genes de la Aurora Boreal\",\"isPartOf\":{\"@id\":\"https:\/\/capturetheatlas.com\/es\/#website\"},\"datePublished\":\"2021-01-16T05:37:45+00:00\",\"dateModified\":\"2023-01-12T23:13:38+00:00\",\"description\":\"Selecci\u00f3n personal de las mejores fotograf\u00edas de la aurora boreal alrededor del mundo por Dan Zafra: Islandia, Lofoten, Canad\u00e1...\",\"breadcrumb\":{\"@id\":\"https:\/\/capturetheatlas.com\/es\/galeria-auroras-boreales\/#breadcrumb\"},\"inLanguage\":\"es\",\"potentialAction\":[{\"@type\":\"ReadAction\",\"target\":[\"https:\/\/capturetheatlas.com\/es\/galeria-auroras-boreales\/\"]}]},{\"@type\":\"BreadcrumbList\",\"@id\":\"https:\/\/capturetheatlas.com\/es\/galeria-auroras-boreales\/#breadcrumb\",\"itemListElement\":[{\"@type\":\"ListItem\",\"position\":1,\"name\":\"Home\",\"item\":\"https:\/\/capturetheatlas.com\/es\/\"},{\"@type\":\"ListItem\",\"position\":2,\"name\":\"Galer\u00eda Auroras Boreales\"}]},{\"@type\":\"WebSite\",\"@id\":\"https:\/\/capturetheatlas.com\/es\/#website\",\"url\":\"https:\/\/capturetheatlas.com\/es\/\",\"name\":\"Capture the Atlas\",\"description\":\"PHOTOGRAPHY \u00b7 TRAVEL \u00b7 ADVENTURE\",\"publisher\":{\"@id\":\"https:\/\/capturetheatlas.com\/es\/#organization\"},\"potentialAction\":[{\"@type\":\"SearchAction\",\"target\":{\"@type\":\"EntryPoint\",\"urlTemplate\":\"https:\/\/capturetheatlas.com\/es\/?s={search_term_string}\"},\"query-input\":{\"@type\":\"PropertyValueSpecification\",\"valueRequired\":true,\"valueName\":\"search_term_string\"}}],\"inLanguage\":\"es\"},{\"@type\":\"Organization\",\"@id\":\"https:\/\/capturetheatlas.com\/es\/#organization\",\"name\":\"Capture the Atlas\",\"url\":\"https:\/\/capturetheatlas.com\/es\/\",\"logo\":{\"@type\":\"ImageObject\",\"inLanguage\":\"es\",\"@id\":\"https:\/\/capturetheatlas.com\/es\/#\/schema\/logo\/image\/\",\"url\":\"https:\/\/imgcap.capturetheatlas.com\/wp-content\/uploads\/2024\/03\/PNG-white-background-small.png\",\"contentUrl\":\"https:\/\/imgcap.capturetheatlas.com\/wp-content\/uploads\/2024\/03\/PNG-white-background-small.png\",\"width\":500,\"height\":500,\"caption\":\"Capture the Atlas\"},\"image\":{\"@id\":\"https:\/\/capturetheatlas.com\/es\/#\/schema\/logo\/image\/\"},\"sameAs\":[\"https:\/\/www.facebook.com\/capturetheatlas\/\",\"https:\/\/x.com\/capturetheatlas\",\"https:\/\/www.instagram.com\/capturetheatlas\/\",\"https:\/\/www.youtube.com\/channel\/UCJJlhj2psDvxXGhR3CmDeZg\",\"https:\/\/pinterest.com\/capturetheatlas\/\",\"https:\/\/www.linkedin.com\/company\/capture-the-atlas\/\"]}]}<\/script>\n<!-- \/ Yoast SEO Premium plugin. -->","yoast_head_json":{"title":"Galer\u00eda Auroras Boreales - Mejores im\u00e1genes de la Aurora Boreal","description":"Selecci\u00f3n personal de las mejores fotograf\u00edas de la aurora boreal alrededor del mundo por Dan Zafra: Islandia, Lofoten, Canad\u00e1...","robots":{"index":"index","follow":"follow","max-snippet":"max-snippet:-1","max-image-preview":"max-image-preview:large","max-video-preview":"max-video-preview:-1"},"canonical":"https:\/\/capturetheatlas.com\/es\/galeria-auroras-boreales\/","og_locale":"es_ES","og_type":"article","og_title":"Galer\u00eda Auroras Boreales","og_description":"Selecci\u00f3n personal de las mejores fotograf\u00edas de la aurora boreal alrededor del mundo por Dan Zafra: Islandia, Lofoten, Canad\u00e1...","og_url":"https:\/\/capturetheatlas.com\/es\/galeria-auroras-boreales\/","og_site_name":"Capture the Atlas","article_publisher":"https:\/\/www.facebook.com\/capturetheatlas\/","article_modified_time":"2023-01-12T23:13:38+00:00","og_image":[{"url":"https:\/\/capturetheatlas.com\/wp-content\/uploads\/2021\/01\/Uttakliev-madness-potholes-150x150.jpg","type":"","width":"","height":""}],"schema":{"@context":"https:\/\/schema.org","@graph":[{"@type":"WebPage","@id":"https:\/\/capturetheatlas.com\/es\/galeria-auroras-boreales\/","url":"https:\/\/capturetheatlas.com\/es\/galeria-auroras-boreales\/","name":"Galer\u00eda Auroras Boreales - Mejores im\u00e1genes de la Aurora Boreal","isPartOf":{"@id":"https:\/\/capturetheatlas.com\/es\/#website"},"datePublished":"2021-01-16T05:37:45+00:00","dateModified":"2023-01-12T23:13:38+00:00","description":"Selecci\u00f3n personal de las mejores fotograf\u00edas de la aurora boreal alrededor del mundo por Dan Zafra: Islandia, Lofoten, Canad\u00e1...","breadcrumb":{"@id":"https:\/\/capturetheatlas.com\/es\/galeria-auroras-boreales\/#breadcrumb"},"inLanguage":"es","potentialAction":[{"@type":"ReadAction","target":["https:\/\/capturetheatlas.com\/es\/galeria-auroras-boreales\/"]}]},{"@type":"BreadcrumbList","@id":"https:\/\/capturetheatlas.com\/es\/galeria-auroras-boreales\/#breadcrumb","itemListElement":[{"@type":"ListItem","position":1,"name":"Home","item":"https:\/\/capturetheatlas.com\/es\/"},{"@type":"ListItem","position":2,"name":"Galer\u00eda Auroras Boreales"}]},{"@type":"WebSite","@id":"https:\/\/capturetheatlas.com\/es\/#website","url":"https:\/\/capturetheatlas.com\/es\/","name":"Capture the Atlas","description":"PHOTOGRAPHY \u00b7 TRAVEL \u00b7 ADVENTURE","publisher":{"@id":"https:\/\/capturetheatlas.com\/es\/#organization"},"potentialAction":[{"@type":"SearchAction","target":{"@type":"EntryPoint","urlTemplate":"https:\/\/capturetheatlas.com\/es\/?s={search_term_string}"},"query-input":{"@type":"PropertyValueSpecification","valueRequired":true,"valueName":"search_term_string"}}],"inLanguage":"es"},{"@type":"Organization","@id":"https:\/\/capturetheatlas.com\/es\/#organization","name":"Capture the Atlas","url":"https:\/\/capturetheatlas.com\/es\/","logo":{"@type":"ImageObject","inLanguage":"es","@id":"https:\/\/capturetheatlas.com\/es\/#\/schema\/logo\/image\/","url":"https:\/\/imgcap.capturetheatlas.com\/wp-content\/uploads\/2024\/03\/PNG-white-background-small.png","contentUrl":"https:\/\/imgcap.capturetheatlas.com\/wp-content\/uploads\/2024\/03\/PNG-white-background-small.png","width":500,"height":500,"caption":"Capture the Atlas"},"image":{"@id":"https:\/\/capturetheatlas.com\/es\/#\/schema\/logo\/image\/"},"sameAs":["https:\/\/www.facebook.com\/capturetheatlas\/","https:\/\/x.com\/capturetheatlas","https:\/\/www.instagram.com\/capturetheatlas\/","https:\/\/www.youtube.com\/channel\/UCJJlhj2psDvxXGhR3CmDeZg","https:\/\/pinterest.com\/capturetheatlas\/","https:\/\/www.linkedin.com\/company\/capture-the-atlas\/"]}]}},"_links":{"self":[{"href":"https:\/\/capturetheatlas.com\/es\/wp-json\/wp\/v2\/pages\/54077","targetHints":{"allow":["GET"]}}],"collection":[{"href":"https:\/\/capturetheatlas.com\/es\/wp-json\/wp\/v2\/pages"}],"about":[{"href":"https:\/\/capturetheatlas.com\/es\/wp-json\/wp\/v2\/types\/page"}],"author":[{"embeddable":true,"href":"https:\/\/capturetheatlas.com\/es\/wp-json\/wp\/v2\/users\/23"}],"replies":[{"embeddable":true,"href":"https:\/\/capturetheatlas.com\/es\/wp-json\/wp\/v2\/comments?post=54077"}],"version-history":[{"count":0,"href":"https:\/\/capturetheatlas.com\/es\/wp-json\/wp\/v2\/pages\/54077\/revisions"}],"wp:attachment":[{"href":"https:\/\/capturetheatlas.com\/es\/wp-json\/wp\/v2\/media?parent=54077"}],"curies":[{"name":"wp","href":"https:\/\/api.w.org\/{rel}","templated":true}]}}